{"id":65712,"date":"2025-03-28T09:51:09","date_gmt":"2025-03-28T08:51:09","guid":{"rendered":"https:\/\/skyddaskogen.se\/spenden\/"},"modified":"2025-11-13T13:42:45","modified_gmt":"2025-11-13T12:42:45","slug":"spenden","status":"publish","type":"page","link":"https:\/\/skyddaskogen.se\/de\/spenden\/","title":{"rendered":"Schenken Sie ein Geschenk"},"content":{"rendered":"\t\t<div data-elementor-type=\"wp-page\" data-elementor-id=\"65712\" class=\"elementor elementor-65712 elementor-36153\">\n\t\t\t\t<div class=\"elementor-element elementor-element-31a98964 e-flex e-con-boxed sc_layouts_column_icons_position_left e-con e-parent\" data-id=\"31a98964\" data-element_type=\"container\" data-e-type=\"container\">\n\t\t\t\t\t<div class=\"e-con-inner\">\n\t\t\t\t<div class=\"elementor-element elementor-element-799388f1 sc_fly_static elementor-widget elementor-widget-heading\" data-id=\"799388f1\" data-element_type=\"widget\" data-e-type=\"widget\" data-widget_type=\"heading.default\">\n\t\t\t\t<div class=\"elementor-widget-container\">\n\t\t\t\t\t<h1 class=\"elementor-heading-title elementor-size-default\">Schenken Sie ein Geschenk<\/h1>\t\t\t\t<\/div>\n\t\t\t\t<\/div>\n\t\t\t\t\t<\/div>\n\t\t\t\t<\/div>\n\t\t<div class=\"elementor-element elementor-element-78f27b07 e-flex e-con-boxed sc_layouts_column_icons_position_left e-con e-parent\" data-id=\"78f27b07\" data-element_type=\"container\" data-e-type=\"container\">\n\t\t\t\t\t<div class=\"e-con-inner\">\n\t\t\t\t<div class=\"elementor-element elementor-element-75aa2a8 sc_fly_static elementor-widget elementor-widget-spacer\" data-id=\"75aa2a8\" data-element_type=\"widget\" data-e-type=\"widget\" data-widget_type=\"spacer.default\">\n\t\t\t\t<div class=\"elementor-widget-container\">\n\t\t\t\t\t\t\t<div class=\"elementor-spacer\">\n\t\t\t<div class=\"elementor-spacer-inner\"><\/div>\n\t\t<\/div>\n\t\t\t\t\t\t<\/div>\n\t\t\t\t<\/div>\n\t\t\t\t<div class=\"elementor-element elementor-element-a598ba7 elementor-widget__width-initial sc_fly_static elementor-widget elementor-widget-image\" data-id=\"a598ba7\" data-element_type=\"widget\" data-e-type=\"widget\" data-widget_type=\"image.default\">\n\t\t\t\t<div class=\"elementor-widget-container\">\n\t\t\t\t\t\t\t\t\t\t\t\t\t\t\t<img fetchpriority=\"high\" decoding=\"async\" width=\"1024\" height=\"384\" src=\"https:\/\/skyddaskogen.se\/wp-content\/uploads\/2024\/05\/skyddaskogen.se-foreningen-skydda-skogen-1024x384.jpg\" class=\"attachment-large size-large wp-image-36191\" alt=\"\" srcset=\"https:\/\/skyddaskogen.se\/wp-content\/uploads\/2024\/05\/skyddaskogen.se-foreningen-skydda-skogen-1024x384.jpg 1024w, https:\/\/skyddaskogen.se\/wp-content\/uploads\/2024\/05\/skyddaskogen.se-foreningen-skydda-skogen-300x113.jpg 300w, https:\/\/skyddaskogen.se\/wp-content\/uploads\/2024\/05\/skyddaskogen.se-foreningen-skydda-skogen-768x288.jpg 768w, https:\/\/skyddaskogen.se\/wp-content\/uploads\/2024\/05\/skyddaskogen.se-foreningen-skydda-skogen-1536x576.jpg 1536w, https:\/\/skyddaskogen.se\/wp-content\/uploads\/2024\/05\/skyddaskogen.se-foreningen-skydda-skogen-370x139.jpg 370w, https:\/\/skyddaskogen.se\/wp-content\/uploads\/2024\/05\/skyddaskogen.se-foreningen-skydda-skogen-840x315.jpg 840w, https:\/\/skyddaskogen.se\/wp-content\/uploads\/2024\/05\/skyddaskogen.se-foreningen-skydda-skogen-410x154.jpg 410w, https:\/\/skyddaskogen.se\/wp-content\/uploads\/2024\/05\/skyddaskogen.se-foreningen-skydda-skogen.jpg 1920w\" sizes=\"(max-width: 1024px) 100vw, 1024px\" \/>\t\t\t\t\t\t\t\t\t\t\t\t\t\t\t<\/div>\n\t\t\t\t<\/div>\n\t\t\t\t<div class=\"elementor-element elementor-element-676e5b9f sc_fly_static elementor-widget elementor-widget-spacer\" data-id=\"676e5b9f\" data-element_type=\"widget\" data-e-type=\"widget\" data-widget_type=\"spacer.default\">\n\t\t\t\t<div class=\"elementor-widget-container\">\n\t\t\t\t\t\t\t<div class=\"elementor-spacer\">\n\t\t\t<div class=\"elementor-spacer-inner\"><\/div>\n\t\t<\/div>\n\t\t\t\t\t\t<\/div>\n\t\t\t\t<\/div>\n\t\t\t\t\t<\/div>\n\t\t\t\t<\/div>\n\t\t<div class=\"elementor-element elementor-element-533ca62 e-grid e-con-boxed sc_layouts_column_icons_position_left e-con e-parent\" data-id=\"533ca62\" data-element_type=\"container\" data-e-type=\"container\">\n\t\t\t\t\t<div class=\"e-con-inner\">\n\t\t\t\t<div class=\"elementor-element elementor-element-49e3cd17 sc_fly_static elementor-widget elementor-widget-text-editor\" data-id=\"49e3cd17\" data-element_type=\"widget\" data-e-type=\"widget\" data-widget_type=\"text-editor.default\">\n\t\t\t\t<div class=\"elementor-widget-container\">\n\t\t\t\t\t\t\t\t\t<h4><strong>Dein Geschenk rettet W\u00e4lder!<\/strong><\/h4><p>Die Aktivit\u00e4ten von Protect the Forest finanzieren sich ausschlie\u00dflich aus Spenden, Mitgliedereinnahmen und externen Projektmitteln.<\/p><p>Wir arbeiten sowohl international, national, regional als auch lokal. Durch die Verbreitung von Informationen, \u00f6ffentliche Aufkl\u00e4rung, Interessenvertretung und Debatte heben wir die biologische Vielfalt und die Vorteile der W\u00e4lder f\u00fcr das Klima hervor, sch\u00fctzen das Recht auf \u00f6ffentlichen Zugang und die Rechte der S\u00e1mi und betonen die Bedeutung der Klimasicherung der W\u00e4lder und des Schutzes vor Ausbeutung und Verarmung. <\/p>\t\t\t\t\t\t\t\t<\/div>\n\t\t\t\t<\/div>\n\t\t\t\t<div class=\"elementor-element elementor-element-663455d9 sc_fly_static elementor-widget elementor-widget-trx_sc_give\" data-id=\"663455d9\" data-element_type=\"widget\" data-e-type=\"widget\" data-widget_type=\"trx_sc_give.default\">\n\t\t\t\t<div class=\"elementor-widget-container\">\n\t\t\t\t\t<div class='root-data-givewp-embed' data-form-locale='de_DE' data-form-url='https:\/\/skyddaskogen.se\/?post_type=give_forms&amp;p=68217' data-form-view-url='https:\/\/skyddaskogen.se\/de\/?givewp-route=donation-form-view&amp;form-id=68217' data-src='https:\/\/skyddaskogen.se\/de\/?givewp-route=donation-form-view&amp;form-id=68217' data-givewp-embed-id='give-form-shortcode-1' data-form-format='' data-open-form-button='Jetzt spenden' style='--givewp-primary-color: #5e7e7e; --givewp-secondary-color: #000000;'><\/div>\t\t\t\t<\/div>\n\t\t\t\t<\/div>\n\t\t\t\t\t<\/div>\n\t\t\t\t<\/div>\n\t\t\t\t<\/div>\n\t\t","protected":false},"excerpt":{"rendered":"<p>Schenken Sie ein Geschenk Dein Geschenk rettet W\u00e4lder! Die Aktivit\u00e4ten von Protect the Forest finanzieren sich ausschlie\u00dflich aus Spenden, Mitgliedereinnahmen und externen Projektmitteln. Wir arbeiten sowohl international, national, regional als&hellip;<\/p>\n","protected":false},"author":32,"featured_media":0,"parent":0,"menu_order":0,"comment_status":"closed","ping_status":"closed","template":"","meta":{"give_campaign_id":0,"_price":"","_stock":"","_tribe_ticket_header":"","_tribe_default_ticket_provider":"","_tribe_ticket_capacity":"0","_ticket_start_date":"","_ticket_end_date":"","_tribe_ticket_show_description":"","_tribe_ticket_show_not_going":false,"_tribe_ticket_use_global_stock":"","_tribe_ticket_global_stock_level":"","_global_stock_mode":"","_global_stock_cap":"","_tribe_rsvp_for_event":"","_tribe_ticket_going_count":"","_tribe_ticket_not_going_count":"","_tribe_tickets_list":"[]","_tribe_ticket_has_attendee_info_fields":false,"footnotes":"","_tec_slr_enabled":"","_tec_slr_layout":""},"class_list":["post-65712","page","type-page","status-publish","hentry"],"yoast_head":"<!-- This site is optimized with the Yoast SEO plugin v27.4 - https:\/\/yoast.com\/product\/yoast-seo-wordpress\/ -->\n<title>Schenken Sie ein Geschenk - Sch\u00fczt den wald<\/title>\n<meta name=\"robots\" content=\"index, follow, max-snippet:-1, max-image-preview:large, max-video-preview:-1\" \/>\n<link rel=\"canonical\" href=\"https:\/\/skyddaskogen.se\/de\/spenden\/\" \/>\n<meta property=\"og:locale\" content=\"de_DE\" \/>\n<meta property=\"og:type\" content=\"article\" \/>\n<meta property=\"og:title\" content=\"Schenken Sie ein Geschenk - Sch\u00fczt den wald\" \/>\n<meta property=\"og:description\" content=\"Schenken Sie ein Geschenk Dein Geschenk rettet W\u00e4lder! Die Aktivit\u00e4ten von Protect the Forest finanzieren sich ausschlie\u00dflich aus Spenden, Mitgliedereinnahmen und externen Projektmitteln. Wir arbeiten sowohl international, national, regional als&hellip;\" \/>\n<meta property=\"og:url\" content=\"https:\/\/skyddaskogen.se\/de\/spenden\/\" \/>\n<meta property=\"og:site_name\" content=\"Sch\u00fczt den wald\" \/>\n<meta property=\"article:publisher\" content=\"https:\/\/www.facebook.com\/groups\/54996954022\/\" \/>\n<meta property=\"article:modified_time\" content=\"2025-11-13T12:42:45+00:00\" \/>\n<meta property=\"og:image\" content=\"https:\/\/skyddaskogen.se\/wp-content\/uploads\/2024\/05\/skyddaskogen.se-foreningen-skydda-skogen.jpg\" \/>\n\t<meta property=\"og:image:width\" content=\"1920\" \/>\n\t<meta property=\"og:image:height\" content=\"720\" \/>\n\t<meta property=\"og:image:type\" content=\"image\/jpeg\" \/>\n<meta name=\"twitter:card\" content=\"summary_large_image\" \/>\n<meta name=\"twitter:site\" content=\"@skyddaskogen\" \/>\n<meta name=\"twitter:label1\" content=\"Gesch\u00e4tzte Lesezeit\" \/>\n\t<meta name=\"twitter:data1\" content=\"1\u00a0Minute\" \/>\n<script type=\"application\/ld+json\" class=\"yoast-schema-graph\">{\"@context\":\"https:\\\/\\\/schema.org\",\"@graph\":[{\"@type\":\"WebPage\",\"@id\":\"https:\\\/\\\/skyddaskogen.se\\\/de\\\/spenden\\\/\",\"url\":\"https:\\\/\\\/skyddaskogen.se\\\/de\\\/spenden\\\/\",\"name\":\"Schenken Sie ein Geschenk - Sch\u00fczt den wald\",\"isPartOf\":{\"@id\":\"https:\\\/\\\/skyddaskogen.se\\\/#website\"},\"primaryImageOfPage\":{\"@id\":\"https:\\\/\\\/skyddaskogen.se\\\/de\\\/spenden\\\/#primaryimage\"},\"image\":{\"@id\":\"https:\\\/\\\/skyddaskogen.se\\\/de\\\/spenden\\\/#primaryimage\"},\"thumbnailUrl\":\"https:\\\/\\\/skyddaskogen.se\\\/wp-content\\\/uploads\\\/2024\\\/05\\\/skyddaskogen.se-foreningen-skydda-skogen-1024x384.jpg\",\"datePublished\":\"2025-03-28T08:51:09+00:00\",\"dateModified\":\"2025-11-13T12:42:45+00:00\",\"breadcrumb\":{\"@id\":\"https:\\\/\\\/skyddaskogen.se\\\/de\\\/spenden\\\/#breadcrumb\"},\"inLanguage\":\"de\",\"potentialAction\":[{\"@type\":\"ReadAction\",\"target\":[\"https:\\\/\\\/skyddaskogen.se\\\/de\\\/spenden\\\/\"]}]},{\"@type\":\"ImageObject\",\"inLanguage\":\"de\",\"@id\":\"https:\\\/\\\/skyddaskogen.se\\\/de\\\/spenden\\\/#primaryimage\",\"url\":\"https:\\\/\\\/skyddaskogen.se\\\/wp-content\\\/uploads\\\/2024\\\/05\\\/skyddaskogen.se-foreningen-skydda-skogen-1024x384.jpg\",\"contentUrl\":\"https:\\\/\\\/skyddaskogen.se\\\/wp-content\\\/uploads\\\/2024\\\/05\\\/skyddaskogen.se-foreningen-skydda-skogen-1024x384.jpg\"},{\"@type\":\"BreadcrumbList\",\"@id\":\"https:\\\/\\\/skyddaskogen.se\\\/de\\\/spenden\\\/#breadcrumb\",\"itemListElement\":[{\"@type\":\"ListItem\",\"position\":1,\"name\":\"Home\",\"item\":\"https:\\\/\\\/skyddaskogen.se\\\/de\\\/schutzen-sie-den-wald\\\/\"},{\"@type\":\"ListItem\",\"position\":2,\"name\":\"Schenken Sie ein Geschenk\"}]},{\"@type\":\"WebSite\",\"@id\":\"https:\\\/\\\/skyddaskogen.se\\\/#website\",\"url\":\"https:\\\/\\\/skyddaskogen.se\\\/\",\"name\":\"Skydda Skogen\",\"description\":\"Zum Schutz alter W\u00e4lder und nat\u00fcrlicher Bauernh\u00f6fe\",\"publisher\":{\"@id\":\"https:\\\/\\\/skyddaskogen.se\\\/#organization\"},\"potentialAction\":[{\"@type\":\"SearchAction\",\"target\":{\"@type\":\"EntryPoint\",\"urlTemplate\":\"https:\\\/\\\/skyddaskogen.se\\\/?s={search_term_string}\"},\"query-input\":{\"@type\":\"PropertyValueSpecification\",\"valueRequired\":true,\"valueName\":\"search_term_string\"}}],\"inLanguage\":\"de\"},{\"@type\":\"Organization\",\"@id\":\"https:\\\/\\\/skyddaskogen.se\\\/#organization\",\"name\":\"Skydda Skogen\",\"url\":\"https:\\\/\\\/skyddaskogen.se\\\/\",\"logo\":{\"@type\":\"ImageObject\",\"inLanguage\":\"de\",\"@id\":\"https:\\\/\\\/skyddaskogen.se\\\/#\\\/schema\\\/logo\\\/image\\\/\",\"url\":\"https:\\\/\\\/skyddaskogen.se\\\/wp-content\\\/uploads\\\/2020\\\/09\\\/skyddaskogen.se_favicon-1.png\",\"contentUrl\":\"https:\\\/\\\/skyddaskogen.se\\\/wp-content\\\/uploads\\\/2020\\\/09\\\/skyddaskogen.se_favicon-1.png\",\"width\":256,\"height\":256,\"caption\":\"Skydda Skogen\"},\"image\":{\"@id\":\"https:\\\/\\\/skyddaskogen.se\\\/#\\\/schema\\\/logo\\\/image\\\/\"},\"sameAs\":[\"https:\\\/\\\/www.facebook.com\\\/groups\\\/54996954022\\\/\",\"https:\\\/\\\/x.com\\\/skyddaskogen\",\"https:\\\/\\\/www.instagram.com\\\/skyddaskogen\\\/\",\"https:\\\/\\\/www.youtube.com\\\/channel\\\/UCHJVIc9sptUj-qPek3Imitw\"]}]}<\/script>\n<!-- \/ Yoast SEO plugin. -->","yoast_head_json":{"title":"Schenken Sie ein Geschenk - Sch\u00fczt den wald","robots":{"index":"index","follow":"follow","max-snippet":"max-snippet:-1","max-image-preview":"max-image-preview:large","max-video-preview":"max-video-preview:-1"},"canonical":"https:\/\/skyddaskogen.se\/de\/spenden\/","og_locale":"de_DE","og_type":"article","og_title":"Schenken Sie ein Geschenk - Sch\u00fczt den wald","og_description":"Schenken Sie ein Geschenk Dein Geschenk rettet W\u00e4lder! Die Aktivit\u00e4ten von Protect the Forest finanzieren sich ausschlie\u00dflich aus Spenden, Mitgliedereinnahmen und externen Projektmitteln. Wir arbeiten sowohl international, national, regional als&hellip;","og_url":"https:\/\/skyddaskogen.se\/de\/spenden\/","og_site_name":"Sch\u00fczt den wald","article_publisher":"https:\/\/www.facebook.com\/groups\/54996954022\/","article_modified_time":"2025-11-13T12:42:45+00:00","og_image":[{"width":1920,"height":720,"url":"https:\/\/skyddaskogen.se\/wp-content\/uploads\/2024\/05\/skyddaskogen.se-foreningen-skydda-skogen.jpg","type":"image\/jpeg"}],"twitter_card":"summary_large_image","twitter_site":"@skyddaskogen","twitter_misc":{"Gesch\u00e4tzte Lesezeit":"1\u00a0Minute"},"schema":{"@context":"https:\/\/schema.org","@graph":[{"@type":"WebPage","@id":"https:\/\/skyddaskogen.se\/de\/spenden\/","url":"https:\/\/skyddaskogen.se\/de\/spenden\/","name":"Schenken Sie ein Geschenk - Sch\u00fczt den wald","isPartOf":{"@id":"https:\/\/skyddaskogen.se\/#website"},"primaryImageOfPage":{"@id":"https:\/\/skyddaskogen.se\/de\/spenden\/#primaryimage"},"image":{"@id":"https:\/\/skyddaskogen.se\/de\/spenden\/#primaryimage"},"thumbnailUrl":"https:\/\/skyddaskogen.se\/wp-content\/uploads\/2024\/05\/skyddaskogen.se-foreningen-skydda-skogen-1024x384.jpg","datePublished":"2025-03-28T08:51:09+00:00","dateModified":"2025-11-13T12:42:45+00:00","breadcrumb":{"@id":"https:\/\/skyddaskogen.se\/de\/spenden\/#breadcrumb"},"inLanguage":"de","potentialAction":[{"@type":"ReadAction","target":["https:\/\/skyddaskogen.se\/de\/spenden\/"]}]},{"@type":"ImageObject","inLanguage":"de","@id":"https:\/\/skyddaskogen.se\/de\/spenden\/#primaryimage","url":"https:\/\/skyddaskogen.se\/wp-content\/uploads\/2024\/05\/skyddaskogen.se-foreningen-skydda-skogen-1024x384.jpg","contentUrl":"https:\/\/skyddaskogen.se\/wp-content\/uploads\/2024\/05\/skyddaskogen.se-foreningen-skydda-skogen-1024x384.jpg"},{"@type":"BreadcrumbList","@id":"https:\/\/skyddaskogen.se\/de\/spenden\/#breadcrumb","itemListElement":[{"@type":"ListItem","position":1,"name":"Home","item":"https:\/\/skyddaskogen.se\/de\/schutzen-sie-den-wald\/"},{"@type":"ListItem","position":2,"name":"Schenken Sie ein Geschenk"}]},{"@type":"WebSite","@id":"https:\/\/skyddaskogen.se\/#website","url":"https:\/\/skyddaskogen.se\/","name":"Skydda Skogen","description":"Zum Schutz alter W\u00e4lder und nat\u00fcrlicher Bauernh\u00f6fe","publisher":{"@id":"https:\/\/skyddaskogen.se\/#organization"},"potentialAction":[{"@type":"SearchAction","target":{"@type":"EntryPoint","urlTemplate":"https:\/\/skyddaskogen.se\/?s={search_term_string}"},"query-input":{"@type":"PropertyValueSpecification","valueRequired":true,"valueName":"search_term_string"}}],"inLanguage":"de"},{"@type":"Organization","@id":"https:\/\/skyddaskogen.se\/#organization","name":"Skydda Skogen","url":"https:\/\/skyddaskogen.se\/","logo":{"@type":"ImageObject","inLanguage":"de","@id":"https:\/\/skyddaskogen.se\/#\/schema\/logo\/image\/","url":"https:\/\/skyddaskogen.se\/wp-content\/uploads\/2020\/09\/skyddaskogen.se_favicon-1.png","contentUrl":"https:\/\/skyddaskogen.se\/wp-content\/uploads\/2020\/09\/skyddaskogen.se_favicon-1.png","width":256,"height":256,"caption":"Skydda Skogen"},"image":{"@id":"https:\/\/skyddaskogen.se\/#\/schema\/logo\/image\/"},"sameAs":["https:\/\/www.facebook.com\/groups\/54996954022\/","https:\/\/x.com\/skyddaskogen","https:\/\/www.instagram.com\/skyddaskogen\/","https:\/\/www.youtube.com\/channel\/UCHJVIc9sptUj-qPek3Imitw"]}]}},"campaignId":"","ticketed":false,"_links":{"self":[{"href":"https:\/\/skyddaskogen.se\/de\/wp-json\/wp\/v2\/pages\/65712","targetHints":{"allow":["GET"]}}],"collection":[{"href":"https:\/\/skyddaskogen.se\/de\/wp-json\/wp\/v2\/pages"}],"about":[{"href":"https:\/\/skyddaskogen.se\/de\/wp-json\/wp\/v2\/types\/page"}],"author":[{"embeddable":true,"href":"https:\/\/skyddaskogen.se\/de\/wp-json\/wp\/v2\/users\/32"}],"replies":[{"embeddable":true,"href":"https:\/\/skyddaskogen.se\/de\/wp-json\/wp\/v2\/comments?post=65712"}],"version-history":[{"count":10,"href":"https:\/\/skyddaskogen.se\/de\/wp-json\/wp\/v2\/pages\/65712\/revisions"}],"predecessor-version":[{"id":68226,"href":"https:\/\/skyddaskogen.se\/de\/wp-json\/wp\/v2\/pages\/65712\/revisions\/68226"}],"wp:attachment":[{"href":"https:\/\/skyddaskogen.se\/de\/wp-json\/wp\/v2\/media?parent=65712"}],"curies":[{"name":"wp","href":"https:\/\/api.w.org\/{rel}","templated":true}]}}