{"id":65719,"date":"2025-03-28T09:51:17","date_gmt":"2025-03-28T08:51:17","guid":{"rendered":"https:\/\/skyddaskogen.se\/unsere-ziele\/"},"modified":"2025-11-12T18:51:01","modified_gmt":"2025-11-12T17:51:01","slug":"unsere-ziele","status":"publish","type":"page","link":"https:\/\/skyddaskogen.se\/de\/unsere-ziele\/","title":{"rendered":"Unsere Ziele"},"content":{"rendered":"\t\t<div data-elementor-type=\"wp-page\" data-elementor-id=\"65719\" class=\"elementor elementor-65719 elementor-36301\">\n\t\t\t\t<div class=\"elementor-element elementor-element-a6a38c1 e-flex e-con-boxed sc_layouts_column_icons_position_left e-con e-parent\" data-id=\"a6a38c1\" data-element_type=\"container\" data-e-type=\"container\">\n\t\t\t\t\t<div class=\"e-con-inner\">\n\t\t\t\t<div class=\"elementor-element elementor-element-fa4704a sc_fly_static elementor-widget elementor-widget-trx_sc_title\" data-id=\"fa4704a\" data-element_type=\"widget\" data-e-type=\"widget\" data-widget_type=\"trx_sc_title.default\">\n\t\t\t\t<div class=\"elementor-widget-container\">\n\t\t\t\t\t<div\t\tclass=\"sc_title sc_title_default\" ><h1 class=\"sc_item_title sc_title_title sc_item_title_style_default sc_item_title_tag\"\n\t\t\t><span class=\"sc_item_title_text\">Unsere Ziele<\/span><\/h1><\/div>\t\t\t\t<\/div>\n\t\t\t\t<\/div>\n\t\t\t\t\t<\/div>\n\t\t\t\t<\/div>\n\t\t<div class=\"elementor-element elementor-element-2cedb69 e-flex e-con-boxed sc_layouts_column_icons_position_left e-con e-parent\" data-id=\"2cedb69\" data-element_type=\"container\" data-e-type=\"container\">\n\t\t\t\t\t<div class=\"e-con-inner\">\n\t\t<div class=\"elementor-element elementor-element-c432718 e-con-full e-flex sc_layouts_column_icons_position_left e-con e-child\" data-id=\"c432718\" data-element_type=\"container\" data-e-type=\"container\">\n\t\t\t\t<div class=\"elementor-element elementor-element-f95a1f3 sc_fly_static elementor-widget elementor-widget-spacer\" data-id=\"f95a1f3\" data-element_type=\"widget\" data-e-type=\"widget\" data-widget_type=\"spacer.default\">\n\t\t\t\t<div class=\"elementor-widget-container\">\n\t\t\t\t\t\t\t<div class=\"elementor-spacer\">\n\t\t\t<div class=\"elementor-spacer-inner\"><\/div>\n\t\t<\/div>\n\t\t\t\t\t\t<\/div>\n\t\t\t\t<\/div>\n\t\t\t\t<\/div>\n\t\t\t\t\t<\/div>\n\t\t\t\t<\/div>\n\t\t<div class=\"e-con-gap-no elementor-element elementor-element-477e6dc e-flex e-con-boxed sc_layouts_column_icons_position_left e-con e-parent\" data-id=\"477e6dc\" data-element_type=\"container\" data-e-type=\"container\">\n\t\t\t\t\t<div class=\"e-con-inner\">\n\t\t\t\t\t<\/div>\n\t\t\t\t<\/div>\n\t\t<div class=\"elementor-element elementor-element-8cb88c8 e-flex e-con-boxed sc_layouts_column_icons_position_left e-con e-parent\" data-id=\"8cb88c8\" data-element_type=\"container\" data-e-type=\"container\">\n\t\t\t\t\t<div class=\"e-con-inner\">\n\t\t<div class=\"elementor-element elementor-element-6211ac3 e-con-full e-flex sc_layouts_column_icons_position_left e-con e-child\" data-id=\"6211ac3\" data-element_type=\"container\" data-e-type=\"container\">\n\t\t\t\t<div class=\"elementor-element elementor-element-3a9d937 sc_fly_static elementor-widget elementor-widget-text-editor\" data-id=\"3a9d937\" data-element_type=\"widget\" data-e-type=\"widget\" data-widget_type=\"text-editor.default\">\n\t\t\t\t<div class=\"elementor-widget-container\">\n\t\t\t\t\t\t\t\t\t<div style=\"font-family: Nunito, sans-serif; font-size: 17px; font-weight: 400; font-style: normal; letter-spacing: 0.1px;\">\n<p style=\"font-size: 17px; line-height: inherit; margin-top: 0px;\"><strong style=\"font-size: 17px;\">Laut Satzung des Vereins setzt sich Protect the Forest f\u00fcr Folgendes ein<\/strong>:<\/p>\n<\/div>\n<ul style=\"font-family: Nunito, sans-serif; font-size: 17px; font-weight: 400; font-style: normal; margin-top: 0px; margin-bottom: 0px; letter-spacing: 0.1px;\">\n<li style=\"font-size: 17px;\">Schutz von W\u00e4ldern mit hohem Erhaltungswert sowie Erhaltung und Entwicklung, einschlie\u00dflich Wiederherstellung der biologischen Vielfalt in Wald- und Baumumwelten.<\/li>\n<li style=\"font-size: 17px;\">Reform der Forstwirtschaft hin zu einer langfristig \u00f6kologisch und sozial nachhaltigen Mehrfachnutzung, bei der die Sorge um die Umwelt Vorrang vor der Produktion hat.<\/li>\n<li style=\"font-size: 17px;\">Um der Klimakrise entgegenzuwirken, wo sie sich mit Waldfragen \u00fcberschneidet.<\/li>\n<\/ul>\n<p><strong><br>Protect the Forest will:<\/strong>\n<\/p><ul>\n  <li>\n  Mindestens 30 % des produktiven Waldes unterhalb der Grenze der Bergw\u00e4lder werden in \u00f6kologisch repr\u00e4sentativen und vernetzten Gebieten dauerhaft gesch\u00fctzt, wodurch auch wichtige Kohlenstoffvorr\u00e4te f\u00fcr das Klima erhalten bleiben. Um dieses Ziel zu erreichen: \n    <ul>\n      <li>Alle W\u00e4lder mit hohem Schutzwert sind gesch\u00fctzt<\/li>\n      <li>W\u00e4lder werden wiederhergestellt<\/li>\n    <\/ul>\n  <\/li>\n  <li>Dass der Bergwald als Ganzes gesch\u00fctzt wird<\/li>\n  <li>\n  Dass W\u00e4lder, die wiederhergestellt werden, gesch\u00fctzt und funktional verwaltet werden m\u00fcssen, um\n    <ul>\n      <li>ahmen die nat\u00fcrlichen Prozesse nat\u00fcrlicher W\u00e4lder nach<\/li>\n      <li>Unterst\u00fctzen Sie die Vielfalt der Value Cores<\/li>\n      <li>Entwicklung der Vielfalt auf Bezirksebene<\/li>\n    <\/ul>\n  <\/li>\n  <li>\n  Gesch\u00fctzte Naturw\u00e4lder sollten sich durch nat\u00fcrliche Prozesse und gegebenenfalls durch kontrolliertes Abbrennen frei entwickeln. Andere manuelle Bewirtschaftungen sollten nur zur Wiederherstellung und Erhaltung nat\u00fcrlicher Werte in wiederhergestellten und kulturell gepr\u00e4gten W\u00e4ldern erfolgen. \n  <\/li>\n  <li>Dass alte B\u00e4ume in allen Umgebungen erhalten bleiben<\/li>\n  <li>Dass verwilderte Weiden mit altem Baumbestand durch Tradition wiederhergestellt und erhalten werden<\/li>\n  <li>Dass Arten auf der Roten Liste und Arten, die keinen g\u00fcnstigen Erhaltungszustand haben, gesch\u00fctzt werden<\/li>\n  <li>Dass die heute vorherrschenden Waldbewirtschaftungsmethoden mit Kahlschlag, Bodenbearbeitung und Pflanzung von Monokulturen durch eine naturnahe Forstwirtschaft ersetzt werden<\/li>\n  <li>Die Nutzung von Forstprodukten innerhalb der planetaren Grenzen halten, was unter anderem eine deutliche Reduzierung kurzlebiger Produkte und die Abschaffung von Subventionen f\u00fcr forstliche Biokraftstoffe und Bioenergie bedeutet<\/li>\n  <li>Dass die Werte des Waldes f\u00fcr die Mehrfachnutzung gesch\u00fctzt werden, wie z.B. Rentierzucht, Pilz- und Beerensammeln, \u00d6kotourismus und vieles mehr.<\/li>\n  <li>Dass die Werte des Waldes f\u00fcr das Leben im Freien, die Gesundheit und die Naturerlebnisse der Menschen erhalten bleiben<\/li>\n<\/ul>\n\n\n\n<p><b style=\"font-family: inherit; font-style: inherit; letter-spacing: 0.1px;\">Der <a href=\"https:\/\/www.swedishforestvision.org\" target=\"_blank\" rel=\"noopener\">www.swedishforestvision.org<\/a> bietet zus\u00e4tzliche Informationen mit detaillierteren Erkl\u00e4rungen.<\/b><\/p>\t\t\t\t\t\t\t\t<\/div>\n\t\t\t\t<\/div>\n\t\t\t\t<\/div>\n\t\t<div class=\"elementor-element elementor-element-c7773c5 e-con-full e-flex sc_layouts_column_icons_position_left e-con e-child\" data-id=\"c7773c5\" data-element_type=\"container\" data-e-type=\"container\">\n\t\t<div class=\"elementor-element elementor-element-e045c48 e-con-full e-flex sc_layouts_column_icons_position_left e-con e-child\" data-id=\"e045c48\" data-element_type=\"container\" data-e-type=\"container\">\n\t\t\t\t<div class=\"elementor-element elementor-element-049d02e sc_fly_static elementor-widget elementor-widget-image\" data-id=\"049d02e\" data-element_type=\"widget\" data-e-type=\"widget\" data-widget_type=\"image.default\">\n\t\t\t\t<div class=\"elementor-widget-container\">\n\t\t\t\t\t\t\t\t\t\t\t\t\t\t\t<img decoding=\"async\" src=\"https:\/\/skyddaskogen.se\/wp-content\/uploads\/elementor\/thumbs\/sjo-och-skog-naturskog-orebro-lan-qoviszagc2tzvmrc0p78jt4n1nt8c50flfj8vsvvuk.jpg\" title=\"Sjo_och_skog_naturskog_orebro_lan\" alt=\"Sjo_och_skog_naturskog_orebro_lan\" loading=\"lazy\" \/>\t\t\t\t\t\t\t\t\t\t\t\t\t\t\t<\/div>\n\t\t\t\t<\/div>\n\t\t\t\t<\/div>\n\t\t<div class=\"elementor-element elementor-element-26f9a00 e-con-full e-flex sc_layouts_column_icons_position_left e-con e-child\" data-id=\"26f9a00\" data-element_type=\"container\" data-e-type=\"container\">\n\t\t\t\t<div class=\"elementor-element elementor-element-a9dbad8 sc_fly_static elementor-widget elementor-widget-image\" data-id=\"a9dbad8\" data-element_type=\"widget\" data-e-type=\"widget\" data-widget_type=\"image.default\">\n\t\t\t\t<div class=\"elementor-widget-container\">\n\t\t\t\t\t\t\t\t\t\t\t\t\t\t\t<img fetchpriority=\"high\" decoding=\"async\" width=\"709\" height=\"533\" src=\"https:\/\/skyddaskogen.se\/wp-content\/uploads\/2012\/03\/skyddaskogen.se_bruna-bergenolliweb.jpg\" class=\"attachment-large size-large wp-image-11217\" alt=\"Alter Kiefern-Naturwald in den Braunen Bergen\/Breven, Kiefernw\u00e4lder mit reicher Artenvielfalt und bedrohten Arten. Foto: Olli Manninen\" srcset=\"https:\/\/skyddaskogen.se\/wp-content\/uploads\/2012\/03\/skyddaskogen.se_bruna-bergenolliweb.jpg 709w, https:\/\/skyddaskogen.se\/wp-content\/uploads\/2012\/03\/skyddaskogen.se_bruna-bergenolliweb-300x226.jpg 300w\" sizes=\"(max-width: 709px) 100vw, 709px\" \/>\t\t\t\t\t\t\t\t\t\t\t\t\t\t\t<\/div>\n\t\t\t\t<\/div>\n\t\t\t\t<\/div>\n\t\t<div class=\"elementor-element elementor-element-383c540 e-con-full e-flex sc_layouts_column_icons_position_left e-con e-child\" data-id=\"383c540\" data-element_type=\"container\" data-e-type=\"container\">\n\t\t\t\t<div class=\"elementor-element elementor-element-0b97d18 sc_fly_static elementor-widget elementor-widget-image\" data-id=\"0b97d18\" data-element_type=\"widget\" data-e-type=\"widget\" data-widget_type=\"image.default\">\n\t\t\t\t<div class=\"elementor-widget-container\">\n\t\t\t\t\t\t\t\t\t\t\t\t\t\t\t<img decoding=\"async\" width=\"1\" height=\"1\" src=\"https:\/\/skyddaskogen.se\/wp-content\/uploads\/2021\/08\/cropped-joacim-bohlander-mg1xk9i0yeu-unsplash-scaled-1.jpg\" class=\"attachment-large size-large wp-image-65177\" alt=\"\" \/>\t\t\t\t\t\t\t\t\t\t\t\t\t\t\t<\/div>\n\t\t\t\t<\/div>\n\t\t\t\t<\/div>\n\t\t\t\t<\/div>\n\t\t\t\t\t<\/div>\n\t\t\t\t<\/div>\n\t\t\t\t<\/div>\n\t\t","protected":false},"excerpt":{"rendered":"<p>Unsere Ziele Laut Satzung des Vereins setzt sich Protect the Forest f\u00fcr Folgendes ein: Schutz von W\u00e4ldern mit hohem Erhaltungswert sowie Erhaltung und Entwicklung, einschlie\u00dflich Wiederherstellung der biologischen Vielfalt in&hellip;<\/p>\n","protected":false},"author":32,"featured_media":0,"parent":0,"menu_order":0,"comment_status":"closed","ping_status":"closed","template":"","meta":{"give_campaign_id":0,"_price":"","_stock":"","_tribe_ticket_header":"","_tribe_default_ticket_provider":"","_tribe_ticket_capacity":"0","_ticket_start_date":"","_ticket_end_date":"","_tribe_ticket_show_description":"","_tribe_ticket_show_not_going":false,"_tribe_ticket_use_global_stock":"","_tribe_ticket_global_stock_level":"","_global_stock_mode":"","_global_stock_cap":"","_tribe_rsvp_for_event":"","_tribe_ticket_going_count":"","_tribe_ticket_not_going_count":"","_tribe_tickets_list":"[]","_tribe_ticket_has_attendee_info_fields":false,"footnotes":"","_tec_slr_enabled":"","_tec_slr_layout":""},"class_list":["post-65719","page","type-page","status-publish","hentry"],"yoast_head":"<!-- This site is optimized with the Yoast SEO plugin v27.4 - https:\/\/yoast.com\/product\/yoast-seo-wordpress\/ -->\n<title>Unsere Ziele - Sch\u00fczt den wald<\/title>\n<meta name=\"robots\" content=\"index, follow, max-snippet:-1, max-image-preview:large, max-video-preview:-1\" \/>\n<link rel=\"canonical\" href=\"https:\/\/skyddaskogen.se\/de\/unsere-ziele\/\" \/>\n<meta property=\"og:locale\" content=\"de_DE\" \/>\n<meta property=\"og:type\" content=\"article\" \/>\n<meta property=\"og:title\" content=\"Unsere Ziele - Sch\u00fczt den wald\" \/>\n<meta property=\"og:description\" content=\"Unsere Ziele Laut Satzung des Vereins setzt sich Protect the Forest f\u00fcr Folgendes ein: Schutz von W\u00e4ldern mit hohem Erhaltungswert sowie Erhaltung und Entwicklung, einschlie\u00dflich Wiederherstellung der biologischen Vielfalt in&hellip;\" \/>\n<meta property=\"og:url\" content=\"https:\/\/skyddaskogen.se\/de\/unsere-ziele\/\" \/>\n<meta property=\"og:site_name\" content=\"Sch\u00fczt den wald\" \/>\n<meta property=\"article:publisher\" content=\"https:\/\/www.facebook.com\/groups\/54996954022\/\" \/>\n<meta property=\"article:modified_time\" content=\"2025-11-12T17:51:01+00:00\" \/>\n<meta property=\"og:image\" content=\"https:\/\/skyddaskogen.se\/wp-content\/uploads\/elementor\/thumbs\/sjo-och-skog-naturskog-orebro-lan-qoviszagc2tzvmrc0p78jt4n1nt8c50flfj8vsvvuk.jpg\" \/>\n<meta name=\"twitter:card\" content=\"summary_large_image\" \/>\n<meta name=\"twitter:site\" content=\"@skyddaskogen\" \/>\n<meta name=\"twitter:label1\" content=\"Gesch\u00e4tzte Lesezeit\" \/>\n\t<meta name=\"twitter:data1\" content=\"2\u00a0Minuten\" \/>\n<script type=\"application\/ld+json\" class=\"yoast-schema-graph\">{\"@context\":\"https:\\\/\\\/schema.org\",\"@graph\":[{\"@type\":\"WebPage\",\"@id\":\"https:\\\/\\\/skyddaskogen.se\\\/de\\\/unsere-ziele\\\/\",\"url\":\"https:\\\/\\\/skyddaskogen.se\\\/de\\\/unsere-ziele\\\/\",\"name\":\"Unsere Ziele - Sch\u00fczt den wald\",\"isPartOf\":{\"@id\":\"https:\\\/\\\/skyddaskogen.se\\\/#website\"},\"primaryImageOfPage\":{\"@id\":\"https:\\\/\\\/skyddaskogen.se\\\/de\\\/unsere-ziele\\\/#primaryimage\"},\"image\":{\"@id\":\"https:\\\/\\\/skyddaskogen.se\\\/de\\\/unsere-ziele\\\/#primaryimage\"},\"thumbnailUrl\":\"https:\\\/\\\/skyddaskogen.se\\\/wp-content\\\/uploads\\\/elementor\\\/thumbs\\\/sjo-och-skog-naturskog-orebro-lan-qoviszagc2tzvmrc0p78jt4n1nt8c50flfj8vsvvuk.jpg\",\"datePublished\":\"2025-03-28T08:51:17+00:00\",\"dateModified\":\"2025-11-12T17:51:01+00:00\",\"breadcrumb\":{\"@id\":\"https:\\\/\\\/skyddaskogen.se\\\/de\\\/unsere-ziele\\\/#breadcrumb\"},\"inLanguage\":\"de\",\"potentialAction\":[{\"@type\":\"ReadAction\",\"target\":[\"https:\\\/\\\/skyddaskogen.se\\\/de\\\/unsere-ziele\\\/\"]}]},{\"@type\":\"ImageObject\",\"inLanguage\":\"de\",\"@id\":\"https:\\\/\\\/skyddaskogen.se\\\/de\\\/unsere-ziele\\\/#primaryimage\",\"url\":\"https:\\\/\\\/skyddaskogen.se\\\/wp-content\\\/uploads\\\/elementor\\\/thumbs\\\/sjo-och-skog-naturskog-orebro-lan-qoviszagc2tzvmrc0p78jt4n1nt8c50flfj8vsvvuk.jpg\",\"contentUrl\":\"https:\\\/\\\/skyddaskogen.se\\\/wp-content\\\/uploads\\\/elementor\\\/thumbs\\\/sjo-och-skog-naturskog-orebro-lan-qoviszagc2tzvmrc0p78jt4n1nt8c50flfj8vsvvuk.jpg\"},{\"@type\":\"BreadcrumbList\",\"@id\":\"https:\\\/\\\/skyddaskogen.se\\\/de\\\/unsere-ziele\\\/#breadcrumb\",\"itemListElement\":[{\"@type\":\"ListItem\",\"position\":1,\"name\":\"Home\",\"item\":\"https:\\\/\\\/skyddaskogen.se\\\/de\\\/schutzen-sie-den-wald\\\/\"},{\"@type\":\"ListItem\",\"position\":2,\"name\":\"Unsere Ziele\"}]},{\"@type\":\"WebSite\",\"@id\":\"https:\\\/\\\/skyddaskogen.se\\\/#website\",\"url\":\"https:\\\/\\\/skyddaskogen.se\\\/\",\"name\":\"Skydda Skogen\",\"description\":\"Zum Schutz alter W\u00e4lder und nat\u00fcrlicher Bauernh\u00f6fe\",\"publisher\":{\"@id\":\"https:\\\/\\\/skyddaskogen.se\\\/#organization\"},\"potentialAction\":[{\"@type\":\"SearchAction\",\"target\":{\"@type\":\"EntryPoint\",\"urlTemplate\":\"https:\\\/\\\/skyddaskogen.se\\\/?s={search_term_string}\"},\"query-input\":{\"@type\":\"PropertyValueSpecification\",\"valueRequired\":true,\"valueName\":\"search_term_string\"}}],\"inLanguage\":\"de\"},{\"@type\":\"Organization\",\"@id\":\"https:\\\/\\\/skyddaskogen.se\\\/#organization\",\"name\":\"Skydda Skogen\",\"url\":\"https:\\\/\\\/skyddaskogen.se\\\/\",\"logo\":{\"@type\":\"ImageObject\",\"inLanguage\":\"de\",\"@id\":\"https:\\\/\\\/skyddaskogen.se\\\/#\\\/schema\\\/logo\\\/image\\\/\",\"url\":\"https:\\\/\\\/skyddaskogen.se\\\/wp-content\\\/uploads\\\/2020\\\/09\\\/skyddaskogen.se_favicon-1.png\",\"contentUrl\":\"https:\\\/\\\/skyddaskogen.se\\\/wp-content\\\/uploads\\\/2020\\\/09\\\/skyddaskogen.se_favicon-1.png\",\"width\":256,\"height\":256,\"caption\":\"Skydda Skogen\"},\"image\":{\"@id\":\"https:\\\/\\\/skyddaskogen.se\\\/#\\\/schema\\\/logo\\\/image\\\/\"},\"sameAs\":[\"https:\\\/\\\/www.facebook.com\\\/groups\\\/54996954022\\\/\",\"https:\\\/\\\/x.com\\\/skyddaskogen\",\"https:\\\/\\\/www.instagram.com\\\/skyddaskogen\\\/\",\"https:\\\/\\\/www.youtube.com\\\/channel\\\/UCHJVIc9sptUj-qPek3Imitw\"]}]}<\/script>\n<!-- \/ Yoast SEO plugin. -->","yoast_head_json":{"title":"Unsere Ziele - Sch\u00fczt den wald","robots":{"index":"index","follow":"follow","max-snippet":"max-snippet:-1","max-image-preview":"max-image-preview:large","max-video-preview":"max-video-preview:-1"},"canonical":"https:\/\/skyddaskogen.se\/de\/unsere-ziele\/","og_locale":"de_DE","og_type":"article","og_title":"Unsere Ziele - Sch\u00fczt den wald","og_description":"Unsere Ziele Laut Satzung des Vereins setzt sich Protect the Forest f\u00fcr Folgendes ein: Schutz von W\u00e4ldern mit hohem Erhaltungswert sowie Erhaltung und Entwicklung, einschlie\u00dflich Wiederherstellung der biologischen Vielfalt in&hellip;","og_url":"https:\/\/skyddaskogen.se\/de\/unsere-ziele\/","og_site_name":"Sch\u00fczt den wald","article_publisher":"https:\/\/www.facebook.com\/groups\/54996954022\/","article_modified_time":"2025-11-12T17:51:01+00:00","og_image":[{"url":"https:\/\/skyddaskogen.se\/wp-content\/uploads\/elementor\/thumbs\/sjo-och-skog-naturskog-orebro-lan-qoviszagc2tzvmrc0p78jt4n1nt8c50flfj8vsvvuk.jpg","type":"","width":"","height":""}],"twitter_card":"summary_large_image","twitter_site":"@skyddaskogen","twitter_misc":{"Gesch\u00e4tzte Lesezeit":"2\u00a0Minuten"},"schema":{"@context":"https:\/\/schema.org","@graph":[{"@type":"WebPage","@id":"https:\/\/skyddaskogen.se\/de\/unsere-ziele\/","url":"https:\/\/skyddaskogen.se\/de\/unsere-ziele\/","name":"Unsere Ziele - Sch\u00fczt den wald","isPartOf":{"@id":"https:\/\/skyddaskogen.se\/#website"},"primaryImageOfPage":{"@id":"https:\/\/skyddaskogen.se\/de\/unsere-ziele\/#primaryimage"},"image":{"@id":"https:\/\/skyddaskogen.se\/de\/unsere-ziele\/#primaryimage"},"thumbnailUrl":"https:\/\/skyddaskogen.se\/wp-content\/uploads\/elementor\/thumbs\/sjo-och-skog-naturskog-orebro-lan-qoviszagc2tzvmrc0p78jt4n1nt8c50flfj8vsvvuk.jpg","datePublished":"2025-03-28T08:51:17+00:00","dateModified":"2025-11-12T17:51:01+00:00","breadcrumb":{"@id":"https:\/\/skyddaskogen.se\/de\/unsere-ziele\/#breadcrumb"},"inLanguage":"de","potentialAction":[{"@type":"ReadAction","target":["https:\/\/skyddaskogen.se\/de\/unsere-ziele\/"]}]},{"@type":"ImageObject","inLanguage":"de","@id":"https:\/\/skyddaskogen.se\/de\/unsere-ziele\/#primaryimage","url":"https:\/\/skyddaskogen.se\/wp-content\/uploads\/elementor\/thumbs\/sjo-och-skog-naturskog-orebro-lan-qoviszagc2tzvmrc0p78jt4n1nt8c50flfj8vsvvuk.jpg","contentUrl":"https:\/\/skyddaskogen.se\/wp-content\/uploads\/elementor\/thumbs\/sjo-och-skog-naturskog-orebro-lan-qoviszagc2tzvmrc0p78jt4n1nt8c50flfj8vsvvuk.jpg"},{"@type":"BreadcrumbList","@id":"https:\/\/skyddaskogen.se\/de\/unsere-ziele\/#breadcrumb","itemListElement":[{"@type":"ListItem","position":1,"name":"Home","item":"https:\/\/skyddaskogen.se\/de\/schutzen-sie-den-wald\/"},{"@type":"ListItem","position":2,"name":"Unsere Ziele"}]},{"@type":"WebSite","@id":"https:\/\/skyddaskogen.se\/#website","url":"https:\/\/skyddaskogen.se\/","name":"Skydda Skogen","description":"Zum Schutz alter W\u00e4lder und nat\u00fcrlicher Bauernh\u00f6fe","publisher":{"@id":"https:\/\/skyddaskogen.se\/#organization"},"potentialAction":[{"@type":"SearchAction","target":{"@type":"EntryPoint","urlTemplate":"https:\/\/skyddaskogen.se\/?s={search_term_string}"},"query-input":{"@type":"PropertyValueSpecification","valueRequired":true,"valueName":"search_term_string"}}],"inLanguage":"de"},{"@type":"Organization","@id":"https:\/\/skyddaskogen.se\/#organization","name":"Skydda Skogen","url":"https:\/\/skyddaskogen.se\/","logo":{"@type":"ImageObject","inLanguage":"de","@id":"https:\/\/skyddaskogen.se\/#\/schema\/logo\/image\/","url":"https:\/\/skyddaskogen.se\/wp-content\/uploads\/2020\/09\/skyddaskogen.se_favicon-1.png","contentUrl":"https:\/\/skyddaskogen.se\/wp-content\/uploads\/2020\/09\/skyddaskogen.se_favicon-1.png","width":256,"height":256,"caption":"Skydda Skogen"},"image":{"@id":"https:\/\/skyddaskogen.se\/#\/schema\/logo\/image\/"},"sameAs":["https:\/\/www.facebook.com\/groups\/54996954022\/","https:\/\/x.com\/skyddaskogen","https:\/\/www.instagram.com\/skyddaskogen\/","https:\/\/www.youtube.com\/channel\/UCHJVIc9sptUj-qPek3Imitw"]}]}},"campaignId":"","ticketed":false,"_links":{"self":[{"href":"https:\/\/skyddaskogen.se\/de\/wp-json\/wp\/v2\/pages\/65719","targetHints":{"allow":["GET"]}}],"collection":[{"href":"https:\/\/skyddaskogen.se\/de\/wp-json\/wp\/v2\/pages"}],"about":[{"href":"https:\/\/skyddaskogen.se\/de\/wp-json\/wp\/v2\/types\/page"}],"author":[{"embeddable":true,"href":"https:\/\/skyddaskogen.se\/de\/wp-json\/wp\/v2\/users\/32"}],"replies":[{"embeddable":true,"href":"https:\/\/skyddaskogen.se\/de\/wp-json\/wp\/v2\/comments?post=65719"}],"version-history":[{"count":2,"href":"https:\/\/skyddaskogen.se\/de\/wp-json\/wp\/v2\/pages\/65719\/revisions"}],"predecessor-version":[{"id":68035,"href":"https:\/\/skyddaskogen.se\/de\/wp-json\/wp\/v2\/pages\/65719\/revisions\/68035"}],"wp:attachment":[{"href":"https:\/\/skyddaskogen.se\/de\/wp-json\/wp\/v2\/media?parent=65719"}],"curies":[{"name":"wp","href":"https:\/\/api.w.org\/{rel}","templated":true}]}}