{"id":65735,"date":"2025-03-28T09:51:25","date_gmt":"2025-03-28T08:51:25","guid":{"rendered":"https:\/\/skyddaskogen.se\/tipps-was-sie-tun-konnen\/"},"modified":"2025-11-12T21:41:31","modified_gmt":"2025-11-12T20:41:31","slug":"tipps-was-sie-tun-konnen","status":"publish","type":"page","link":"https:\/\/skyddaskogen.se\/de\/tipps-was-sie-tun-konnen\/","title":{"rendered":"Tipps, was Sie tun k\u00f6nnen"},"content":{"rendered":"\t\t<div data-elementor-type=\"wp-page\" data-elementor-id=\"65735\" class=\"elementor elementor-65735 elementor-21031\">\n\t\t\t\t<div class=\"elementor-element elementor-element-29365a76 e-flex e-con-boxed sc_layouts_column_icons_position_left e-con e-parent\" data-id=\"29365a76\" data-element_type=\"container\" data-e-type=\"container\">\n\t\t\t\t\t<div class=\"e-con-inner\">\n\t\t\t\t<div class=\"elementor-element elementor-element-bb483ee sc_fly_static elementor-widget elementor-widget-heading\" data-id=\"bb483ee\" data-element_type=\"widget\" data-e-type=\"widget\" data-widget_type=\"heading.default\">\n\t\t\t\t<div class=\"elementor-widget-container\">\n\t\t\t\t\t<h2 class=\"elementor-heading-title elementor-size-default\">Tipps, was Sie tun k\u00f6nnen<\/h2>\t\t\t\t<\/div>\n\t\t\t\t<\/div>\n\t\t\t\t<div class=\"elementor-element elementor-element-3a68e2c sc_fly_static elementor-widget elementor-widget-spacer\" data-id=\"3a68e2c\" data-element_type=\"widget\" data-e-type=\"widget\" data-widget_type=\"spacer.default\">\n\t\t\t\t<div class=\"elementor-widget-container\">\n\t\t\t\t\t\t\t<div class=\"elementor-spacer\">\n\t\t\t<div class=\"elementor-spacer-inner\"><\/div>\n\t\t<\/div>\n\t\t\t\t\t\t<\/div>\n\t\t\t\t<\/div>\n\t\t\t\t<div class=\"elementor-element elementor-element-fc8b14a sc_fly_static elementor-widget elementor-widget-image\" data-id=\"fc8b14a\" data-element_type=\"widget\" data-e-type=\"widget\" data-widget_type=\"image.default\">\n\t\t\t\t<div class=\"elementor-widget-container\">\n\t\t\t\t\t\t\t\t\t\t\t\t\t\t\t<img fetchpriority=\"high\" decoding=\"async\" width=\"1024\" height=\"384\" src=\"https:\/\/skyddaskogen.se\/wp-content\/uploads\/2024\/05\/skyddaskogen.se-foreningen-skydda-skogen-2-1024x384.jpg\" class=\"attachment-large size-large wp-image-36271\" alt=\"\" srcset=\"https:\/\/skyddaskogen.se\/wp-content\/uploads\/2024\/05\/skyddaskogen.se-foreningen-skydda-skogen-2-1024x384.jpg 1024w, https:\/\/skyddaskogen.se\/wp-content\/uploads\/2024\/05\/skyddaskogen.se-foreningen-skydda-skogen-2-300x113.jpg 300w, https:\/\/skyddaskogen.se\/wp-content\/uploads\/2024\/05\/skyddaskogen.se-foreningen-skydda-skogen-2-768x288.jpg 768w, https:\/\/skyddaskogen.se\/wp-content\/uploads\/2024\/05\/skyddaskogen.se-foreningen-skydda-skogen-2-1536x576.jpg 1536w, https:\/\/skyddaskogen.se\/wp-content\/uploads\/2024\/05\/skyddaskogen.se-foreningen-skydda-skogen-2-370x139.jpg 370w, https:\/\/skyddaskogen.se\/wp-content\/uploads\/2024\/05\/skyddaskogen.se-foreningen-skydda-skogen-2-840x315.jpg 840w, https:\/\/skyddaskogen.se\/wp-content\/uploads\/2024\/05\/skyddaskogen.se-foreningen-skydda-skogen-2-410x154.jpg 410w, https:\/\/skyddaskogen.se\/wp-content\/uploads\/2024\/05\/skyddaskogen.se-foreningen-skydda-skogen-2.jpg 1920w\" sizes=\"(max-width: 1024px) 100vw, 1024px\" \/>\t\t\t\t\t\t\t\t\t\t\t\t\t\t\t<\/div>\n\t\t\t\t<\/div>\n\t\t\t\t<div class=\"elementor-element elementor-element-705855da sc_fly_static elementor-widget elementor-widget-text-editor\" data-id=\"705855da\" data-element_type=\"widget\" data-e-type=\"widget\" data-widget_type=\"text-editor.default\">\n\t\t\t\t<div class=\"elementor-widget-container\">\n\t\t\t\t\t\t\t\t\t<ul style=\"font-style: normal; font-family: Nunito, sans-serif; font-size: 18px; margin-top: 0px; margin-bottom: 0px; letter-spacing: 0.1px;\"><li style=\"font-size: 18px;\">Treten Sie einem Verein bei, der sich f\u00fcr die F\u00f6rderung der Artenvielfalt und den Erhalt von W\u00e4ldern einsetzt. Durch die Vereinsarbeit k\u00f6nnen Sie sich Geh\u00f6r verschaffen<\/li><li style=\"font-size: 18px;\">Bewegen Sie sich in der Natur, lernen Sie den Wald und seine Arten kennen, machen Sie eine Inventur der bedrohten W\u00e4lder \u2013 Wissen rettet W\u00e4lder<\/li><li style=\"font-size: 18px;\">Wenden Sie sich bei Fragen zum F\u00e4llen an ein Unternehmen\/eine Beh\u00f6rde<\/li><li style=\"font-size: 18px;\">Kritisieren Sie zum Beispiel Unternehmen, die Urwald ernten und verkaufen<\/li><li style=\"font-size: 18px;\">Wenden Sie sich an Ihre gew\u00e4hlten Vertreter, um uns Ihre Meinung mitzuteilen<\/li><li style=\"font-size: 18px;\">Petitionen unterzeichnen<\/li><li style=\"font-size: 18px;\">Melden Sie sich, auch in den sozialen Medien, wenn jemand behauptet, das schwedische Forstwirtschaftsmodell sei nachhaltig<br \/>Zeigen Sie Forschungsergebnisse, die darauf hindeuten, dass dies nicht wahr ist<\/li><li style=\"font-size: 18px;\">Sch\u00fctzen Sie den Wald in Ihrer Region und anderswo. Frage des Holzeinschlags von W\u00e4ldern mit hohem Naturschutzwert oder hohem gesellschaftlichem Wert<\/li><li style=\"font-size: 18px;\">Kaufen Sie gebraucht, wenn Sie etwas brauchen. Versuchen Sie, Ihre M\u00f6bel mit neuer Farbe\/Stoff zu erneuern<\/li><li style=\"font-size: 18px;\">Sagen Sie nein zu Werbung. Drucken Sie beim Drucken beidseitig auf das Papier und drucken Sie nicht unn\u00f6tig. B\u00fccher und Zeitschriften ausleihen, anstatt neue zu kaufen<\/li><li style=\"font-size: 18px;\">Verwenden Sie wiederverwendbare Produkte und vermeiden Sie Einwegprodukte<\/li><li><p>Werden Sie Mitglied unserer aktiven und gro\u00dfen <a href=\"https:\/\/www.facebook.com\/groups\/54996954022\">Facebook-Gruppe<\/a><\/p><\/li><li><p>Folgen Sie uns und teilen Sie unsere Beitr\u00e4ge auf <a href=\"https:\/\/bsky.app\/profile\/skyddaskogen.bsky.social\">Bluesky<\/a>\u00a0und <a href=\"https:\/\/www.instagram.com\/SkyddaSkogen\">Instagram<\/a><\/p><\/li><\/ul>\t\t\t\t\t\t\t\t<\/div>\n\t\t\t\t<\/div>\n\t\t\t\t\t<\/div>\n\t\t\t\t<\/div>\n\t\t\t\t<\/div>\n\t\t","protected":false},"excerpt":{"rendered":"<p>Tipps, was Sie tun k\u00f6nnen Treten Sie einem Verein bei, der sich f\u00fcr die F\u00f6rderung der Artenvielfalt und den Erhalt von W\u00e4ldern einsetzt. Durch die Vereinsarbeit k\u00f6nnen Sie sich Geh\u00f6r&hellip;<\/p>\n","protected":false},"author":18,"featured_media":0,"parent":0,"menu_order":0,"comment_status":"closed","ping_status":"closed","template":"","meta":{"give_campaign_id":0,"_price":"","_stock":"","_tribe_ticket_header":"","_tribe_default_ticket_provider":"","_tribe_ticket_capacity":"0","_ticket_start_date":"","_ticket_end_date":"","_tribe_ticket_show_description":"","_tribe_ticket_show_not_going":false,"_tribe_ticket_use_global_stock":"","_tribe_ticket_global_stock_level":"","_global_stock_mode":"","_global_stock_cap":"","_tribe_rsvp_for_event":"","_tribe_ticket_going_count":"","_tribe_ticket_not_going_count":"","_tribe_tickets_list":"[]","_tribe_ticket_has_attendee_info_fields":false,"footnotes":"","_tec_slr_enabled":"","_tec_slr_layout":""},"class_list":["post-65735","page","type-page","status-publish","hentry"],"yoast_head":"<!-- This site is optimized with the Yoast SEO plugin v27.4 - https:\/\/yoast.com\/product\/yoast-seo-wordpress\/ -->\n<title>Tipps, was Sie tun k\u00f6nnen - Sch\u00fczt den wald<\/title>\n<meta name=\"description\" content=\"Tipps, was Sie f\u00fcr den Wald tun k\u00f6nnen.\" \/>\n<meta name=\"robots\" content=\"index, follow, max-snippet:-1, max-image-preview:large, max-video-preview:-1\" \/>\n<link rel=\"canonical\" href=\"https:\/\/skyddaskogen.se\/de\/tipps-was-sie-tun-konnen\/\" \/>\n<meta property=\"og:locale\" content=\"de_DE\" \/>\n<meta property=\"og:type\" content=\"article\" \/>\n<meta property=\"og:title\" content=\"Tipps, was Sie tun k\u00f6nnen - Sch\u00fczt den wald\" \/>\n<meta property=\"og:description\" content=\"Tipps, was Sie f\u00fcr den Wald tun k\u00f6nnen.\" \/>\n<meta property=\"og:url\" content=\"https:\/\/skyddaskogen.se\/de\/tipps-was-sie-tun-konnen\/\" \/>\n<meta property=\"og:site_name\" content=\"Sch\u00fczt den wald\" \/>\n<meta property=\"article:publisher\" content=\"https:\/\/www.facebook.com\/groups\/54996954022\/\" \/>\n<meta property=\"article:modified_time\" content=\"2025-11-12T20:41:31+00:00\" \/>\n<meta property=\"og:image\" content=\"https:\/\/skyddaskogen.se\/wp-content\/uploads\/2024\/05\/skyddaskogen.se-foreningen-skydda-skogen-2.jpg\" \/>\n\t<meta property=\"og:image:width\" content=\"1920\" \/>\n\t<meta property=\"og:image:height\" content=\"720\" \/>\n\t<meta property=\"og:image:type\" content=\"image\/jpeg\" \/>\n<meta name=\"twitter:card\" content=\"summary_large_image\" \/>\n<meta name=\"twitter:site\" content=\"@skyddaskogen\" \/>\n<meta name=\"twitter:label1\" content=\"Gesch\u00e4tzte Lesezeit\" \/>\n\t<meta name=\"twitter:data1\" content=\"2\u00a0Minuten\" \/>\n<script type=\"application\/ld+json\" class=\"yoast-schema-graph\">{\"@context\":\"https:\\\/\\\/schema.org\",\"@graph\":[{\"@type\":\"WebPage\",\"@id\":\"https:\\\/\\\/skyddaskogen.se\\\/de\\\/tipps-was-sie-tun-konnen\\\/\",\"url\":\"https:\\\/\\\/skyddaskogen.se\\\/de\\\/tipps-was-sie-tun-konnen\\\/\",\"name\":\"Tipps, was Sie tun k\u00f6nnen - Sch\u00fczt den wald\",\"isPartOf\":{\"@id\":\"https:\\\/\\\/skyddaskogen.se\\\/#website\"},\"primaryImageOfPage\":{\"@id\":\"https:\\\/\\\/skyddaskogen.se\\\/de\\\/tipps-was-sie-tun-konnen\\\/#primaryimage\"},\"image\":{\"@id\":\"https:\\\/\\\/skyddaskogen.se\\\/de\\\/tipps-was-sie-tun-konnen\\\/#primaryimage\"},\"thumbnailUrl\":\"https:\\\/\\\/skyddaskogen.se\\\/wp-content\\\/uploads\\\/2024\\\/05\\\/skyddaskogen.se-foreningen-skydda-skogen-2-1024x384.jpg\",\"datePublished\":\"2025-03-28T08:51:25+00:00\",\"dateModified\":\"2025-11-12T20:41:31+00:00\",\"description\":\"Tipps, was Sie f\u00fcr den Wald tun k\u00f6nnen.\",\"breadcrumb\":{\"@id\":\"https:\\\/\\\/skyddaskogen.se\\\/de\\\/tipps-was-sie-tun-konnen\\\/#breadcrumb\"},\"inLanguage\":\"de\",\"potentialAction\":[{\"@type\":\"ReadAction\",\"target\":[\"https:\\\/\\\/skyddaskogen.se\\\/de\\\/tipps-was-sie-tun-konnen\\\/\"]}]},{\"@type\":\"ImageObject\",\"inLanguage\":\"de\",\"@id\":\"https:\\\/\\\/skyddaskogen.se\\\/de\\\/tipps-was-sie-tun-konnen\\\/#primaryimage\",\"url\":\"https:\\\/\\\/skyddaskogen.se\\\/wp-content\\\/uploads\\\/2024\\\/05\\\/skyddaskogen.se-foreningen-skydda-skogen-2-1024x384.jpg\",\"contentUrl\":\"https:\\\/\\\/skyddaskogen.se\\\/wp-content\\\/uploads\\\/2024\\\/05\\\/skyddaskogen.se-foreningen-skydda-skogen-2-1024x384.jpg\"},{\"@type\":\"BreadcrumbList\",\"@id\":\"https:\\\/\\\/skyddaskogen.se\\\/de\\\/tipps-was-sie-tun-konnen\\\/#breadcrumb\",\"itemListElement\":[{\"@type\":\"ListItem\",\"position\":1,\"name\":\"Home\",\"item\":\"https:\\\/\\\/skyddaskogen.se\\\/de\\\/schutzen-sie-den-wald\\\/\"},{\"@type\":\"ListItem\",\"position\":2,\"name\":\"Tipps, was Sie tun k\u00f6nnen\"}]},{\"@type\":\"WebSite\",\"@id\":\"https:\\\/\\\/skyddaskogen.se\\\/#website\",\"url\":\"https:\\\/\\\/skyddaskogen.se\\\/\",\"name\":\"Skydda Skogen\",\"description\":\"Zum Schutz alter W\u00e4lder und nat\u00fcrlicher Bauernh\u00f6fe\",\"publisher\":{\"@id\":\"https:\\\/\\\/skyddaskogen.se\\\/#organization\"},\"potentialAction\":[{\"@type\":\"SearchAction\",\"target\":{\"@type\":\"EntryPoint\",\"urlTemplate\":\"https:\\\/\\\/skyddaskogen.se\\\/?s={search_term_string}\"},\"query-input\":{\"@type\":\"PropertyValueSpecification\",\"valueRequired\":true,\"valueName\":\"search_term_string\"}}],\"inLanguage\":\"de\"},{\"@type\":\"Organization\",\"@id\":\"https:\\\/\\\/skyddaskogen.se\\\/#organization\",\"name\":\"Skydda Skogen\",\"url\":\"https:\\\/\\\/skyddaskogen.se\\\/\",\"logo\":{\"@type\":\"ImageObject\",\"inLanguage\":\"de\",\"@id\":\"https:\\\/\\\/skyddaskogen.se\\\/#\\\/schema\\\/logo\\\/image\\\/\",\"url\":\"https:\\\/\\\/skyddaskogen.se\\\/wp-content\\\/uploads\\\/2020\\\/09\\\/skyddaskogen.se_favicon-1.png\",\"contentUrl\":\"https:\\\/\\\/skyddaskogen.se\\\/wp-content\\\/uploads\\\/2020\\\/09\\\/skyddaskogen.se_favicon-1.png\",\"width\":256,\"height\":256,\"caption\":\"Skydda Skogen\"},\"image\":{\"@id\":\"https:\\\/\\\/skyddaskogen.se\\\/#\\\/schema\\\/logo\\\/image\\\/\"},\"sameAs\":[\"https:\\\/\\\/www.facebook.com\\\/groups\\\/54996954022\\\/\",\"https:\\\/\\\/x.com\\\/skyddaskogen\",\"https:\\\/\\\/www.instagram.com\\\/skyddaskogen\\\/\",\"https:\\\/\\\/www.youtube.com\\\/channel\\\/UCHJVIc9sptUj-qPek3Imitw\"]}]}<\/script>\n<!-- \/ Yoast SEO plugin. -->","yoast_head_json":{"title":"Tipps, was Sie tun k\u00f6nnen - Sch\u00fczt den wald","description":"Tipps, was Sie f\u00fcr den Wald tun k\u00f6nnen.","robots":{"index":"index","follow":"follow","max-snippet":"max-snippet:-1","max-image-preview":"max-image-preview:large","max-video-preview":"max-video-preview:-1"},"canonical":"https:\/\/skyddaskogen.se\/de\/tipps-was-sie-tun-konnen\/","og_locale":"de_DE","og_type":"article","og_title":"Tipps, was Sie tun k\u00f6nnen - Sch\u00fczt den wald","og_description":"Tipps, was Sie f\u00fcr den Wald tun k\u00f6nnen.","og_url":"https:\/\/skyddaskogen.se\/de\/tipps-was-sie-tun-konnen\/","og_site_name":"Sch\u00fczt den wald","article_publisher":"https:\/\/www.facebook.com\/groups\/54996954022\/","article_modified_time":"2025-11-12T20:41:31+00:00","og_image":[{"width":1920,"height":720,"url":"https:\/\/skyddaskogen.se\/wp-content\/uploads\/2024\/05\/skyddaskogen.se-foreningen-skydda-skogen-2.jpg","type":"image\/jpeg"}],"twitter_card":"summary_large_image","twitter_site":"@skyddaskogen","twitter_misc":{"Gesch\u00e4tzte Lesezeit":"2\u00a0Minuten"},"schema":{"@context":"https:\/\/schema.org","@graph":[{"@type":"WebPage","@id":"https:\/\/skyddaskogen.se\/de\/tipps-was-sie-tun-konnen\/","url":"https:\/\/skyddaskogen.se\/de\/tipps-was-sie-tun-konnen\/","name":"Tipps, was Sie tun k\u00f6nnen - Sch\u00fczt den wald","isPartOf":{"@id":"https:\/\/skyddaskogen.se\/#website"},"primaryImageOfPage":{"@id":"https:\/\/skyddaskogen.se\/de\/tipps-was-sie-tun-konnen\/#primaryimage"},"image":{"@id":"https:\/\/skyddaskogen.se\/de\/tipps-was-sie-tun-konnen\/#primaryimage"},"thumbnailUrl":"https:\/\/skyddaskogen.se\/wp-content\/uploads\/2024\/05\/skyddaskogen.se-foreningen-skydda-skogen-2-1024x384.jpg","datePublished":"2025-03-28T08:51:25+00:00","dateModified":"2025-11-12T20:41:31+00:00","description":"Tipps, was Sie f\u00fcr den Wald tun k\u00f6nnen.","breadcrumb":{"@id":"https:\/\/skyddaskogen.se\/de\/tipps-was-sie-tun-konnen\/#breadcrumb"},"inLanguage":"de","potentialAction":[{"@type":"ReadAction","target":["https:\/\/skyddaskogen.se\/de\/tipps-was-sie-tun-konnen\/"]}]},{"@type":"ImageObject","inLanguage":"de","@id":"https:\/\/skyddaskogen.se\/de\/tipps-was-sie-tun-konnen\/#primaryimage","url":"https:\/\/skyddaskogen.se\/wp-content\/uploads\/2024\/05\/skyddaskogen.se-foreningen-skydda-skogen-2-1024x384.jpg","contentUrl":"https:\/\/skyddaskogen.se\/wp-content\/uploads\/2024\/05\/skyddaskogen.se-foreningen-skydda-skogen-2-1024x384.jpg"},{"@type":"BreadcrumbList","@id":"https:\/\/skyddaskogen.se\/de\/tipps-was-sie-tun-konnen\/#breadcrumb","itemListElement":[{"@type":"ListItem","position":1,"name":"Home","item":"https:\/\/skyddaskogen.se\/de\/schutzen-sie-den-wald\/"},{"@type":"ListItem","position":2,"name":"Tipps, was Sie tun k\u00f6nnen"}]},{"@type":"WebSite","@id":"https:\/\/skyddaskogen.se\/#website","url":"https:\/\/skyddaskogen.se\/","name":"Skydda Skogen","description":"Zum Schutz alter W\u00e4lder und nat\u00fcrlicher Bauernh\u00f6fe","publisher":{"@id":"https:\/\/skyddaskogen.se\/#organization"},"potentialAction":[{"@type":"SearchAction","target":{"@type":"EntryPoint","urlTemplate":"https:\/\/skyddaskogen.se\/?s={search_term_string}"},"query-input":{"@type":"PropertyValueSpecification","valueRequired":true,"valueName":"search_term_string"}}],"inLanguage":"de"},{"@type":"Organization","@id":"https:\/\/skyddaskogen.se\/#organization","name":"Skydda Skogen","url":"https:\/\/skyddaskogen.se\/","logo":{"@type":"ImageObject","inLanguage":"de","@id":"https:\/\/skyddaskogen.se\/#\/schema\/logo\/image\/","url":"https:\/\/skyddaskogen.se\/wp-content\/uploads\/2020\/09\/skyddaskogen.se_favicon-1.png","contentUrl":"https:\/\/skyddaskogen.se\/wp-content\/uploads\/2020\/09\/skyddaskogen.se_favicon-1.png","width":256,"height":256,"caption":"Skydda Skogen"},"image":{"@id":"https:\/\/skyddaskogen.se\/#\/schema\/logo\/image\/"},"sameAs":["https:\/\/www.facebook.com\/groups\/54996954022\/","https:\/\/x.com\/skyddaskogen","https:\/\/www.instagram.com\/skyddaskogen\/","https:\/\/www.youtube.com\/channel\/UCHJVIc9sptUj-qPek3Imitw"]}]}},"campaignId":"","ticketed":false,"_links":{"self":[{"href":"https:\/\/skyddaskogen.se\/de\/wp-json\/wp\/v2\/pages\/65735","targetHints":{"allow":["GET"]}}],"collection":[{"href":"https:\/\/skyddaskogen.se\/de\/wp-json\/wp\/v2\/pages"}],"about":[{"href":"https:\/\/skyddaskogen.se\/de\/wp-json\/wp\/v2\/types\/page"}],"author":[{"embeddable":true,"href":"https:\/\/skyddaskogen.se\/de\/wp-json\/wp\/v2\/users\/18"}],"replies":[{"embeddable":true,"href":"https:\/\/skyddaskogen.se\/de\/wp-json\/wp\/v2\/comments?post=65735"}],"version-history":[{"count":11,"href":"https:\/\/skyddaskogen.se\/de\/wp-json\/wp\/v2\/pages\/65735\/revisions"}],"predecessor-version":[{"id":68071,"href":"https:\/\/skyddaskogen.se\/de\/wp-json\/wp\/v2\/pages\/65735\/revisions\/68071"}],"wp:attachment":[{"href":"https:\/\/skyddaskogen.se\/de\/wp-json\/wp\/v2\/media?parent=65735"}],"curies":[{"name":"wp","href":"https:\/\/api.w.org\/{rel}","templated":true}]}}