{"id":68450,"date":"2025-11-24T19:52:13","date_gmt":"2025-11-24T18:52:13","guid":{"rendered":"https:\/\/skyddaskogen.se\/firmengeschenk\/"},"modified":"2026-04-09T10:49:46","modified_gmt":"2026-04-09T08:49:46","slug":"firmengeschenk","status":"publish","type":"page","link":"https:\/\/skyddaskogen.se\/de\/firmengeschenk\/","title":{"rendered":"Firmengeschenk"},"content":{"rendered":"\n<h2 class=\"wp-block-heading\">Firmengeschenk<\/h2>\n\n<div class=\"wp-block-columns is-layout-flex wp-container-core-columns-is-layout-9d6595d7 wp-block-columns-is-layout-flex\">\n<div class=\"wp-block-column is-layout-flow wp-block-column-is-layout-flow\">\n<p>Wir setzen uns daf\u00fcr ein, die urzeitlichen und nat\u00fcrlichen W\u00e4lder, die Biodiversit\u00e4t und das Klima Schwedens zu bewahren. Durch Unterst\u00fctzung von Unternehmen und Einzelpersonen gewinnen wir die Macht, Einfluss zu nehmen, Wissen zu verbreiten und Ver\u00e4nderungen voranzutreiben. Wenn Ihr Unternehmen eine Firmenspende macht, tragen Sie direkt dazu bei, das zu sch\u00fctzen, was nicht verschwinden darf.  <\/p>\n\n\n\n<p>Lass dein Unternehmen einen echten Unterschied f\u00fcr den Wald und das Leben machen, das davon abh\u00e4ngt. Der Zuschuss wird dort verwendet, wo der Bedarf am gr\u00f6\u00dften ist: f\u00fcr Arbeit f\u00fcr nat\u00fcrliche W\u00e4lder, Umwelt- und Klimaauswirkungen, politische Interessenvertretung und Informationsarbeit. <br\/><br\/>M\u00f6chten Sie direkt spenden? Verwenden Sie das Formular hier daneben. Wenn Sie eine Rechnung f\u00fcr Ihre Spende erhalten m\u00f6chten oder mit uns in Kontakt treten m\u00f6chten, klicken Sie auf den untenstehenden Button.  <\/p>\n\n\n\n<div class=\"wp-block-buttons is-layout-flex wp-block-buttons-is-layout-flex\">\n<div class=\"wp-block-button\"><a class=\"wp-block-button__link has-text-link-2-background-color has-background wp-element-button\" href=\"mailto:donation@skyddaskogen.se\" style=\"border-radius:10px\">Kontaktieren Sie uns<\/a><\/div>\n<\/div>\n<\/div>\n\n\n\n<div class=\"wp-block-column is-layout-flow wp-block-column-is-layout-flow\"><div class='root-data-givewp-embed' data-form-locale='de_DE' data-form-url='https:\/\/skyddaskogen.se\/?post_type=give_forms&amp;p=67942' data-form-view-url='https:\/\/skyddaskogen.se\/de\/?givewp-route=donation-form-view&amp;form-id=67942' data-src='https:\/\/skyddaskogen.se\/de\/?givewp-route=donation-form-view&amp;form-id=67942' data-givewp-embed-id='give-form-shortcode-1' data-form-format='onpage' data-open-form-button='Jetzt spenden' style='--givewp-primary-color: #5e7e7e; --givewp-secondary-color: #000000;'><\/div>\n\n\n<p class=\"has-text-align-center\"><\/p>\n<\/div>\n<\/div>\n\n<div style=\"height:100px\" aria-hidden=\"true\" class=\"wp-block-spacer\"><\/div>\n\n<div class=\"wp-block-columns is-layout-flex wp-container-core-columns-is-layout-9d6595d7 wp-block-columns-is-layout-flex\">\n<div class=\"wp-block-column is-layout-flow wp-block-column-is-layout-flow\">\n<figure class=\"wp-block-image size-full is-resized has-custom-border\"><img fetchpriority=\"high\" decoding=\"async\" width=\"600\" height=\"800\" src=\"https:\/\/skyddaskogen.se\/wp-content\/uploads\/2023\/12\/skyddaskogen.se-gran-med-spr-av-tretig-hack-h-thenander.jpg\" alt=\"\" class=\"wp-image-33953\" style=\"border-radius:20px;width:480px\" srcset=\"https:\/\/skyddaskogen.se\/wp-content\/uploads\/2023\/12\/skyddaskogen.se-gran-med-spr-av-tretig-hack-h-thenander.jpg 600w, https:\/\/skyddaskogen.se\/wp-content\/uploads\/2023\/12\/skyddaskogen.se-gran-med-spr-av-tretig-hack-h-thenander-225x300.jpg 225w\" sizes=\"(max-width: 600px) 100vw, 600px\" \/><figcaption class=\"wp-element-caption\"><em>Spuren eines Dreizehenspechts im Bergwald<\/em>.<\/figcaption><\/figure>\n<\/div>\n\n\n\n<div class=\"wp-block-column is-layout-flow wp-block-column-is-layout-flow\">\n<h2 class=\"wp-block-heading\">Unterst\u00fctzung lebensf\u00e4higer W\u00e4lder<\/h2>\n\n\n\n<p>Der Erhalt nat\u00fcrlicher W\u00e4lder und anderer W\u00e4lder mit hohem Schutzwert ist entscheidend f\u00fcr die Erhaltung der Biodiversit\u00e4t. Diese W\u00e4lder spielen auch eine zentrale Rolle in der Klimaarbeit, indem sie gro\u00dfe Mengen Kohlenstoff speichern. Trotz der Tatsache, dass die W\u00e4lder lebenswichtig sind, werden Schwedens letzte urzeitliche und nat\u00fcrliche W\u00e4lder weiterhin gef\u00e4llt und durch einseitige Baumplantagen ersetzt. Es bedroht Arten, beeintr\u00e4chtigt das Funktionieren von \u00d6kosystemen und erh\u00f6ht die Kohlendioxidemissionen \u2013 Folgen, die sowohl die Natur als auch das Klima betreffen.   <\/p>\n\n\n\n<p><strong>Indem Sie eine Unternehmensspende an Sch\u00fctzt den Wald machen, tragen Sie dazu bei:<\/strong><\/p>\n\n\n\n<ul class=\"wp-block-list\">\n<li><strong>Erhaltung und Verbreitung von Wissen<\/strong> \u00fcber Urw\u00e4lder und nat\u00fcrliche W\u00e4lder mit hohem Erhaltungswert<\/li>\n\n\n\n<li><strong>Sch\u00fctze st\u00e4dtische W\u00e4lder, die<\/strong> f\u00fcr die menschliche Gesundheit, Erholung und das Wohlbefinden wichtig sind<\/li>\n\n\n\n<li><strong>Sicherstellung des Schutzes unserer bergigen Naturw\u00e4lder<\/strong>, einige der letzten gro\u00dffl\u00e4chigen Naturw\u00e4lder Europas<\/li>\n\n\n\n<li><strong>Setzen Sie sich f\u00fcr eine moderne Forstpolitik ein,<\/strong> die die \u00f6kologischen, sozialen und klimatischen Werte des Waldes sch\u00fctzt<\/li>\n<\/ul>\n\n\n\n<div style=\"height:20px\" aria-hidden=\"true\" class=\"wp-block-spacer\"><\/div>\n\n\n\n<p>Gemeinsam k\u00f6nnen wir die lebenden W\u00e4lder der Zukunft schaffen, reich an Arten, frei von der Ausbeutung von schutzw\u00fcrdigen Gebieten und voller Lebensfreude.<\/p>\n<\/div>\n<\/div>\n\n<div style=\"height:100px\" aria-hidden=\"true\" class=\"wp-block-spacer\"><\/div>\n\n<div class=\"wp-block-columns is-layout-flex wp-container-core-columns-is-layout-9d6595d7 wp-block-columns-is-layout-flex\">\n<div class=\"wp-block-column is-layout-flow wp-block-column-is-layout-flow\">\n<h2 class=\"wp-block-heading\"><strong>Haltbarkeit<\/strong><\/h2>\n\n\n\n<p>Eine Firmenspende zum Schutz des Waldes kann ebenfalls Teil Ihrer <a href=\"https:\/\/commission.europa.eu\/business-economy-euro\/doing-business-eu\/sustainability-due-diligence-responsible-business\/corporate-social-responsibility-csr_sv\" target=\"_blank\" rel=\"noreferrer noopener\">Nachhaltigkeits- oder CSR-Ziele<\/a> sein. Wir sind au\u00dferdem eine anerkannte Empf\u00e4ngerorganisation innerhalb <a href=\"https:\/\/directories.onepercentfortheplanet.org\/profile\/skydda-skogen-protect-the-forest-sweden\" type=\"link\" id=\"https:\/\/directories.onepercentfortheplanet.org\/profile\/skydda-skogen-protect-the-forest-sweden\" target=\"_blank\" rel=\"noreferrer noopener\">von 1 % for the Planet<\/a>, was bedeutet, dass wir Unterst\u00fctzung von angeschlossenen Unternehmen annehmen.  Indem Sie uns unterst\u00fctzen, zeigen Sie, dass Ihr Unternehmen Verantwortung f\u00fcr die Natur \u00fcbernimmt und zu langfristigen Werten beitr\u00e4gt, die sowohl f\u00fcr Menschen als auch f\u00fcr die Natur entscheidend sind. <\/p>\n\n\n\n<h6 class=\"wp-block-heading\"><strong>Wir sind dankbar f\u00fcr die Unterst\u00fctzung von:<\/strong><\/h6>\n\n\n\n<figure class=\"wp-block-image alignleft size-full is-resized\"><a href=\"https:\/\/www.icebug.com\/sv-SE\/sustainability\/let-the-forest-live\" target=\"_blank\" rel=\" noreferrer noopener\"><img decoding=\"async\" width=\"625\" height=\"123\" src=\"https:\/\/skyddaskogen.se\/wp-content\/uploads\/2025\/10\/icebug-logo-1.png\" alt=\"\" class=\"wp-image-67218\" style=\"width:277px;height:auto\" srcset=\"https:\/\/skyddaskogen.se\/wp-content\/uploads\/2025\/10\/icebug-logo-1.png 625w, https:\/\/skyddaskogen.se\/wp-content\/uploads\/2025\/10\/icebug-logo-1-300x59.png 300w, https:\/\/skyddaskogen.se\/wp-content\/uploads\/2025\/10\/icebug-logo-1-370x73.png 370w, https:\/\/skyddaskogen.se\/wp-content\/uploads\/2025\/10\/icebug-logo-1-410x81.png 410w\" sizes=\"(max-width: 625px) 100vw, 625px\" \/><\/a><\/figure>\n\n\n\n<figure class=\"wp-block-image alignleft size-full is-resized\"><a href=\"https:\/\/www.naturkompaniet.se\/naturbonusen\/\" target=\"_blank\" rel=\" noreferrer noopener\"><img decoding=\"async\" width=\"700\" height=\"124\" src=\"https:\/\/skyddaskogen.se\/wp-content\/uploads\/2024\/05\/naturbonusen.png\" alt=\"\" class=\"wp-image-35798\" style=\"width:271px;height:auto\" srcset=\"https:\/\/skyddaskogen.se\/wp-content\/uploads\/2024\/05\/naturbonusen.png 700w, https:\/\/skyddaskogen.se\/wp-content\/uploads\/2024\/05\/naturbonusen-300x53.png 300w, https:\/\/skyddaskogen.se\/wp-content\/uploads\/2024\/05\/naturbonusen-370x66.png 370w, https:\/\/skyddaskogen.se\/wp-content\/uploads\/2024\/05\/naturbonusen-410x73.png 410w\" sizes=\"(max-width: 700px) 100vw, 700px\" \/><\/a><\/figure>\n\n\n\n<p class=\"has-link-color wp-elements-0ebccdae1bca4373c8dd3737d255d889\"><\/p>\n<\/div>\n\n\n\n<div class=\"wp-block-column is-layout-flow wp-block-column-is-layout-flow\">\n<figure class=\"wp-block-image size-full has-custom-border\"><img loading=\"lazy\" decoding=\"async\" width=\"878\" height=\"668\" src=\"https:\/\/skyddaskogen.se\/wp-content\/uploads\/2026\/04\/1percent-1.jpg\" alt=\"\" class=\"wp-image-70907\" style=\"border-radius:20px;object-fit:cover\" srcset=\"https:\/\/skyddaskogen.se\/wp-content\/uploads\/2026\/04\/1percent-1.jpg 878w, https:\/\/skyddaskogen.se\/wp-content\/uploads\/2026\/04\/1percent-1-300x228.jpg 300w, https:\/\/skyddaskogen.se\/wp-content\/uploads\/2026\/04\/1percent-1-768x584.jpg 768w, https:\/\/skyddaskogen.se\/wp-content\/uploads\/2026\/04\/1percent-1-370x282.jpg 370w, https:\/\/skyddaskogen.se\/wp-content\/uploads\/2026\/04\/1percent-1-840x639.jpg 840w, https:\/\/skyddaskogen.se\/wp-content\/uploads\/2026\/04\/1percent-1-410x312.jpg 410w\" sizes=\"(max-width: 878px) 100vw, 878px\" \/><\/figure>\n<\/div>\n<\/div>\n\n<div style=\"height:100px\" aria-hidden=\"true\" class=\"wp-block-spacer\"><\/div>\n\n<h2 class=\"wp-block-heading\">Nachrichten<\/h2>\n\n<div style=\"height:25px\" aria-hidden=\"true\" class=\"wp-block-spacer\"><\/div>\n<div \t\tclass=\"sc_blogger sc_blogger_default sc_blogger_default_classic sc_item_filters_tabs_none\"><div class=\"sc_blogger_columns_wrap sc_item_columns sc_item_posts_container trx_addons_columns_wrap columns_padding_bottom columns_in_single_row\"><div class=\"trx_addons_column-1_2\"><div data-post-id=\"68512\" data-item-number=\"1\" class=\"sc_blogger_item sc_item_container post_container sc_blogger_item_default sc_blogger_item_default_classic sc_blogger_item_odd sc_blogger_item_align_left post_format_standard sc_blogger_item_with_image sc_blogger_item_with_excerpt sc_blogger_item_image_position_top post-68512 post type-post status-publish format-standard has-post-thumbnail hentry category-firmengeschenk category-waldnachrichten category-die-verein tag-der-naturbonus tag-naturkompaniet tag-volksbildung\"><div class=\"sc_blogger_item_body\"><div class=\"post_featured with_thumb hover_link sc_item_featured sc_blogger_item_featured\"><img loading=\"lazy\" decoding=\"async\" width=\"733\" height=\"473\" src=\"https:\/\/skyddaskogen.se\/wp-content\/uploads\/2018\/11\/skyddaskogen.se_sebastian-kirppu-bild-erik-hansson.jpg\" class=\"attachment-heart-thumb-big size-heart-thumb-big wp-post-image\" alt=\"\" srcset=\"https:\/\/skyddaskogen.se\/wp-content\/uploads\/2018\/11\/skyddaskogen.se_sebastian-kirppu-bild-erik-hansson.jpg 1600w, https:\/\/skyddaskogen.se\/wp-content\/uploads\/2018\/11\/skyddaskogen.se_sebastian-kirppu-bild-erik-hansson-300x194.jpg 300w, https:\/\/skyddaskogen.se\/wp-content\/uploads\/2018\/11\/skyddaskogen.se_sebastian-kirppu-bild-erik-hansson-1024x660.jpg 1024w, https:\/\/skyddaskogen.se\/wp-content\/uploads\/2018\/11\/skyddaskogen.se_sebastian-kirppu-bild-erik-hansson-768x495.jpg 768w, https:\/\/skyddaskogen.se\/wp-content\/uploads\/2018\/11\/skyddaskogen.se_sebastian-kirppu-bild-erik-hansson-1536x991.jpg 1536w\" sizes=\"(max-width: 733px) 100vw, 733px\" \/>\t\t\t\t\t\t<div class=\"mask\"><\/div>\n\t\t\t\t\t\t\t\t\t<a href=\"https:\/\/skyddaskogen.se\/de\/stimmt-fuer-den-bonus-den-wald-im-naturschutz-schuetzen\/\"  aria-hidden=\"true\" class=\"link\"><\/a>\n\t\t\t<\/div><div class=\"sc_blogger_item_content entry-content\"><h5 class=\"sc_blogger_item_title entry-title\" data-item-number=\"1\"><a href=\"https:\/\/skyddaskogen.se\/de\/stimmt-fuer-den-bonus-den-wald-im-naturschutz-schuetzen\/\" rel=\"bookmark\">Stimmt f\u00fcr den Bonus &#8222;Den Wald im Naturschutz sch\u00fctzen&#8220;!<\/a><\/h5><div class=\"sc_blogger_item_excerpt\">Jedes Jahr spendet der Outdoor-Shop Naturkompaniet \u00fcber den Naturbonus Geld an inspirierende Natur- und Umweltprojekte in ganz Schweden. Ein Prozent des Betrags aus den Mitgliedereink\u00e4ufen wird an Organisationen und Naturschutzprojekte&hellip;<\/div><div class=\"sc_blogger_item_button sc_item_button\"><a href=\"https:\/\/skyddaskogen.se\/de\/stimmt-fuer-den-bonus-den-wald-im-naturschutz-schuetzen\/\" class=\"item_more_link\"><span class=\"link_text\">Read more<\/span><span class=\"link_icon\"><\/span><\/a><\/div><\/div><!-- .entry-content --><\/div><!-- .sc_blogger_item_body --><\/div><!-- .sc_blogger_item --><\/div><div class=\"trx_addons_column-1_2\"><div data-post-id=\"68508\" data-item-number=\"2\" class=\"sc_blogger_item sc_item_container post_container sc_blogger_item_default sc_blogger_item_default_classic sc_blogger_item_even sc_blogger_item_align_left post_format_standard sc_blogger_item_with_image sc_blogger_item_with_excerpt sc_blogger_item_image_position_top post-68508 post type-post status-publish format-standard has-post-thumbnail hentry category-firmengeschenk category-waldnachrichten category-wald-und-naturschutz tag-black-friday tag-eiskafer tag-inventar tag-naturerbe\"><div class=\"sc_blogger_item_body\"><div class=\"post_featured with_thumb hover_link sc_item_featured sc_blogger_item_featured\"><img loading=\"lazy\" decoding=\"async\" width=\"709\" height=\"473\" src=\"https:\/\/skyddaskogen.se\/wp-content\/uploads\/2021\/02\/skyddaskogen.se_mosskurs1-scaled.jpg\" class=\"attachment-heart-thumb-big size-heart-thumb-big wp-post-image\" alt=\"\" srcset=\"https:\/\/skyddaskogen.se\/wp-content\/uploads\/2021\/02\/skyddaskogen.se_mosskurs1-scaled.jpg 2560w, https:\/\/skyddaskogen.se\/wp-content\/uploads\/2021\/02\/skyddaskogen.se_mosskurs1-300x200.jpg 300w, https:\/\/skyddaskogen.se\/wp-content\/uploads\/2021\/02\/skyddaskogen.se_mosskurs1-1024x683.jpg 1024w, https:\/\/skyddaskogen.se\/wp-content\/uploads\/2021\/02\/skyddaskogen.se_mosskurs1-768x512.jpg 768w, https:\/\/skyddaskogen.se\/wp-content\/uploads\/2021\/02\/skyddaskogen.se_mosskurs1-1536x1024.jpg 1536w, https:\/\/skyddaskogen.se\/wp-content\/uploads\/2021\/02\/skyddaskogen.se_mosskurs1-2048x1365.jpg 2048w, https:\/\/skyddaskogen.se\/wp-content\/uploads\/2021\/02\/skyddaskogen.se_mosskurs1-1140x760.jpg 1140w, https:\/\/skyddaskogen.se\/wp-content\/uploads\/2021\/02\/skyddaskogen.se_mosskurs1-570x380.jpg 570w, https:\/\/skyddaskogen.se\/wp-content\/uploads\/2021\/02\/skyddaskogen.se_mosskurs1-380x254.jpg 380w, https:\/\/skyddaskogen.se\/wp-content\/uploads\/2021\/02\/skyddaskogen.se_mosskurs1-285x190.jpg 285w\" sizes=\"(max-width: 709px) 100vw, 709px\" \/>\t\t\t\t\t\t<div class=\"mask\"><\/div>\n\t\t\t\t\t\t\t\t\t<a href=\"https:\/\/skyddaskogen.se\/de\/die-schuhfirma-icebug-spendet-geld\/\"  aria-hidden=\"true\" class=\"link\"><\/a>\n\t\t\t<\/div><div class=\"sc_blogger_item_content entry-content\"><h5 class=\"sc_blogger_item_title entry-title\" data-item-number=\"2\"><a href=\"https:\/\/skyddaskogen.se\/de\/die-schuhfirma-icebug-spendet-geld\/\" rel=\"bookmark\">Die Schuhfirma Icebug spendet Geld<\/a><\/h5><div class=\"sc_blogger_item_excerpt\">Das Schuhunternehmen Icebug spendet Geld an Sch\u00fctzt den Wald und Natural Heritage im Zusammenhang mit dem Black Friday, bei dem sie statt der Preissenkung alle Erl\u00f6se aus dem Verkauf an&hellip;<\/div><div class=\"sc_blogger_item_button sc_item_button\"><a href=\"https:\/\/skyddaskogen.se\/de\/die-schuhfirma-icebug-spendet-geld\/\" class=\"item_more_link\"><span class=\"link_text\">Read more<\/span><span class=\"link_icon\"><\/span><\/a><\/div><\/div><!-- .entry-content --><\/div><!-- .sc_blogger_item_body --><\/div><!-- .sc_blogger_item --><\/div><\/div><\/div>","protected":false},"excerpt":{"rendered":"<p>Firmengeschenk Wir setzen uns daf\u00fcr ein, die urzeitlichen und nat\u00fcrlichen W\u00e4lder, die Biodiversit\u00e4t und das Klima Schwedens zu bewahren. Durch Unterst\u00fctzung von Unternehmen und Einzelpersonen gewinnen wir die Macht, Einfluss&hellip;<\/p>\n","protected":false},"author":32,"featured_media":0,"parent":0,"menu_order":0,"comment_status":"closed","ping_status":"closed","template":"","meta":{"give_campaign_id":0,"_price":"","_stock":"","_tribe_ticket_header":"","_tribe_default_ticket_provider":"","_tribe_ticket_capacity":"0","_ticket_start_date":"","_ticket_end_date":"","_tribe_ticket_show_description":"","_tribe_ticket_show_not_going":false,"_tribe_ticket_use_global_stock":"","_tribe_ticket_global_stock_level":"","_global_stock_mode":"","_global_stock_cap":"","_tribe_rsvp_for_event":"","_tribe_ticket_going_count":"","_tribe_ticket_not_going_count":"","_tribe_tickets_list":"[]","_tribe_ticket_has_attendee_info_fields":false,"footnotes":"","_tec_slr_enabled":"","_tec_slr_layout":""},"class_list":["post-68450","page","type-page","status-publish","hentry"],"yoast_head":"<!-- This site is optimized with the Yoast SEO plugin v27.4 - https:\/\/yoast.com\/product\/yoast-seo-wordpress\/ -->\n<title>Firmengeschenk - Sch\u00fczt den wald<\/title>\n<meta name=\"robots\" content=\"index, follow, max-snippet:-1, max-image-preview:large, max-video-preview:-1\" \/>\n<link rel=\"canonical\" href=\"https:\/\/skyddaskogen.se\/de\/firmengeschenk\/\" \/>\n<meta property=\"og:locale\" content=\"de_DE\" \/>\n<meta property=\"og:type\" content=\"article\" \/>\n<meta property=\"og:title\" content=\"Firmengeschenk - Sch\u00fczt den wald\" \/>\n<meta property=\"og:description\" content=\"Firmengeschenk Wir setzen uns daf\u00fcr ein, die urzeitlichen und nat\u00fcrlichen W\u00e4lder, die Biodiversit\u00e4t und das Klima Schwedens zu bewahren. Durch Unterst\u00fctzung von Unternehmen und Einzelpersonen gewinnen wir die Macht, Einfluss&hellip;\" \/>\n<meta property=\"og:url\" content=\"https:\/\/skyddaskogen.se\/de\/firmengeschenk\/\" \/>\n<meta property=\"og:site_name\" content=\"Sch\u00fczt den wald\" \/>\n<meta property=\"article:publisher\" content=\"https:\/\/www.facebook.com\/groups\/54996954022\/\" \/>\n<meta property=\"article:modified_time\" content=\"2026-04-09T08:49:46+00:00\" \/>\n<meta property=\"og:image\" content=\"https:\/\/skyddaskogen.se\/wp-content\/uploads\/2023\/12\/skyddaskogen.se-gran-med-spr-av-tretig-hack-h-thenander.jpg\" \/>\n\t<meta property=\"og:image:width\" content=\"600\" \/>\n\t<meta property=\"og:image:height\" content=\"800\" \/>\n\t<meta property=\"og:image:type\" content=\"image\/jpeg\" \/>\n<meta name=\"twitter:card\" content=\"summary_large_image\" \/>\n<meta name=\"twitter:site\" content=\"@skyddaskogen\" \/>\n<script type=\"application\/ld+json\" class=\"yoast-schema-graph\">{\"@context\":\"https:\\\/\\\/schema.org\",\"@graph\":[{\"@type\":\"WebPage\",\"@id\":\"https:\\\/\\\/skyddaskogen.se\\\/de\\\/firmengeschenk\\\/\",\"url\":\"https:\\\/\\\/skyddaskogen.se\\\/de\\\/firmengeschenk\\\/\",\"name\":\"Firmengeschenk - Sch\u00fczt den wald\",\"isPartOf\":{\"@id\":\"https:\\\/\\\/skyddaskogen.se\\\/#website\"},\"primaryImageOfPage\":{\"@id\":\"https:\\\/\\\/skyddaskogen.se\\\/de\\\/firmengeschenk\\\/#primaryimage\"},\"image\":{\"@id\":\"https:\\\/\\\/skyddaskogen.se\\\/de\\\/firmengeschenk\\\/#primaryimage\"},\"thumbnailUrl\":\"https:\\\/\\\/skyddaskogen.se\\\/wp-content\\\/uploads\\\/2023\\\/12\\\/skyddaskogen.se-gran-med-spr-av-tretig-hack-h-thenander.jpg\",\"datePublished\":\"2025-11-24T18:52:13+00:00\",\"dateModified\":\"2026-04-09T08:49:46+00:00\",\"breadcrumb\":{\"@id\":\"https:\\\/\\\/skyddaskogen.se\\\/de\\\/firmengeschenk\\\/#breadcrumb\"},\"inLanguage\":\"de\",\"potentialAction\":[{\"@type\":\"ReadAction\",\"target\":[\"https:\\\/\\\/skyddaskogen.se\\\/de\\\/firmengeschenk\\\/\"]}]},{\"@type\":\"ImageObject\",\"inLanguage\":\"de\",\"@id\":\"https:\\\/\\\/skyddaskogen.se\\\/de\\\/firmengeschenk\\\/#primaryimage\",\"url\":\"https:\\\/\\\/skyddaskogen.se\\\/wp-content\\\/uploads\\\/2023\\\/12\\\/skyddaskogen.se-gran-med-spr-av-tretig-hack-h-thenander.jpg\",\"contentUrl\":\"https:\\\/\\\/skyddaskogen.se\\\/wp-content\\\/uploads\\\/2023\\\/12\\\/skyddaskogen.se-gran-med-spr-av-tretig-hack-h-thenander.jpg\"},{\"@type\":\"BreadcrumbList\",\"@id\":\"https:\\\/\\\/skyddaskogen.se\\\/de\\\/firmengeschenk\\\/#breadcrumb\",\"itemListElement\":[{\"@type\":\"ListItem\",\"position\":1,\"name\":\"Home\",\"item\":\"https:\\\/\\\/skyddaskogen.se\\\/de\\\/schutzen-sie-den-wald\\\/\"},{\"@type\":\"ListItem\",\"position\":2,\"name\":\"Firmengeschenk\"}]},{\"@type\":\"WebSite\",\"@id\":\"https:\\\/\\\/skyddaskogen.se\\\/#website\",\"url\":\"https:\\\/\\\/skyddaskogen.se\\\/\",\"name\":\"Skydda Skogen\",\"description\":\"Zum Schutz alter W\u00e4lder und nat\u00fcrlicher Bauernh\u00f6fe\",\"publisher\":{\"@id\":\"https:\\\/\\\/skyddaskogen.se\\\/#organization\"},\"potentialAction\":[{\"@type\":\"SearchAction\",\"target\":{\"@type\":\"EntryPoint\",\"urlTemplate\":\"https:\\\/\\\/skyddaskogen.se\\\/?s={search_term_string}\"},\"query-input\":{\"@type\":\"PropertyValueSpecification\",\"valueRequired\":true,\"valueName\":\"search_term_string\"}}],\"inLanguage\":\"de\"},{\"@type\":\"Organization\",\"@id\":\"https:\\\/\\\/skyddaskogen.se\\\/#organization\",\"name\":\"Skydda Skogen\",\"url\":\"https:\\\/\\\/skyddaskogen.se\\\/\",\"logo\":{\"@type\":\"ImageObject\",\"inLanguage\":\"de\",\"@id\":\"https:\\\/\\\/skyddaskogen.se\\\/#\\\/schema\\\/logo\\\/image\\\/\",\"url\":\"https:\\\/\\\/skyddaskogen.se\\\/wp-content\\\/uploads\\\/2020\\\/09\\\/skyddaskogen.se_favicon-1.png\",\"contentUrl\":\"https:\\\/\\\/skyddaskogen.se\\\/wp-content\\\/uploads\\\/2020\\\/09\\\/skyddaskogen.se_favicon-1.png\",\"width\":256,\"height\":256,\"caption\":\"Skydda Skogen\"},\"image\":{\"@id\":\"https:\\\/\\\/skyddaskogen.se\\\/#\\\/schema\\\/logo\\\/image\\\/\"},\"sameAs\":[\"https:\\\/\\\/www.facebook.com\\\/groups\\\/54996954022\\\/\",\"https:\\\/\\\/x.com\\\/skyddaskogen\",\"https:\\\/\\\/www.instagram.com\\\/skyddaskogen\\\/\",\"https:\\\/\\\/www.youtube.com\\\/channel\\\/UCHJVIc9sptUj-qPek3Imitw\"]}]}<\/script>\n<!-- \/ Yoast SEO plugin. -->","yoast_head_json":{"title":"Firmengeschenk - Sch\u00fczt den wald","robots":{"index":"index","follow":"follow","max-snippet":"max-snippet:-1","max-image-preview":"max-image-preview:large","max-video-preview":"max-video-preview:-1"},"canonical":"https:\/\/skyddaskogen.se\/de\/firmengeschenk\/","og_locale":"de_DE","og_type":"article","og_title":"Firmengeschenk - Sch\u00fczt den wald","og_description":"Firmengeschenk Wir setzen uns daf\u00fcr ein, die urzeitlichen und nat\u00fcrlichen W\u00e4lder, die Biodiversit\u00e4t und das Klima Schwedens zu bewahren. Durch Unterst\u00fctzung von Unternehmen und Einzelpersonen gewinnen wir die Macht, Einfluss&hellip;","og_url":"https:\/\/skyddaskogen.se\/de\/firmengeschenk\/","og_site_name":"Sch\u00fczt den wald","article_publisher":"https:\/\/www.facebook.com\/groups\/54996954022\/","article_modified_time":"2026-04-09T08:49:46+00:00","og_image":[{"width":600,"height":800,"url":"https:\/\/skyddaskogen.se\/wp-content\/uploads\/2023\/12\/skyddaskogen.se-gran-med-spr-av-tretig-hack-h-thenander.jpg","type":"image\/jpeg"}],"twitter_card":"summary_large_image","twitter_site":"@skyddaskogen","schema":{"@context":"https:\/\/schema.org","@graph":[{"@type":"WebPage","@id":"https:\/\/skyddaskogen.se\/de\/firmengeschenk\/","url":"https:\/\/skyddaskogen.se\/de\/firmengeschenk\/","name":"Firmengeschenk - Sch\u00fczt den wald","isPartOf":{"@id":"https:\/\/skyddaskogen.se\/#website"},"primaryImageOfPage":{"@id":"https:\/\/skyddaskogen.se\/de\/firmengeschenk\/#primaryimage"},"image":{"@id":"https:\/\/skyddaskogen.se\/de\/firmengeschenk\/#primaryimage"},"thumbnailUrl":"https:\/\/skyddaskogen.se\/wp-content\/uploads\/2023\/12\/skyddaskogen.se-gran-med-spr-av-tretig-hack-h-thenander.jpg","datePublished":"2025-11-24T18:52:13+00:00","dateModified":"2026-04-09T08:49:46+00:00","breadcrumb":{"@id":"https:\/\/skyddaskogen.se\/de\/firmengeschenk\/#breadcrumb"},"inLanguage":"de","potentialAction":[{"@type":"ReadAction","target":["https:\/\/skyddaskogen.se\/de\/firmengeschenk\/"]}]},{"@type":"ImageObject","inLanguage":"de","@id":"https:\/\/skyddaskogen.se\/de\/firmengeschenk\/#primaryimage","url":"https:\/\/skyddaskogen.se\/wp-content\/uploads\/2023\/12\/skyddaskogen.se-gran-med-spr-av-tretig-hack-h-thenander.jpg","contentUrl":"https:\/\/skyddaskogen.se\/wp-content\/uploads\/2023\/12\/skyddaskogen.se-gran-med-spr-av-tretig-hack-h-thenander.jpg"},{"@type":"BreadcrumbList","@id":"https:\/\/skyddaskogen.se\/de\/firmengeschenk\/#breadcrumb","itemListElement":[{"@type":"ListItem","position":1,"name":"Home","item":"https:\/\/skyddaskogen.se\/de\/schutzen-sie-den-wald\/"},{"@type":"ListItem","position":2,"name":"Firmengeschenk"}]},{"@type":"WebSite","@id":"https:\/\/skyddaskogen.se\/#website","url":"https:\/\/skyddaskogen.se\/","name":"Skydda Skogen","description":"Zum Schutz alter W\u00e4lder und nat\u00fcrlicher Bauernh\u00f6fe","publisher":{"@id":"https:\/\/skyddaskogen.se\/#organization"},"potentialAction":[{"@type":"SearchAction","target":{"@type":"EntryPoint","urlTemplate":"https:\/\/skyddaskogen.se\/?s={search_term_string}"},"query-input":{"@type":"PropertyValueSpecification","valueRequired":true,"valueName":"search_term_string"}}],"inLanguage":"de"},{"@type":"Organization","@id":"https:\/\/skyddaskogen.se\/#organization","name":"Skydda Skogen","url":"https:\/\/skyddaskogen.se\/","logo":{"@type":"ImageObject","inLanguage":"de","@id":"https:\/\/skyddaskogen.se\/#\/schema\/logo\/image\/","url":"https:\/\/skyddaskogen.se\/wp-content\/uploads\/2020\/09\/skyddaskogen.se_favicon-1.png","contentUrl":"https:\/\/skyddaskogen.se\/wp-content\/uploads\/2020\/09\/skyddaskogen.se_favicon-1.png","width":256,"height":256,"caption":"Skydda Skogen"},"image":{"@id":"https:\/\/skyddaskogen.se\/#\/schema\/logo\/image\/"},"sameAs":["https:\/\/www.facebook.com\/groups\/54996954022\/","https:\/\/x.com\/skyddaskogen","https:\/\/www.instagram.com\/skyddaskogen\/","https:\/\/www.youtube.com\/channel\/UCHJVIc9sptUj-qPek3Imitw"]}]}},"campaignId":"","ticketed":false,"_links":{"self":[{"href":"https:\/\/skyddaskogen.se\/de\/wp-json\/wp\/v2\/pages\/68450","targetHints":{"allow":["GET"]}}],"collection":[{"href":"https:\/\/skyddaskogen.se\/de\/wp-json\/wp\/v2\/pages"}],"about":[{"href":"https:\/\/skyddaskogen.se\/de\/wp-json\/wp\/v2\/types\/page"}],"author":[{"embeddable":true,"href":"https:\/\/skyddaskogen.se\/de\/wp-json\/wp\/v2\/users\/32"}],"replies":[{"embeddable":true,"href":"https:\/\/skyddaskogen.se\/de\/wp-json\/wp\/v2\/comments?post=68450"}],"version-history":[{"count":12,"href":"https:\/\/skyddaskogen.se\/de\/wp-json\/wp\/v2\/pages\/68450\/revisions"}],"predecessor-version":[{"id":70916,"href":"https:\/\/skyddaskogen.se\/de\/wp-json\/wp\/v2\/pages\/68450\/revisions\/70916"}],"wp:attachment":[{"href":"https:\/\/skyddaskogen.se\/de\/wp-json\/wp\/v2\/media?parent=68450"}],"curies":[{"name":"wp","href":"https:\/\/api.w.org\/{rel}","templated":true}]}}