{"id":69367,"date":"2026-01-30T15:09:01","date_gmt":"2026-01-30T14:09:01","guid":{"rendered":"https:\/\/skyddaskogen.se\/swedish-forest-vision\/"},"modified":"2026-03-27T14:00:58","modified_gmt":"2026-03-27T13:00:58","slug":"swedish-forest-vision","status":"publish","type":"page","link":"https:\/\/skyddaskogen.se\/de\/projekte\/swedish-forest-vision\/","title":{"rendered":"Swedish Forest Vision"},"content":{"rendered":"\n<div class=\"wp-block-columns is-layout-flex wp-container-core-columns-is-layout-9d6595d7 wp-block-columns-is-layout-flex\">\n<div class=\"wp-block-column is-layout-flow wp-block-column-is-layout-flow\">\n<h2 class=\"wp-block-heading\">Swedish Forest Vision<\/h2>\n\n\n\n<p>Der menschliche Einfluss auf das Klima, der Verlust der Biodiversit\u00e4t und geschw\u00e4chte \u00d6kosysteme bedrohen nun die Grundlagen unserer Zivilisationen. Die politischen Entscheidungen in den kommenden Jahren werden entscheidend sein.  Das Stoppen der Zerst\u00f6rung und Fragmentierung von Wald\u00f6kosystemen sowie die Wiederherstellung und der Schutz der W\u00e4lder der Welt ist grundlegend \u2013 nicht zuletzt, um die Widerstandsf\u00e4higkeit von \u00d6kosystemen in einer Zeit zu st\u00e4rken, in der das Klima immer extremer wird. <br\/><br\/>In einer Zeit, in der die Reduzierung der Emissionen und der Schutz aller m\u00f6glichen Kohlenstoffsenken und jeder Form der Kohlenstoffspeicherung entscheidend ist, transportiert die schwedische Forstwirtschaft weiterhin gro\u00dfe Mengen Kohlenstoff aus W\u00e4ldern in die Atmosph\u00e4re: Aktuelle Erntemethoden verursachen hohe Emissionen von Treibhausgasen.<\/p>\n\n\n\n<div class=\"wp-block-buttons is-layout-flex wp-block-buttons-is-layout-flex\">\n<div class=\"wp-block-button\"><a class=\"wp-block-button__link has-text-link-2-background-color has-background wp-element-button\" href=\"https:\/\/swedishforestvision.org\/\" target=\"_blank\" rel=\"noreferrer noopener\">Website \u2192<\/a><\/div>\n<\/div>\n<\/div>\n\n\n\n<div class=\"wp-block-column is-layout-flow wp-block-column-is-layout-flow\">\n<div style=\"height:50px\" aria-hidden=\"true\" class=\"wp-block-spacer\"><\/div>\n\n\n\n<figure class=\"wp-block-image size-full has-custom-border\"><img fetchpriority=\"high\" decoding=\"async\" width=\"2560\" height=\"1903\" src=\"https:\/\/skyddaskogen.se\/wp-content\/uploads\/2021\/07\/skyddaskogen.se_andreas-m-oxl9jh54xus-unsplash-scaled.jpg\" alt=\"\" class=\"wp-image-22644\" style=\"border-top-left-radius:20px;border-top-right-radius:20px;border-bottom-left-radius:20px;border-bottom-right-radius:20px\" srcset=\"https:\/\/skyddaskogen.se\/wp-content\/uploads\/2021\/07\/skyddaskogen.se_andreas-m-oxl9jh54xus-unsplash-scaled.jpg 2560w, https:\/\/skyddaskogen.se\/wp-content\/uploads\/2021\/07\/skyddaskogen.se_andreas-m-oxl9jh54xus-unsplash-300x223.jpg 300w, https:\/\/skyddaskogen.se\/wp-content\/uploads\/2021\/07\/skyddaskogen.se_andreas-m-oxl9jh54xus-unsplash-1024x761.jpg 1024w, https:\/\/skyddaskogen.se\/wp-content\/uploads\/2021\/07\/skyddaskogen.se_andreas-m-oxl9jh54xus-unsplash-768x571.jpg 768w, https:\/\/skyddaskogen.se\/wp-content\/uploads\/2021\/07\/skyddaskogen.se_andreas-m-oxl9jh54xus-unsplash-1536x1142.jpg 1536w, https:\/\/skyddaskogen.se\/wp-content\/uploads\/2021\/07\/skyddaskogen.se_andreas-m-oxl9jh54xus-unsplash-2048x1523.jpg 2048w\" sizes=\"(max-width: 2560px) 100vw, 2560px\" \/><\/figure>\n<\/div>\n<\/div>\n","protected":false},"excerpt":{"rendered":"<p>Swedish Forest Vision Der menschliche Einfluss auf das Klima, der Verlust der Biodiversit\u00e4t und geschw\u00e4chte \u00d6kosysteme bedrohen nun die Grundlagen unserer Zivilisationen. Die politischen Entscheidungen in den kommenden Jahren werden&hellip;<\/p>\n","protected":false},"author":32,"featured_media":0,"parent":68014,"menu_order":0,"comment_status":"closed","ping_status":"closed","template":"","meta":{"give_campaign_id":0,"_price":"","_stock":"","_tribe_ticket_header":"","_tribe_default_ticket_provider":"","_tribe_ticket_capacity":"0","_ticket_start_date":"","_ticket_end_date":"","_tribe_ticket_show_description":"","_tribe_ticket_show_not_going":false,"_tribe_ticket_use_global_stock":"","_tribe_ticket_global_stock_level":"","_global_stock_mode":"","_global_stock_cap":"","_tribe_rsvp_for_event":"","_tribe_ticket_going_count":"","_tribe_ticket_not_going_count":"","_tribe_tickets_list":"[]","_tribe_ticket_has_attendee_info_fields":false,"footnotes":"","_tec_slr_enabled":"","_tec_slr_layout":""},"class_list":["post-69367","page","type-page","status-publish","hentry"],"yoast_head":"<!-- This site is optimized with the Yoast SEO plugin v27.4 - https:\/\/yoast.com\/product\/yoast-seo-wordpress\/ -->\n<title>Swedish Forest Vision - Sch\u00fczt den wald<\/title>\n<meta name=\"robots\" content=\"index, follow, max-snippet:-1, max-image-preview:large, max-video-preview:-1\" \/>\n<link rel=\"canonical\" href=\"https:\/\/skyddaskogen.se\/de\/projekte\/swedish-forest-vision\/\" \/>\n<meta property=\"og:locale\" content=\"de_DE\" \/>\n<meta property=\"og:type\" content=\"article\" \/>\n<meta property=\"og:title\" content=\"Swedish Forest Vision - Sch\u00fczt den wald\" \/>\n<meta property=\"og:description\" content=\"Swedish Forest Vision Der menschliche Einfluss auf das Klima, der Verlust der Biodiversit\u00e4t und geschw\u00e4chte \u00d6kosysteme bedrohen nun die Grundlagen unserer Zivilisationen. Die politischen Entscheidungen in den kommenden Jahren werden&hellip;\" \/>\n<meta property=\"og:url\" content=\"https:\/\/skyddaskogen.se\/de\/projekte\/swedish-forest-vision\/\" \/>\n<meta property=\"og:site_name\" content=\"Sch\u00fczt den wald\" \/>\n<meta property=\"article:publisher\" content=\"https:\/\/www.facebook.com\/groups\/54996954022\/\" \/>\n<meta property=\"article:modified_time\" content=\"2026-03-27T13:00:58+00:00\" \/>\n<meta property=\"og:image\" content=\"https:\/\/skyddaskogen.se\/wp-content\/uploads\/2021\/07\/skyddaskogen.se_andreas-m-oxl9jh54xus-unsplash-scaled.jpg\" \/>\n\t<meta property=\"og:image:width\" content=\"2560\" \/>\n\t<meta property=\"og:image:height\" content=\"1903\" \/>\n\t<meta property=\"og:image:type\" content=\"image\/jpeg\" \/>\n<meta name=\"twitter:card\" content=\"summary_large_image\" \/>\n<meta name=\"twitter:site\" content=\"@skyddaskogen\" \/>\n<meta name=\"twitter:label1\" content=\"Gesch\u00e4tzte Lesezeit\" \/>\n\t<meta name=\"twitter:data1\" content=\"1\u00a0Minute\" \/>\n<script type=\"application\/ld+json\" class=\"yoast-schema-graph\">{\"@context\":\"https:\\\/\\\/schema.org\",\"@graph\":[{\"@type\":\"WebPage\",\"@id\":\"https:\\\/\\\/skyddaskogen.se\\\/de\\\/projekte\\\/swedish-forest-vision\\\/\",\"url\":\"https:\\\/\\\/skyddaskogen.se\\\/de\\\/projekte\\\/swedish-forest-vision\\\/\",\"name\":\"Swedish Forest Vision - Sch\u00fczt den wald\",\"isPartOf\":{\"@id\":\"https:\\\/\\\/skyddaskogen.se\\\/#website\"},\"primaryImageOfPage\":{\"@id\":\"https:\\\/\\\/skyddaskogen.se\\\/de\\\/projekte\\\/swedish-forest-vision\\\/#primaryimage\"},\"image\":{\"@id\":\"https:\\\/\\\/skyddaskogen.se\\\/de\\\/projekte\\\/swedish-forest-vision\\\/#primaryimage\"},\"thumbnailUrl\":\"https:\\\/\\\/skyddaskogen.se\\\/wp-content\\\/uploads\\\/2021\\\/07\\\/skyddaskogen.se_andreas-m-oxl9jh54xus-unsplash-scaled.jpg\",\"datePublished\":\"2026-01-30T14:09:01+00:00\",\"dateModified\":\"2026-03-27T13:00:58+00:00\",\"breadcrumb\":{\"@id\":\"https:\\\/\\\/skyddaskogen.se\\\/de\\\/projekte\\\/swedish-forest-vision\\\/#breadcrumb\"},\"inLanguage\":\"de\",\"potentialAction\":[{\"@type\":\"ReadAction\",\"target\":[\"https:\\\/\\\/skyddaskogen.se\\\/de\\\/projekte\\\/swedish-forest-vision\\\/\"]}]},{\"@type\":\"ImageObject\",\"inLanguage\":\"de\",\"@id\":\"https:\\\/\\\/skyddaskogen.se\\\/de\\\/projekte\\\/swedish-forest-vision\\\/#primaryimage\",\"url\":\"https:\\\/\\\/skyddaskogen.se\\\/wp-content\\\/uploads\\\/2021\\\/07\\\/skyddaskogen.se_andreas-m-oxl9jh54xus-unsplash-scaled.jpg\",\"contentUrl\":\"https:\\\/\\\/skyddaskogen.se\\\/wp-content\\\/uploads\\\/2021\\\/07\\\/skyddaskogen.se_andreas-m-oxl9jh54xus-unsplash-scaled.jpg\"},{\"@type\":\"BreadcrumbList\",\"@id\":\"https:\\\/\\\/skyddaskogen.se\\\/de\\\/projekte\\\/swedish-forest-vision\\\/#breadcrumb\",\"itemListElement\":[{\"@type\":\"ListItem\",\"position\":1,\"name\":\"Home\",\"item\":\"https:\\\/\\\/skyddaskogen.se\\\/de\\\/schutzen-sie-den-wald\\\/\"},{\"@type\":\"ListItem\",\"position\":2,\"name\":\"Projekte\",\"item\":\"https:\\\/\\\/skyddaskogen.se\\\/de\\\/projekte\\\/\"},{\"@type\":\"ListItem\",\"position\":3,\"name\":\"Swedish Forest Vision\"}]},{\"@type\":\"WebSite\",\"@id\":\"https:\\\/\\\/skyddaskogen.se\\\/#website\",\"url\":\"https:\\\/\\\/skyddaskogen.se\\\/\",\"name\":\"Skydda Skogen\",\"description\":\"Zum Schutz alter W\u00e4lder und nat\u00fcrlicher Bauernh\u00f6fe\",\"publisher\":{\"@id\":\"https:\\\/\\\/skyddaskogen.se\\\/#organization\"},\"potentialAction\":[{\"@type\":\"SearchAction\",\"target\":{\"@type\":\"EntryPoint\",\"urlTemplate\":\"https:\\\/\\\/skyddaskogen.se\\\/?s={search_term_string}\"},\"query-input\":{\"@type\":\"PropertyValueSpecification\",\"valueRequired\":true,\"valueName\":\"search_term_string\"}}],\"inLanguage\":\"de\"},{\"@type\":\"Organization\",\"@id\":\"https:\\\/\\\/skyddaskogen.se\\\/#organization\",\"name\":\"Skydda Skogen\",\"url\":\"https:\\\/\\\/skyddaskogen.se\\\/\",\"logo\":{\"@type\":\"ImageObject\",\"inLanguage\":\"de\",\"@id\":\"https:\\\/\\\/skyddaskogen.se\\\/#\\\/schema\\\/logo\\\/image\\\/\",\"url\":\"https:\\\/\\\/skyddaskogen.se\\\/wp-content\\\/uploads\\\/2020\\\/09\\\/skyddaskogen.se_favicon-1.png\",\"contentUrl\":\"https:\\\/\\\/skyddaskogen.se\\\/wp-content\\\/uploads\\\/2020\\\/09\\\/skyddaskogen.se_favicon-1.png\",\"width\":256,\"height\":256,\"caption\":\"Skydda Skogen\"},\"image\":{\"@id\":\"https:\\\/\\\/skyddaskogen.se\\\/#\\\/schema\\\/logo\\\/image\\\/\"},\"sameAs\":[\"https:\\\/\\\/www.facebook.com\\\/groups\\\/54996954022\\\/\",\"https:\\\/\\\/x.com\\\/skyddaskogen\",\"https:\\\/\\\/www.instagram.com\\\/skyddaskogen\\\/\",\"https:\\\/\\\/www.youtube.com\\\/channel\\\/UCHJVIc9sptUj-qPek3Imitw\"]}]}<\/script>\n<!-- \/ Yoast SEO plugin. -->","yoast_head_json":{"title":"Swedish Forest Vision - Sch\u00fczt den wald","robots":{"index":"index","follow":"follow","max-snippet":"max-snippet:-1","max-image-preview":"max-image-preview:large","max-video-preview":"max-video-preview:-1"},"canonical":"https:\/\/skyddaskogen.se\/de\/projekte\/swedish-forest-vision\/","og_locale":"de_DE","og_type":"article","og_title":"Swedish Forest Vision - Sch\u00fczt den wald","og_description":"Swedish Forest Vision Der menschliche Einfluss auf das Klima, der Verlust der Biodiversit\u00e4t und geschw\u00e4chte \u00d6kosysteme bedrohen nun die Grundlagen unserer Zivilisationen. Die politischen Entscheidungen in den kommenden Jahren werden&hellip;","og_url":"https:\/\/skyddaskogen.se\/de\/projekte\/swedish-forest-vision\/","og_site_name":"Sch\u00fczt den wald","article_publisher":"https:\/\/www.facebook.com\/groups\/54996954022\/","article_modified_time":"2026-03-27T13:00:58+00:00","og_image":[{"width":2560,"height":1903,"url":"https:\/\/skyddaskogen.se\/wp-content\/uploads\/2021\/07\/skyddaskogen.se_andreas-m-oxl9jh54xus-unsplash-scaled.jpg","type":"image\/jpeg"}],"twitter_card":"summary_large_image","twitter_site":"@skyddaskogen","twitter_misc":{"Gesch\u00e4tzte Lesezeit":"1\u00a0Minute"},"schema":{"@context":"https:\/\/schema.org","@graph":[{"@type":"WebPage","@id":"https:\/\/skyddaskogen.se\/de\/projekte\/swedish-forest-vision\/","url":"https:\/\/skyddaskogen.se\/de\/projekte\/swedish-forest-vision\/","name":"Swedish Forest Vision - Sch\u00fczt den wald","isPartOf":{"@id":"https:\/\/skyddaskogen.se\/#website"},"primaryImageOfPage":{"@id":"https:\/\/skyddaskogen.se\/de\/projekte\/swedish-forest-vision\/#primaryimage"},"image":{"@id":"https:\/\/skyddaskogen.se\/de\/projekte\/swedish-forest-vision\/#primaryimage"},"thumbnailUrl":"https:\/\/skyddaskogen.se\/wp-content\/uploads\/2021\/07\/skyddaskogen.se_andreas-m-oxl9jh54xus-unsplash-scaled.jpg","datePublished":"2026-01-30T14:09:01+00:00","dateModified":"2026-03-27T13:00:58+00:00","breadcrumb":{"@id":"https:\/\/skyddaskogen.se\/de\/projekte\/swedish-forest-vision\/#breadcrumb"},"inLanguage":"de","potentialAction":[{"@type":"ReadAction","target":["https:\/\/skyddaskogen.se\/de\/projekte\/swedish-forest-vision\/"]}]},{"@type":"ImageObject","inLanguage":"de","@id":"https:\/\/skyddaskogen.se\/de\/projekte\/swedish-forest-vision\/#primaryimage","url":"https:\/\/skyddaskogen.se\/wp-content\/uploads\/2021\/07\/skyddaskogen.se_andreas-m-oxl9jh54xus-unsplash-scaled.jpg","contentUrl":"https:\/\/skyddaskogen.se\/wp-content\/uploads\/2021\/07\/skyddaskogen.se_andreas-m-oxl9jh54xus-unsplash-scaled.jpg"},{"@type":"BreadcrumbList","@id":"https:\/\/skyddaskogen.se\/de\/projekte\/swedish-forest-vision\/#breadcrumb","itemListElement":[{"@type":"ListItem","position":1,"name":"Home","item":"https:\/\/skyddaskogen.se\/de\/schutzen-sie-den-wald\/"},{"@type":"ListItem","position":2,"name":"Projekte","item":"https:\/\/skyddaskogen.se\/de\/projekte\/"},{"@type":"ListItem","position":3,"name":"Swedish Forest Vision"}]},{"@type":"WebSite","@id":"https:\/\/skyddaskogen.se\/#website","url":"https:\/\/skyddaskogen.se\/","name":"Skydda Skogen","description":"Zum Schutz alter W\u00e4lder und nat\u00fcrlicher Bauernh\u00f6fe","publisher":{"@id":"https:\/\/skyddaskogen.se\/#organization"},"potentialAction":[{"@type":"SearchAction","target":{"@type":"EntryPoint","urlTemplate":"https:\/\/skyddaskogen.se\/?s={search_term_string}"},"query-input":{"@type":"PropertyValueSpecification","valueRequired":true,"valueName":"search_term_string"}}],"inLanguage":"de"},{"@type":"Organization","@id":"https:\/\/skyddaskogen.se\/#organization","name":"Skydda Skogen","url":"https:\/\/skyddaskogen.se\/","logo":{"@type":"ImageObject","inLanguage":"de","@id":"https:\/\/skyddaskogen.se\/#\/schema\/logo\/image\/","url":"https:\/\/skyddaskogen.se\/wp-content\/uploads\/2020\/09\/skyddaskogen.se_favicon-1.png","contentUrl":"https:\/\/skyddaskogen.se\/wp-content\/uploads\/2020\/09\/skyddaskogen.se_favicon-1.png","width":256,"height":256,"caption":"Skydda Skogen"},"image":{"@id":"https:\/\/skyddaskogen.se\/#\/schema\/logo\/image\/"},"sameAs":["https:\/\/www.facebook.com\/groups\/54996954022\/","https:\/\/x.com\/skyddaskogen","https:\/\/www.instagram.com\/skyddaskogen\/","https:\/\/www.youtube.com\/channel\/UCHJVIc9sptUj-qPek3Imitw"]}]}},"campaignId":"","ticketed":false,"_links":{"self":[{"href":"https:\/\/skyddaskogen.se\/de\/wp-json\/wp\/v2\/pages\/69367","targetHints":{"allow":["GET"]}}],"collection":[{"href":"https:\/\/skyddaskogen.se\/de\/wp-json\/wp\/v2\/pages"}],"about":[{"href":"https:\/\/skyddaskogen.se\/de\/wp-json\/wp\/v2\/types\/page"}],"author":[{"embeddable":true,"href":"https:\/\/skyddaskogen.se\/de\/wp-json\/wp\/v2\/users\/32"}],"replies":[{"embeddable":true,"href":"https:\/\/skyddaskogen.se\/de\/wp-json\/wp\/v2\/comments?post=69367"}],"version-history":[{"count":6,"href":"https:\/\/skyddaskogen.se\/de\/wp-json\/wp\/v2\/pages\/69367\/revisions"}],"predecessor-version":[{"id":70522,"href":"https:\/\/skyddaskogen.se\/de\/wp-json\/wp\/v2\/pages\/69367\/revisions\/70522"}],"up":[{"embeddable":true,"href":"https:\/\/skyddaskogen.se\/de\/wp-json\/wp\/v2\/pages\/68014"}],"wp:attachment":[{"href":"https:\/\/skyddaskogen.se\/de\/wp-json\/wp\/v2\/media?parent=69367"}],"curies":[{"name":"wp","href":"https:\/\/api.w.org\/{rel}","templated":true}]}}