{"id":70091,"date":"2026-03-16T22:04:52","date_gmt":"2026-03-16T21:04:52","guid":{"rendered":"https:\/\/skyddaskogen.se\/aktivitaten\/die-forschungsreise\/"},"modified":"2026-03-26T16:38:19","modified_gmt":"2026-03-26T15:38:19","slug":"die-forschungsreise","status":"publish","type":"page","link":"https:\/\/skyddaskogen.se\/de\/projekte\/die-forschungsreise\/","title":{"rendered":"Die Forschungsreise"},"content":{"rendered":"\n<h2 class=\"wp-block-heading\">Die Forschungsreise<\/h2>\n\n<div class=\"wp-block-columns is-layout-flex wp-container-core-columns-is-layout-9d6595d7 wp-block-columns-is-layout-flex\">\n<div class=\"wp-block-column is-layout-flow wp-block-column-is-layout-flow\">\n<p>Seit \u00fcber 30 Jahren organisiert <a href=\"https:\/\/www.naturskyddsforeningen.se\/\" type=\"link\" id=\"https:\/\/www.naturskyddsforeningen.se\/\" target=\"_blank\" rel=\"noreferrer noopener\">die Schwedische Gesellschaft f\u00fcr Naturschutz<\/a> und Waldschutz jeden Sommer die &#8222;Forschungsreise in die Wildnis des Naturschutzes&#8220;, eine gemeinn\u00fctzige Inventarisierungswoche f\u00fcr ungesch\u00fctzte W\u00e4lder, die h\u00e4ufig im Norden Schwedens stattfindet. W\u00e4hrend der Reise werden bedrohte Arten und wichtige Naturwaldgebiete dokumentiert, was zur langfristigen Sicherung der schwedischen W\u00e4lder beitr\u00e4gt. <\/p>\n\n\n\n<p>Die w\u00e4hrend der Forschungsreise erfassten W\u00e4lder haben hohe Naturschutzwerte, und viele davon sind Naturw\u00e4lder, die Schweden verpflichtet hat, sp\u00e4testens bis 2030 langfristig zu sch\u00fctzen. Die Forschungsreise bietet den Teilnehmern auch die M\u00f6glichkeit, zu lernen, wie man W\u00e4lder inventarisiert, Naturschutzarten erkennt und Wissen mit anderen Natur- und Forstbegeisterten austauscht. <\/p>\n<\/div>\n\n\n\n<div class=\"wp-block-column is-layout-flow wp-block-column-is-layout-flow\">\n<figure class=\"wp-block-image size-full has-custom-border\"><img fetchpriority=\"high\" decoding=\"async\" width=\"1000\" height=\"666\" src=\"https:\/\/skyddaskogen.se\/wp-content\/uploads\/2022\/05\/bild-forsta-uppropet-helena-bjornstrom.jpg\" alt=\"Die Forschungsreise 2019 nach Ljungdalen.\" class=\"wp-image-28884\" style=\"border-top-left-radius:20px;border-top-right-radius:20px;border-bottom-left-radius:20px;border-bottom-right-radius:20px\" srcset=\"https:\/\/skyddaskogen.se\/wp-content\/uploads\/2022\/05\/bild-forsta-uppropet-helena-bjornstrom.jpg 1000w, https:\/\/skyddaskogen.se\/wp-content\/uploads\/2022\/05\/bild-forsta-uppropet-helena-bjornstrom-300x200.jpg 300w, https:\/\/skyddaskogen.se\/wp-content\/uploads\/2022\/05\/bild-forsta-uppropet-helena-bjornstrom-768x511.jpg 768w, https:\/\/skyddaskogen.se\/wp-content\/uploads\/2022\/05\/bild-forsta-uppropet-helena-bjornstrom-570x380.jpg 570w, https:\/\/skyddaskogen.se\/wp-content\/uploads\/2022\/05\/bild-forsta-uppropet-helena-bjornstrom-380x254.jpg 380w, https:\/\/skyddaskogen.se\/wp-content\/uploads\/2022\/05\/bild-forsta-uppropet-helena-bjornstrom-285x190.jpg 285w\" sizes=\"(max-width: 1000px) 100vw, 1000px\" \/><\/figure>\n<\/div>\n<\/div>\n\n<p><\/p>\n\n<h2 class=\"wp-block-heading\">Nachrichten<\/h2>\n<ul class=\"wp-block-latest-posts__list is-grid columns-3 has-dates wp-block-latest-posts\"><li><div class=\"wp-block-latest-posts__featured-image\"><a href=\"https:\/\/skyddaskogen.se\/de\/berichte-von-der-forschungsreise-in-den-aussengebieten-des-naturschutzes-2025\/\" aria-label=\"Berichte von der Forschungsreise in den Au\u00dfengebieten des Naturschutzes 2025\"><img decoding=\"async\" width=\"370\" height=\"247\" src=\"https:\/\/skyddaskogen.se\/wp-content\/uploads\/2024\/01\/tokberget-forskningsresan-klas-magnusson-scaled.jpeg\" class=\"attachment-trx_addons-thumb-avatar size-trx_addons-thumb-avatar wp-post-image\" alt=\"\" style=\"\" srcset=\"https:\/\/skyddaskogen.se\/wp-content\/uploads\/2024\/01\/tokberget-forskningsresan-klas-magnusson-scaled.jpeg 2560w, https:\/\/skyddaskogen.se\/wp-content\/uploads\/2024\/01\/tokberget-forskningsresan-klas-magnusson-300x200.jpeg 300w, https:\/\/skyddaskogen.se\/wp-content\/uploads\/2024\/01\/tokberget-forskningsresan-klas-magnusson-1024x683.jpeg 1024w, https:\/\/skyddaskogen.se\/wp-content\/uploads\/2024\/01\/tokberget-forskningsresan-klas-magnusson-768x512.jpeg 768w, https:\/\/skyddaskogen.se\/wp-content\/uploads\/2024\/01\/tokberget-forskningsresan-klas-magnusson-1536x1024.jpeg 1536w, https:\/\/skyddaskogen.se\/wp-content\/uploads\/2024\/01\/tokberget-forskningsresan-klas-magnusson-2048x1365.jpeg 2048w, https:\/\/skyddaskogen.se\/wp-content\/uploads\/2024\/01\/tokberget-forskningsresan-klas-magnusson-1140x760.jpeg 1140w, https:\/\/skyddaskogen.se\/wp-content\/uploads\/2024\/01\/tokberget-forskningsresan-klas-magnusson-570x380.jpeg 570w, https:\/\/skyddaskogen.se\/wp-content\/uploads\/2024\/01\/tokberget-forskningsresan-klas-magnusson-380x254.jpeg 380w, https:\/\/skyddaskogen.se\/wp-content\/uploads\/2024\/01\/tokberget-forskningsresan-klas-magnusson-285x190.jpeg 285w\" sizes=\"(max-width: 600px) 100vw, 370px\" \/><\/a><\/div><a class=\"wp-block-latest-posts__post-title\" href=\"https:\/\/skyddaskogen.se\/de\/berichte-von-der-forschungsreise-in-den-aussengebieten-des-naturschutzes-2025\/\">Berichte von der Forschungsreise in den Au\u00dfengebieten des Naturschutzes 2025<\/a><time datetime=\"2026-04-09T20:33:06+02:00\" class=\"wp-block-latest-posts__post-date\">9. April 2026<\/time><\/li>\n<li><div class=\"wp-block-latest-posts__featured-image\"><a href=\"https:\/\/skyddaskogen.se\/de\/die-forschungsreise-in-die-wildnis-des-naturschutzes-woche-30-juli-2025-bjurholm-vaesterbotten-county-und-korpilombolo-norrbotten-county\/\" aria-label=\"Die Forschungsreise in die Wildnis des Naturschutzes Woche 30, Juli 2025 Bjurholm, V\u00e4sterbotten County und Korpilombolo, Norrbotten County\"><img decoding=\"async\" width=\"370\" height=\"370\" src=\"https:\/\/skyddaskogen.se\/wp-content\/uploads\/2024\/04\/logga-forskningsresan-hog-1.jpg\" class=\"attachment-trx_addons-thumb-avatar size-trx_addons-thumb-avatar wp-post-image\" alt=\"\" style=\"\" srcset=\"https:\/\/skyddaskogen.se\/wp-content\/uploads\/2024\/04\/logga-forskningsresan-hog-1.jpg 2473w, https:\/\/skyddaskogen.se\/wp-content\/uploads\/2024\/04\/logga-forskningsresan-hog-1-300x300.jpg 300w, https:\/\/skyddaskogen.se\/wp-content\/uploads\/2024\/04\/logga-forskningsresan-hog-1-1024x1021.jpg 1024w, https:\/\/skyddaskogen.se\/wp-content\/uploads\/2024\/04\/logga-forskningsresan-hog-1-150x150.jpg 150w, https:\/\/skyddaskogen.se\/wp-content\/uploads\/2024\/04\/logga-forskningsresan-hog-1-768x766.jpg 768w, https:\/\/skyddaskogen.se\/wp-content\/uploads\/2024\/04\/logga-forskningsresan-hog-1-1536x1531.jpg 1536w, https:\/\/skyddaskogen.se\/wp-content\/uploads\/2024\/04\/logga-forskningsresan-hog-1-2048x2041.jpg 2048w, https:\/\/skyddaskogen.se\/wp-content\/uploads\/2024\/04\/logga-forskningsresan-hog-1-90x90.jpg 90w, https:\/\/skyddaskogen.se\/wp-content\/uploads\/2024\/04\/logga-forskningsresan-hog-1-570x570.jpg 570w, https:\/\/skyddaskogen.se\/wp-content\/uploads\/2024\/04\/logga-forskningsresan-hog-1-380x380.jpg 380w, https:\/\/skyddaskogen.se\/wp-content\/uploads\/2024\/04\/logga-forskningsresan-hog-1-285x285.jpg 285w\" sizes=\"(max-width: 600px) 100vw, 370px\" \/><\/a><\/div><a class=\"wp-block-latest-posts__post-title\" href=\"https:\/\/skyddaskogen.se\/de\/die-forschungsreise-in-die-wildnis-des-naturschutzes-woche-30-juli-2025-bjurholm-vaesterbotten-county-und-korpilombolo-norrbotten-county\/\">Die Forschungsreise in die Wildnis des Naturschutzes Woche 30, Juli 2025 Bjurholm, V\u00e4sterbotten County und Korpilombolo, Norrbotten County<\/a><time datetime=\"2025-04-10T11:00:00+02:00\" class=\"wp-block-latest-posts__post-date\">10. April 2025<\/time><\/li>\n<li><div class=\"wp-block-latest-posts__featured-image\"><a href=\"https:\/\/skyddaskogen.se\/de\/reports-from-the-research-trip-in-the-outskirts-of-nature-conservation-2024\/\" aria-label=\"Reports from the Research Trip in the Outskirts of Nature Conservation 2024\"><img loading=\"lazy\" decoding=\"async\" width=\"269\" height=\"272\" src=\"https:\/\/skyddaskogen.se\/wp-content\/uploads\/2025\/03\/image-6.png\" class=\"attachment-trx_addons-thumb-avatar size-trx_addons-thumb-avatar wp-post-image\" alt=\"\" style=\"\" srcset=\"https:\/\/skyddaskogen.se\/wp-content\/uploads\/2025\/03\/image-6.png 269w, https:\/\/skyddaskogen.se\/wp-content\/uploads\/2025\/03\/image-6-120x120.png 120w\" sizes=\"(max-width: 269px) 100vw, 269px\" \/><\/a><\/div><a class=\"wp-block-latest-posts__post-title\" href=\"https:\/\/skyddaskogen.se\/de\/reports-from-the-research-trip-in-the-outskirts-of-nature-conservation-2024\/\">Reports from the Research Trip in the Outskirts of Nature Conservation 2024<\/a><time datetime=\"2024-03-10T12:25:00+01:00\" class=\"wp-block-latest-posts__post-date\">10. M\u00e4rz 2024<\/time><\/li>\n<\/ul>","protected":false},"excerpt":{"rendered":"<p>Die Forschungsreise Seit \u00fcber 30 Jahren organisiert die Schwedische Gesellschaft f\u00fcr Naturschutz und Waldschutz jeden Sommer die &#8222;Forschungsreise in die Wildnis des Naturschutzes&#8220;, eine gemeinn\u00fctzige Inventarisierungswoche f\u00fcr ungesch\u00fctzte W\u00e4lder, die&hellip;<\/p>\n","protected":false},"author":32,"featured_media":0,"parent":68014,"menu_order":0,"comment_status":"closed","ping_status":"closed","template":"","meta":{"give_campaign_id":0,"_price":"","_stock":"","_tribe_ticket_header":"","_tribe_default_ticket_provider":"","_tribe_ticket_capacity":"0","_ticket_start_date":"","_ticket_end_date":"","_tribe_ticket_show_description":"","_tribe_ticket_show_not_going":false,"_tribe_ticket_use_global_stock":"","_tribe_ticket_global_stock_level":"","_global_stock_mode":"","_global_stock_cap":"","_tribe_rsvp_for_event":"","_tribe_ticket_going_count":"","_tribe_ticket_not_going_count":"","_tribe_tickets_list":"[]","_tribe_ticket_has_attendee_info_fields":false,"footnotes":"","_tec_slr_enabled":"","_tec_slr_layout":""},"class_list":["post-70091","page","type-page","status-publish","hentry"],"yoast_head":"<!-- This site is optimized with the Yoast SEO plugin v27.4 - https:\/\/yoast.com\/product\/yoast-seo-wordpress\/ -->\n<title>Die Forschungsreise - Sch\u00fczt den wald<\/title>\n<meta name=\"robots\" content=\"index, follow, max-snippet:-1, max-image-preview:large, max-video-preview:-1\" \/>\n<link rel=\"canonical\" href=\"https:\/\/skyddaskogen.se\/de\/projekte\/die-forschungsreise\/\" \/>\n<meta property=\"og:locale\" content=\"de_DE\" \/>\n<meta property=\"og:type\" content=\"article\" \/>\n<meta property=\"og:title\" content=\"Die Forschungsreise - Sch\u00fczt den wald\" \/>\n<meta property=\"og:description\" content=\"Die Forschungsreise Seit \u00fcber 30 Jahren organisiert die Schwedische Gesellschaft f\u00fcr Naturschutz und Waldschutz jeden Sommer die &#8222;Forschungsreise in die Wildnis des Naturschutzes&#8220;, eine gemeinn\u00fctzige Inventarisierungswoche f\u00fcr ungesch\u00fctzte W\u00e4lder, die&hellip;\" \/>\n<meta property=\"og:url\" content=\"https:\/\/skyddaskogen.se\/de\/projekte\/die-forschungsreise\/\" \/>\n<meta property=\"og:site_name\" content=\"Sch\u00fczt den wald\" \/>\n<meta property=\"article:publisher\" content=\"https:\/\/www.facebook.com\/groups\/54996954022\/\" \/>\n<meta property=\"article:modified_time\" content=\"2026-03-26T15:38:19+00:00\" \/>\n<meta property=\"og:image\" content=\"https:\/\/skyddaskogen.se\/wp-content\/uploads\/2022\/05\/bild-forsta-uppropet-helena-bjornstrom.jpg\" \/>\n\t<meta property=\"og:image:width\" content=\"1000\" \/>\n\t<meta property=\"og:image:height\" content=\"666\" \/>\n\t<meta property=\"og:image:type\" content=\"image\/jpeg\" \/>\n<meta name=\"twitter:card\" content=\"summary_large_image\" \/>\n<meta name=\"twitter:site\" content=\"@skyddaskogen\" \/>\n<meta name=\"twitter:label1\" content=\"Gesch\u00e4tzte Lesezeit\" \/>\n\t<meta name=\"twitter:data1\" content=\"1\u00a0Minute\" \/>\n<script type=\"application\/ld+json\" class=\"yoast-schema-graph\">{\"@context\":\"https:\\\/\\\/schema.org\",\"@graph\":[{\"@type\":\"WebPage\",\"@id\":\"https:\\\/\\\/skyddaskogen.se\\\/de\\\/projekte\\\/die-forschungsreise\\\/\",\"url\":\"https:\\\/\\\/skyddaskogen.se\\\/de\\\/projekte\\\/die-forschungsreise\\\/\",\"name\":\"Die Forschungsreise - Sch\u00fczt den wald\",\"isPartOf\":{\"@id\":\"https:\\\/\\\/skyddaskogen.se\\\/#website\"},\"primaryImageOfPage\":{\"@id\":\"https:\\\/\\\/skyddaskogen.se\\\/de\\\/projekte\\\/die-forschungsreise\\\/#primaryimage\"},\"image\":{\"@id\":\"https:\\\/\\\/skyddaskogen.se\\\/de\\\/projekte\\\/die-forschungsreise\\\/#primaryimage\"},\"thumbnailUrl\":\"https:\\\/\\\/skyddaskogen.se\\\/wp-content\\\/uploads\\\/2022\\\/05\\\/bild-forsta-uppropet-helena-bjornstrom.jpg\",\"datePublished\":\"2026-03-16T21:04:52+00:00\",\"dateModified\":\"2026-03-26T15:38:19+00:00\",\"breadcrumb\":{\"@id\":\"https:\\\/\\\/skyddaskogen.se\\\/de\\\/projekte\\\/die-forschungsreise\\\/#breadcrumb\"},\"inLanguage\":\"de\",\"potentialAction\":[{\"@type\":\"ReadAction\",\"target\":[\"https:\\\/\\\/skyddaskogen.se\\\/de\\\/projekte\\\/die-forschungsreise\\\/\"]}]},{\"@type\":\"ImageObject\",\"inLanguage\":\"de\",\"@id\":\"https:\\\/\\\/skyddaskogen.se\\\/de\\\/projekte\\\/die-forschungsreise\\\/#primaryimage\",\"url\":\"https:\\\/\\\/skyddaskogen.se\\\/wp-content\\\/uploads\\\/2022\\\/05\\\/bild-forsta-uppropet-helena-bjornstrom.jpg\",\"contentUrl\":\"https:\\\/\\\/skyddaskogen.se\\\/wp-content\\\/uploads\\\/2022\\\/05\\\/bild-forsta-uppropet-helena-bjornstrom.jpg\"},{\"@type\":\"BreadcrumbList\",\"@id\":\"https:\\\/\\\/skyddaskogen.se\\\/de\\\/projekte\\\/die-forschungsreise\\\/#breadcrumb\",\"itemListElement\":[{\"@type\":\"ListItem\",\"position\":1,\"name\":\"Home\",\"item\":\"https:\\\/\\\/skyddaskogen.se\\\/de\\\/schutzen-sie-den-wald\\\/\"},{\"@type\":\"ListItem\",\"position\":2,\"name\":\"Projekte\",\"item\":\"https:\\\/\\\/skyddaskogen.se\\\/de\\\/projekte\\\/\"},{\"@type\":\"ListItem\",\"position\":3,\"name\":\"Die Forschungsreise\"}]},{\"@type\":\"WebSite\",\"@id\":\"https:\\\/\\\/skyddaskogen.se\\\/#website\",\"url\":\"https:\\\/\\\/skyddaskogen.se\\\/\",\"name\":\"Skydda Skogen\",\"description\":\"Zum Schutz alter W\u00e4lder und nat\u00fcrlicher Bauernh\u00f6fe\",\"publisher\":{\"@id\":\"https:\\\/\\\/skyddaskogen.se\\\/#organization\"},\"potentialAction\":[{\"@type\":\"SearchAction\",\"target\":{\"@type\":\"EntryPoint\",\"urlTemplate\":\"https:\\\/\\\/skyddaskogen.se\\\/?s={search_term_string}\"},\"query-input\":{\"@type\":\"PropertyValueSpecification\",\"valueRequired\":true,\"valueName\":\"search_term_string\"}}],\"inLanguage\":\"de\"},{\"@type\":\"Organization\",\"@id\":\"https:\\\/\\\/skyddaskogen.se\\\/#organization\",\"name\":\"Skydda Skogen\",\"url\":\"https:\\\/\\\/skyddaskogen.se\\\/\",\"logo\":{\"@type\":\"ImageObject\",\"inLanguage\":\"de\",\"@id\":\"https:\\\/\\\/skyddaskogen.se\\\/#\\\/schema\\\/logo\\\/image\\\/\",\"url\":\"https:\\\/\\\/skyddaskogen.se\\\/wp-content\\\/uploads\\\/2020\\\/09\\\/skyddaskogen.se_favicon-1.png\",\"contentUrl\":\"https:\\\/\\\/skyddaskogen.se\\\/wp-content\\\/uploads\\\/2020\\\/09\\\/skyddaskogen.se_favicon-1.png\",\"width\":256,\"height\":256,\"caption\":\"Skydda Skogen\"},\"image\":{\"@id\":\"https:\\\/\\\/skyddaskogen.se\\\/#\\\/schema\\\/logo\\\/image\\\/\"},\"sameAs\":[\"https:\\\/\\\/www.facebook.com\\\/groups\\\/54996954022\\\/\",\"https:\\\/\\\/x.com\\\/skyddaskogen\",\"https:\\\/\\\/www.instagram.com\\\/skyddaskogen\\\/\",\"https:\\\/\\\/www.youtube.com\\\/channel\\\/UCHJVIc9sptUj-qPek3Imitw\"]}]}<\/script>\n<!-- \/ Yoast SEO plugin. -->","yoast_head_json":{"title":"Die Forschungsreise - Sch\u00fczt den wald","robots":{"index":"index","follow":"follow","max-snippet":"max-snippet:-1","max-image-preview":"max-image-preview:large","max-video-preview":"max-video-preview:-1"},"canonical":"https:\/\/skyddaskogen.se\/de\/projekte\/die-forschungsreise\/","og_locale":"de_DE","og_type":"article","og_title":"Die Forschungsreise - Sch\u00fczt den wald","og_description":"Die Forschungsreise Seit \u00fcber 30 Jahren organisiert die Schwedische Gesellschaft f\u00fcr Naturschutz und Waldschutz jeden Sommer die &#8222;Forschungsreise in die Wildnis des Naturschutzes&#8220;, eine gemeinn\u00fctzige Inventarisierungswoche f\u00fcr ungesch\u00fctzte W\u00e4lder, die&hellip;","og_url":"https:\/\/skyddaskogen.se\/de\/projekte\/die-forschungsreise\/","og_site_name":"Sch\u00fczt den wald","article_publisher":"https:\/\/www.facebook.com\/groups\/54996954022\/","article_modified_time":"2026-03-26T15:38:19+00:00","og_image":[{"width":1000,"height":666,"url":"https:\/\/skyddaskogen.se\/wp-content\/uploads\/2022\/05\/bild-forsta-uppropet-helena-bjornstrom.jpg","type":"image\/jpeg"}],"twitter_card":"summary_large_image","twitter_site":"@skyddaskogen","twitter_misc":{"Gesch\u00e4tzte Lesezeit":"1\u00a0Minute"},"schema":{"@context":"https:\/\/schema.org","@graph":[{"@type":"WebPage","@id":"https:\/\/skyddaskogen.se\/de\/projekte\/die-forschungsreise\/","url":"https:\/\/skyddaskogen.se\/de\/projekte\/die-forschungsreise\/","name":"Die Forschungsreise - Sch\u00fczt den wald","isPartOf":{"@id":"https:\/\/skyddaskogen.se\/#website"},"primaryImageOfPage":{"@id":"https:\/\/skyddaskogen.se\/de\/projekte\/die-forschungsreise\/#primaryimage"},"image":{"@id":"https:\/\/skyddaskogen.se\/de\/projekte\/die-forschungsreise\/#primaryimage"},"thumbnailUrl":"https:\/\/skyddaskogen.se\/wp-content\/uploads\/2022\/05\/bild-forsta-uppropet-helena-bjornstrom.jpg","datePublished":"2026-03-16T21:04:52+00:00","dateModified":"2026-03-26T15:38:19+00:00","breadcrumb":{"@id":"https:\/\/skyddaskogen.se\/de\/projekte\/die-forschungsreise\/#breadcrumb"},"inLanguage":"de","potentialAction":[{"@type":"ReadAction","target":["https:\/\/skyddaskogen.se\/de\/projekte\/die-forschungsreise\/"]}]},{"@type":"ImageObject","inLanguage":"de","@id":"https:\/\/skyddaskogen.se\/de\/projekte\/die-forschungsreise\/#primaryimage","url":"https:\/\/skyddaskogen.se\/wp-content\/uploads\/2022\/05\/bild-forsta-uppropet-helena-bjornstrom.jpg","contentUrl":"https:\/\/skyddaskogen.se\/wp-content\/uploads\/2022\/05\/bild-forsta-uppropet-helena-bjornstrom.jpg"},{"@type":"BreadcrumbList","@id":"https:\/\/skyddaskogen.se\/de\/projekte\/die-forschungsreise\/#breadcrumb","itemListElement":[{"@type":"ListItem","position":1,"name":"Home","item":"https:\/\/skyddaskogen.se\/de\/schutzen-sie-den-wald\/"},{"@type":"ListItem","position":2,"name":"Projekte","item":"https:\/\/skyddaskogen.se\/de\/projekte\/"},{"@type":"ListItem","position":3,"name":"Die Forschungsreise"}]},{"@type":"WebSite","@id":"https:\/\/skyddaskogen.se\/#website","url":"https:\/\/skyddaskogen.se\/","name":"Skydda Skogen","description":"Zum Schutz alter W\u00e4lder und nat\u00fcrlicher Bauernh\u00f6fe","publisher":{"@id":"https:\/\/skyddaskogen.se\/#organization"},"potentialAction":[{"@type":"SearchAction","target":{"@type":"EntryPoint","urlTemplate":"https:\/\/skyddaskogen.se\/?s={search_term_string}"},"query-input":{"@type":"PropertyValueSpecification","valueRequired":true,"valueName":"search_term_string"}}],"inLanguage":"de"},{"@type":"Organization","@id":"https:\/\/skyddaskogen.se\/#organization","name":"Skydda Skogen","url":"https:\/\/skyddaskogen.se\/","logo":{"@type":"ImageObject","inLanguage":"de","@id":"https:\/\/skyddaskogen.se\/#\/schema\/logo\/image\/","url":"https:\/\/skyddaskogen.se\/wp-content\/uploads\/2020\/09\/skyddaskogen.se_favicon-1.png","contentUrl":"https:\/\/skyddaskogen.se\/wp-content\/uploads\/2020\/09\/skyddaskogen.se_favicon-1.png","width":256,"height":256,"caption":"Skydda Skogen"},"image":{"@id":"https:\/\/skyddaskogen.se\/#\/schema\/logo\/image\/"},"sameAs":["https:\/\/www.facebook.com\/groups\/54996954022\/","https:\/\/x.com\/skyddaskogen","https:\/\/www.instagram.com\/skyddaskogen\/","https:\/\/www.youtube.com\/channel\/UCHJVIc9sptUj-qPek3Imitw"]}]}},"campaignId":"","ticketed":false,"_links":{"self":[{"href":"https:\/\/skyddaskogen.se\/de\/wp-json\/wp\/v2\/pages\/70091","targetHints":{"allow":["GET"]}}],"collection":[{"href":"https:\/\/skyddaskogen.se\/de\/wp-json\/wp\/v2\/pages"}],"about":[{"href":"https:\/\/skyddaskogen.se\/de\/wp-json\/wp\/v2\/types\/page"}],"author":[{"embeddable":true,"href":"https:\/\/skyddaskogen.se\/de\/wp-json\/wp\/v2\/users\/32"}],"replies":[{"embeddable":true,"href":"https:\/\/skyddaskogen.se\/de\/wp-json\/wp\/v2\/comments?post=70091"}],"version-history":[{"count":2,"href":"https:\/\/skyddaskogen.se\/de\/wp-json\/wp\/v2\/pages\/70091\/revisions"}],"predecessor-version":[{"id":70340,"href":"https:\/\/skyddaskogen.se\/de\/wp-json\/wp\/v2\/pages\/70091\/revisions\/70340"}],"up":[{"embeddable":true,"href":"https:\/\/skyddaskogen.se\/de\/wp-json\/wp\/v2\/pages\/68014"}],"wp:attachment":[{"href":"https:\/\/skyddaskogen.se\/de\/wp-json\/wp\/v2\/media?parent=70091"}],"curies":[{"name":"wp","href":"https:\/\/api.w.org\/{rel}","templated":true}]}}