{"id":70319,"date":"2026-03-26T16:19:59","date_gmt":"2026-03-26T15:19:59","guid":{"rendered":"https:\/\/skyddaskogen.se\/projekte\/boreale-pilzwaelder\/"},"modified":"2026-03-27T10:28:21","modified_gmt":"2026-03-27T09:28:21","slug":"boreale-pilzwaelder","status":"publish","type":"page","link":"https:\/\/skyddaskogen.se\/de\/projekte\/boreale-pilzwaelder\/","title":{"rendered":"Boreale Pilzw\u00e4lder"},"content":{"rendered":"\n<div class=\"wp-block-columns is-layout-flex wp-container-core-columns-is-layout-9d6595d7 wp-block-columns-is-layout-flex\">\n<div class=\"wp-block-column is-layout-flow wp-block-column-is-layout-flow\">\n<h2 class=\"wp-block-heading\" style=\"margin-top:var(--wp--preset--spacing--40);margin-bottom:var(--wp--preset--spacing--40)\">Boreale Pilzw\u00e4lder<\/h2>\n\n\n\n<p>Boreal Fungal Forests ist ein mykologisches Naturschutzprojekt, das im Fr\u00fchjahr 2025 nach zwei Jahren Vorbereitungsarbeiten begann. Unser Hauptziel ist es, die Wissensbasis zu st\u00e4rken, die erforderlich ist, damit gef\u00e4hrdete Arten und W\u00e4lder mit hohem Schutzwert formell identifiziert, priorisiert und gesch\u00fctzt werden k\u00f6nnen. <br\/><br\/>Im Projekt arbeiten wir mit Bodenpilzen in vielf\u00e4ltigen und gleichzeitig stark gef\u00e4hrdeten Waldarten innerhalb der borealen Zone in Schweden, mit besonderem Fokus auf die L\u00e4ns Norrland. Dies sind gro\u00dfe Gebiete des Landes, in denen das Wissen \u00fcber Vorkommen und Verbreitung von Pilzen unzureichend ist.  Eine gro\u00dfe Anzahl seltener Pilze hat hier ihre Hauptverbreitung weltweit und sind somit nordisch verantwortliche Arten, doch trotzdem gibt es viele wei\u00dfe Flecken auf der Landkarte. <br\/><\/p>\n\n\n\n<div class=\"wp-block-buttons is-layout-flex wp-block-buttons-is-layout-flex\">\n<div class=\"wp-block-button\"><a class=\"wp-block-button__link wp-element-button\" href=\"https:\/\/borealasvampskogar.se\" target=\"_blank\" rel=\"noreferrer noopener\">Website \u2192<\/a><\/div>\n<\/div>\n<\/div>\n\n\n\n<div class=\"wp-block-column is-layout-flow wp-block-column-is-layout-flow\">\n<figure class=\"wp-block-image size-full has-custom-border\"><img fetchpriority=\"high\" decoding=\"async\" width=\"800\" height=\"533\" src=\"https:\/\/skyddaskogen.se\/wp-content\/uploads\/2026\/03\/svamp-2.jpg\" alt=\"\" class=\"wp-image-70493\" style=\"border-top-left-radius:20px;border-top-right-radius:20px;border-bottom-left-radius:20px;border-bottom-right-radius:20px\" srcset=\"https:\/\/skyddaskogen.se\/wp-content\/uploads\/2026\/03\/svamp-2.jpg 800w, https:\/\/skyddaskogen.se\/wp-content\/uploads\/2026\/03\/svamp-2-300x200.jpg 300w, https:\/\/skyddaskogen.se\/wp-content\/uploads\/2026\/03\/svamp-2-768x512.jpg 768w, https:\/\/skyddaskogen.se\/wp-content\/uploads\/2026\/03\/svamp-2-370x247.jpg 370w, https:\/\/skyddaskogen.se\/wp-content\/uploads\/2026\/03\/svamp-2-410x273.jpg 410w\" sizes=\"(max-width: 800px) 100vw, 800px\" \/><\/figure>\n<\/div>\n<\/div>\n\n<div style=\"height:50px\" aria-hidden=\"true\" class=\"wp-block-spacer\"><\/div>\n\n<h2 class=\"wp-block-heading\">Kontakte<\/h2>\n\n<div style=\"height:25px\" aria-hidden=\"true\" class=\"wp-block-spacer\"><\/div>\n<div \t\tclass=\"sc_team sc_team_short\"><div class=\"sc_team_columns_wrap sc_item_columns sc_item_posts_container trx_addons_columns_wrap columns_padding_bottom columns_in_single_row\"><div class=\"trx_addons_column-1_3\"><div data-post-id=\"68157\" class=\"sc_team_item sc_item_container post_container no_links post-68157 cpt_team type-cpt_team status-publish has-post-thumbnail hentry cpt_team_group-mitarbeiter\">\n\t<div class=\"post_featured sc_team_item_thumb trx_addons_hover trx_addons_hover_style_info_anim\"><img decoding=\"async\" width=\"284\" height=\"284\" src=\"https:\/\/skyddaskogen.se\/wp-content\/uploads\/2025\/10\/erik-persson.png\" class=\"attachment-heart-thumb-rectangle size-heart-thumb-rectangle wp-post-image\" alt=\"\" srcset=\"https:\/\/skyddaskogen.se\/wp-content\/uploads\/2025\/10\/erik-persson.png 284w, https:\/\/skyddaskogen.se\/wp-content\/uploads\/2025\/10\/erik-persson-150x150.png 150w, https:\/\/skyddaskogen.se\/wp-content\/uploads\/2025\/10\/erik-persson-120x120.png 120w\" sizes=\"(max-width: 284px) 100vw, 284px\" \/><a class=\"post_link sc_team_item_link\" href=\"https:\/\/skyddaskogen.se\/de\/team\/erik-persson\/\"><\/a><div class=\"trx_addons_hover_mask\"><\/div><\/div>\t<div class=\"sc_team_item_info\">\n\t\t<div class=\"sc_team_item_header\">\n\t\t\t<h4 class=\"sc_team_item_title entry-title\"><a href=\"https:\/\/skyddaskogen.se\/de\/team\/erik-persson\/\">Erik Persson<\/a><\/h4>\n\t\t\t<div class=\"sc_team_item_subtitle\">Naturschutzmykolog<\/div>\t\t<\/div>\n\t<\/div>\n<\/div>\n<\/div><div class=\"trx_addons_column-1_3\"><div data-post-id=\"68158\" class=\"sc_team_item sc_item_container post_container no_links post-68158 cpt_team type-cpt_team status-publish has-post-thumbnail hentry cpt_team_group-mitarbeiter\">\n\t<div class=\"post_featured sc_team_item_thumb trx_addons_hover trx_addons_hover_style_info_anim\"><img decoding=\"async\" width=\"284\" height=\"284\" src=\"https:\/\/skyddaskogen.se\/wp-content\/uploads\/2025\/10\/about-petra-wikstrom.png\" class=\"attachment-heart-thumb-rectangle size-heart-thumb-rectangle wp-post-image\" alt=\"\" srcset=\"https:\/\/skyddaskogen.se\/wp-content\/uploads\/2025\/10\/about-petra-wikstrom.png 284w, https:\/\/skyddaskogen.se\/wp-content\/uploads\/2025\/10\/about-petra-wikstrom-150x150.png 150w, https:\/\/skyddaskogen.se\/wp-content\/uploads\/2025\/10\/about-petra-wikstrom-120x120.png 120w\" sizes=\"(max-width: 284px) 100vw, 284px\" \/><a class=\"post_link sc_team_item_link\" href=\"https:\/\/skyddaskogen.se\/de\/team\/petra-wikstroem\/\"><\/a><div class=\"trx_addons_hover_mask\"><\/div><\/div>\t<div class=\"sc_team_item_info\">\n\t\t<div class=\"sc_team_item_header\">\n\t\t\t<h4 class=\"sc_team_item_title entry-title\"><a href=\"https:\/\/skyddaskogen.se\/de\/team\/petra-wikstroem\/\">Petra Wikstr\u00f6m<\/a><\/h4>\n\t\t\t<div class=\"sc_team_item_subtitle\">Naturschutzmykolog<\/div>\t\t<\/div>\n\t<\/div>\n<\/div>\n<\/div><div class=\"trx_addons_column-1_3\"><div data-post-id=\"68648\" class=\"sc_team_item sc_item_container post_container no_links post-68648 cpt_team type-cpt_team status-publish has-post-thumbnail hentry cpt_team_group-mitarbeiter\">\n\t<div class=\"post_featured sc_team_item_thumb trx_addons_hover trx_addons_hover_style_info_anim\"><img loading=\"lazy\" decoding=\"async\" width=\"284\" height=\"284\" src=\"https:\/\/skyddaskogen.se\/wp-content\/uploads\/2025\/11\/helena.png\" class=\"attachment-heart-thumb-rectangle size-heart-thumb-rectangle wp-post-image\" alt=\"\" srcset=\"https:\/\/skyddaskogen.se\/wp-content\/uploads\/2025\/11\/helena.png 284w, https:\/\/skyddaskogen.se\/wp-content\/uploads\/2025\/11\/helena-150x150.png 150w, https:\/\/skyddaskogen.se\/wp-content\/uploads\/2025\/11\/helena-120x120.png 120w\" sizes=\"(max-width: 284px) 100vw, 284px\" \/><a class=\"post_link sc_team_item_link\" href=\"https:\/\/skyddaskogen.se\/de\/team\/helena-bjoernstroem\/\"><\/a><div class=\"trx_addons_hover_mask\"><\/div><\/div>\t<div class=\"sc_team_item_info\">\n\t\t<div class=\"sc_team_item_header\">\n\t\t\t<h4 class=\"sc_team_item_title entry-title\"><a href=\"https:\/\/skyddaskogen.se\/de\/team\/helena-bjoernstroem\/\">Helena Bj\u00f6rnstr\u00f6m<\/a><\/h4>\n\t\t\t<div class=\"sc_team_item_subtitle\">Naturschutzmykolog<\/div>\t\t<\/div>\n\t<\/div>\n<\/div>\n<\/div><\/div><\/div>","protected":false},"excerpt":{"rendered":"<p>Boreale Pilzw\u00e4lder Boreal Fungal Forests ist ein mykologisches Naturschutzprojekt, das im Fr\u00fchjahr 2025 nach zwei Jahren Vorbereitungsarbeiten begann. Unser Hauptziel ist es, die Wissensbasis zu st\u00e4rken, die erforderlich ist, damit&hellip;<\/p>\n","protected":false},"author":18,"featured_media":0,"parent":68014,"menu_order":0,"comment_status":"closed","ping_status":"closed","template":"","meta":{"give_campaign_id":0,"_price":"","_stock":"","_tribe_ticket_header":"","_tribe_default_ticket_provider":"","_tribe_ticket_capacity":"0","_ticket_start_date":"","_ticket_end_date":"","_tribe_ticket_show_description":"","_tribe_ticket_show_not_going":false,"_tribe_ticket_use_global_stock":"","_tribe_ticket_global_stock_level":"","_global_stock_mode":"","_global_stock_cap":"","_tribe_rsvp_for_event":"","_tribe_ticket_going_count":"","_tribe_ticket_not_going_count":"","_tribe_tickets_list":"[]","_tribe_ticket_has_attendee_info_fields":false,"footnotes":"","_tec_slr_enabled":"","_tec_slr_layout":""},"class_list":["post-70319","page","type-page","status-publish","hentry"],"yoast_head":"<!-- This site is optimized with the Yoast SEO plugin v27.4 - https:\/\/yoast.com\/product\/yoast-seo-wordpress\/ -->\n<title>Boreale Pilzw\u00e4lder - Sch\u00fczt den wald<\/title>\n<meta name=\"robots\" content=\"index, follow, max-snippet:-1, max-image-preview:large, max-video-preview:-1\" \/>\n<link rel=\"canonical\" href=\"https:\/\/skyddaskogen.se\/de\/projekte\/boreale-pilzwaelder\/\" \/>\n<meta property=\"og:locale\" content=\"de_DE\" \/>\n<meta property=\"og:type\" content=\"article\" \/>\n<meta property=\"og:title\" content=\"Boreale Pilzw\u00e4lder - Sch\u00fczt den wald\" \/>\n<meta property=\"og:description\" content=\"Boreale Pilzw\u00e4lder Boreal Fungal Forests ist ein mykologisches Naturschutzprojekt, das im Fr\u00fchjahr 2025 nach zwei Jahren Vorbereitungsarbeiten begann. Unser Hauptziel ist es, die Wissensbasis zu st\u00e4rken, die erforderlich ist, damit&hellip;\" \/>\n<meta property=\"og:url\" content=\"https:\/\/skyddaskogen.se\/de\/projekte\/boreale-pilzwaelder\/\" \/>\n<meta property=\"og:site_name\" content=\"Sch\u00fczt den wald\" \/>\n<meta property=\"article:publisher\" content=\"https:\/\/www.facebook.com\/groups\/54996954022\/\" \/>\n<meta property=\"article:modified_time\" content=\"2026-03-27T09:28:21+00:00\" \/>\n<meta property=\"og:image\" content=\"https:\/\/skyddaskogen.se\/wp-content\/uploads\/2026\/03\/svamp-2.jpg\" \/>\n\t<meta property=\"og:image:width\" content=\"800\" \/>\n\t<meta property=\"og:image:height\" content=\"533\" \/>\n\t<meta property=\"og:image:type\" content=\"image\/jpeg\" \/>\n<meta name=\"twitter:card\" content=\"summary_large_image\" \/>\n<meta name=\"twitter:site\" content=\"@skyddaskogen\" \/>\n<meta name=\"twitter:label1\" content=\"Gesch\u00e4tzte Lesezeit\" \/>\n\t<meta name=\"twitter:data1\" content=\"1\u00a0Minute\" \/>\n<script type=\"application\/ld+json\" class=\"yoast-schema-graph\">{\"@context\":\"https:\\\/\\\/schema.org\",\"@graph\":[{\"@type\":\"WebPage\",\"@id\":\"https:\\\/\\\/skyddaskogen.se\\\/de\\\/projekte\\\/boreale-pilzwaelder\\\/\",\"url\":\"https:\\\/\\\/skyddaskogen.se\\\/de\\\/projekte\\\/boreale-pilzwaelder\\\/\",\"name\":\"Boreale Pilzw\u00e4lder - Sch\u00fczt den wald\",\"isPartOf\":{\"@id\":\"https:\\\/\\\/skyddaskogen.se\\\/#website\"},\"primaryImageOfPage\":{\"@id\":\"https:\\\/\\\/skyddaskogen.se\\\/de\\\/projekte\\\/boreale-pilzwaelder\\\/#primaryimage\"},\"image\":{\"@id\":\"https:\\\/\\\/skyddaskogen.se\\\/de\\\/projekte\\\/boreale-pilzwaelder\\\/#primaryimage\"},\"thumbnailUrl\":\"https:\\\/\\\/skyddaskogen.se\\\/wp-content\\\/uploads\\\/2026\\\/03\\\/svamp-2.jpg\",\"datePublished\":\"2026-03-26T15:19:59+00:00\",\"dateModified\":\"2026-03-27T09:28:21+00:00\",\"breadcrumb\":{\"@id\":\"https:\\\/\\\/skyddaskogen.se\\\/de\\\/projekte\\\/boreale-pilzwaelder\\\/#breadcrumb\"},\"inLanguage\":\"de\",\"potentialAction\":[{\"@type\":\"ReadAction\",\"target\":[\"https:\\\/\\\/skyddaskogen.se\\\/de\\\/projekte\\\/boreale-pilzwaelder\\\/\"]}]},{\"@type\":\"ImageObject\",\"inLanguage\":\"de\",\"@id\":\"https:\\\/\\\/skyddaskogen.se\\\/de\\\/projekte\\\/boreale-pilzwaelder\\\/#primaryimage\",\"url\":\"https:\\\/\\\/skyddaskogen.se\\\/wp-content\\\/uploads\\\/2026\\\/03\\\/svamp-2.jpg\",\"contentUrl\":\"https:\\\/\\\/skyddaskogen.se\\\/wp-content\\\/uploads\\\/2026\\\/03\\\/svamp-2.jpg\"},{\"@type\":\"BreadcrumbList\",\"@id\":\"https:\\\/\\\/skyddaskogen.se\\\/de\\\/projekte\\\/boreale-pilzwaelder\\\/#breadcrumb\",\"itemListElement\":[{\"@type\":\"ListItem\",\"position\":1,\"name\":\"Home\",\"item\":\"https:\\\/\\\/skyddaskogen.se\\\/de\\\/schutzen-sie-den-wald\\\/\"},{\"@type\":\"ListItem\",\"position\":2,\"name\":\"Projekte\",\"item\":\"https:\\\/\\\/skyddaskogen.se\\\/de\\\/projekte\\\/\"},{\"@type\":\"ListItem\",\"position\":3,\"name\":\"Boreale Pilzw\u00e4lder\"}]},{\"@type\":\"WebSite\",\"@id\":\"https:\\\/\\\/skyddaskogen.se\\\/#website\",\"url\":\"https:\\\/\\\/skyddaskogen.se\\\/\",\"name\":\"Skydda Skogen\",\"description\":\"Zum Schutz alter W\u00e4lder und nat\u00fcrlicher Bauernh\u00f6fe\",\"publisher\":{\"@id\":\"https:\\\/\\\/skyddaskogen.se\\\/#organization\"},\"potentialAction\":[{\"@type\":\"SearchAction\",\"target\":{\"@type\":\"EntryPoint\",\"urlTemplate\":\"https:\\\/\\\/skyddaskogen.se\\\/?s={search_term_string}\"},\"query-input\":{\"@type\":\"PropertyValueSpecification\",\"valueRequired\":true,\"valueName\":\"search_term_string\"}}],\"inLanguage\":\"de\"},{\"@type\":\"Organization\",\"@id\":\"https:\\\/\\\/skyddaskogen.se\\\/#organization\",\"name\":\"Skydda Skogen\",\"url\":\"https:\\\/\\\/skyddaskogen.se\\\/\",\"logo\":{\"@type\":\"ImageObject\",\"inLanguage\":\"de\",\"@id\":\"https:\\\/\\\/skyddaskogen.se\\\/#\\\/schema\\\/logo\\\/image\\\/\",\"url\":\"https:\\\/\\\/skyddaskogen.se\\\/wp-content\\\/uploads\\\/2020\\\/09\\\/skyddaskogen.se_favicon-1.png\",\"contentUrl\":\"https:\\\/\\\/skyddaskogen.se\\\/wp-content\\\/uploads\\\/2020\\\/09\\\/skyddaskogen.se_favicon-1.png\",\"width\":256,\"height\":256,\"caption\":\"Skydda Skogen\"},\"image\":{\"@id\":\"https:\\\/\\\/skyddaskogen.se\\\/#\\\/schema\\\/logo\\\/image\\\/\"},\"sameAs\":[\"https:\\\/\\\/www.facebook.com\\\/groups\\\/54996954022\\\/\",\"https:\\\/\\\/x.com\\\/skyddaskogen\",\"https:\\\/\\\/www.instagram.com\\\/skyddaskogen\\\/\",\"https:\\\/\\\/www.youtube.com\\\/channel\\\/UCHJVIc9sptUj-qPek3Imitw\"]}]}<\/script>\n<!-- \/ Yoast SEO plugin. -->","yoast_head_json":{"title":"Boreale Pilzw\u00e4lder - Sch\u00fczt den wald","robots":{"index":"index","follow":"follow","max-snippet":"max-snippet:-1","max-image-preview":"max-image-preview:large","max-video-preview":"max-video-preview:-1"},"canonical":"https:\/\/skyddaskogen.se\/de\/projekte\/boreale-pilzwaelder\/","og_locale":"de_DE","og_type":"article","og_title":"Boreale Pilzw\u00e4lder - Sch\u00fczt den wald","og_description":"Boreale Pilzw\u00e4lder Boreal Fungal Forests ist ein mykologisches Naturschutzprojekt, das im Fr\u00fchjahr 2025 nach zwei Jahren Vorbereitungsarbeiten begann. Unser Hauptziel ist es, die Wissensbasis zu st\u00e4rken, die erforderlich ist, damit&hellip;","og_url":"https:\/\/skyddaskogen.se\/de\/projekte\/boreale-pilzwaelder\/","og_site_name":"Sch\u00fczt den wald","article_publisher":"https:\/\/www.facebook.com\/groups\/54996954022\/","article_modified_time":"2026-03-27T09:28:21+00:00","og_image":[{"width":800,"height":533,"url":"https:\/\/skyddaskogen.se\/wp-content\/uploads\/2026\/03\/svamp-2.jpg","type":"image\/jpeg"}],"twitter_card":"summary_large_image","twitter_site":"@skyddaskogen","twitter_misc":{"Gesch\u00e4tzte Lesezeit":"1\u00a0Minute"},"schema":{"@context":"https:\/\/schema.org","@graph":[{"@type":"WebPage","@id":"https:\/\/skyddaskogen.se\/de\/projekte\/boreale-pilzwaelder\/","url":"https:\/\/skyddaskogen.se\/de\/projekte\/boreale-pilzwaelder\/","name":"Boreale Pilzw\u00e4lder - Sch\u00fczt den wald","isPartOf":{"@id":"https:\/\/skyddaskogen.se\/#website"},"primaryImageOfPage":{"@id":"https:\/\/skyddaskogen.se\/de\/projekte\/boreale-pilzwaelder\/#primaryimage"},"image":{"@id":"https:\/\/skyddaskogen.se\/de\/projekte\/boreale-pilzwaelder\/#primaryimage"},"thumbnailUrl":"https:\/\/skyddaskogen.se\/wp-content\/uploads\/2026\/03\/svamp-2.jpg","datePublished":"2026-03-26T15:19:59+00:00","dateModified":"2026-03-27T09:28:21+00:00","breadcrumb":{"@id":"https:\/\/skyddaskogen.se\/de\/projekte\/boreale-pilzwaelder\/#breadcrumb"},"inLanguage":"de","potentialAction":[{"@type":"ReadAction","target":["https:\/\/skyddaskogen.se\/de\/projekte\/boreale-pilzwaelder\/"]}]},{"@type":"ImageObject","inLanguage":"de","@id":"https:\/\/skyddaskogen.se\/de\/projekte\/boreale-pilzwaelder\/#primaryimage","url":"https:\/\/skyddaskogen.se\/wp-content\/uploads\/2026\/03\/svamp-2.jpg","contentUrl":"https:\/\/skyddaskogen.se\/wp-content\/uploads\/2026\/03\/svamp-2.jpg"},{"@type":"BreadcrumbList","@id":"https:\/\/skyddaskogen.se\/de\/projekte\/boreale-pilzwaelder\/#breadcrumb","itemListElement":[{"@type":"ListItem","position":1,"name":"Home","item":"https:\/\/skyddaskogen.se\/de\/schutzen-sie-den-wald\/"},{"@type":"ListItem","position":2,"name":"Projekte","item":"https:\/\/skyddaskogen.se\/de\/projekte\/"},{"@type":"ListItem","position":3,"name":"Boreale Pilzw\u00e4lder"}]},{"@type":"WebSite","@id":"https:\/\/skyddaskogen.se\/#website","url":"https:\/\/skyddaskogen.se\/","name":"Skydda Skogen","description":"Zum Schutz alter W\u00e4lder und nat\u00fcrlicher Bauernh\u00f6fe","publisher":{"@id":"https:\/\/skyddaskogen.se\/#organization"},"potentialAction":[{"@type":"SearchAction","target":{"@type":"EntryPoint","urlTemplate":"https:\/\/skyddaskogen.se\/?s={search_term_string}"},"query-input":{"@type":"PropertyValueSpecification","valueRequired":true,"valueName":"search_term_string"}}],"inLanguage":"de"},{"@type":"Organization","@id":"https:\/\/skyddaskogen.se\/#organization","name":"Skydda Skogen","url":"https:\/\/skyddaskogen.se\/","logo":{"@type":"ImageObject","inLanguage":"de","@id":"https:\/\/skyddaskogen.se\/#\/schema\/logo\/image\/","url":"https:\/\/skyddaskogen.se\/wp-content\/uploads\/2020\/09\/skyddaskogen.se_favicon-1.png","contentUrl":"https:\/\/skyddaskogen.se\/wp-content\/uploads\/2020\/09\/skyddaskogen.se_favicon-1.png","width":256,"height":256,"caption":"Skydda Skogen"},"image":{"@id":"https:\/\/skyddaskogen.se\/#\/schema\/logo\/image\/"},"sameAs":["https:\/\/www.facebook.com\/groups\/54996954022\/","https:\/\/x.com\/skyddaskogen","https:\/\/www.instagram.com\/skyddaskogen\/","https:\/\/www.youtube.com\/channel\/UCHJVIc9sptUj-qPek3Imitw"]}]}},"campaignId":"","ticketed":false,"_links":{"self":[{"href":"https:\/\/skyddaskogen.se\/de\/wp-json\/wp\/v2\/pages\/70319","targetHints":{"allow":["GET"]}}],"collection":[{"href":"https:\/\/skyddaskogen.se\/de\/wp-json\/wp\/v2\/pages"}],"about":[{"href":"https:\/\/skyddaskogen.se\/de\/wp-json\/wp\/v2\/types\/page"}],"author":[{"embeddable":true,"href":"https:\/\/skyddaskogen.se\/de\/wp-json\/wp\/v2\/users\/18"}],"replies":[{"embeddable":true,"href":"https:\/\/skyddaskogen.se\/de\/wp-json\/wp\/v2\/comments?post=70319"}],"version-history":[{"count":3,"href":"https:\/\/skyddaskogen.se\/de\/wp-json\/wp\/v2\/pages\/70319\/revisions"}],"predecessor-version":[{"id":70497,"href":"https:\/\/skyddaskogen.se\/de\/wp-json\/wp\/v2\/pages\/70319\/revisions\/70497"}],"up":[{"embeddable":true,"href":"https:\/\/skyddaskogen.se\/de\/wp-json\/wp\/v2\/pages\/68014"}],"wp:attachment":[{"href":"https:\/\/skyddaskogen.se\/de\/wp-json\/wp\/v2\/media?parent=70319"}],"curies":[{"name":"wp","href":"https:\/\/api.w.org\/{rel}","templated":true}]}}