{"id":70477,"date":"2026-03-27T00:35:50","date_gmt":"2026-03-26T23:35:50","guid":{"rendered":"https:\/\/skyddaskogen.se\/arbeiten-sie-mit-uns-zusammen\/"},"modified":"2026-04-15T10:07:15","modified_gmt":"2026-04-15T08:07:15","slug":"arbeiten-sie-mit-uns-zusammen","status":"publish","type":"page","link":"https:\/\/skyddaskogen.se\/de\/arbeiten-sie-mit-uns-zusammen\/","title":{"rendered":"Arbeiten Sie mit uns zusammen"},"content":{"rendered":"\n<div class=\"wp-block-columns is-layout-flex wp-container-core-columns-is-layout-9d6595d7 wp-block-columns-is-layout-flex\">\n<div class=\"wp-block-column is-layout-flow wp-block-column-is-layout-flow\">\n<h2 class=\"wp-block-heading\" style=\"padding-top:0;padding-bottom:0\">Arbeiten Sie mit uns zusammen<\/h2>\n\n\n\n<p>Mit uns wachsen Kreativit\u00e4t und Engagement Hand an Seite mit der Leidenschaft f\u00fcr den Wald und die Zukunft. Sie werden Ihre Expertise nutzen, um W\u00e4lder mit hohem Naturschutzwert zu sch\u00fctzen, naturnahe Forstwirtschaft zu f\u00f6rdern und die Klimabelastung zu verringern. Wir arbeiten vollst\u00e4ndig remote und flexibel, sodass Sie arbeiten k\u00f6nnen, wenn Sie am produktivsten sind. Gemeinsam mit Kollegen und Freiwilligen inspirieren, beeinflussen wir Entscheidungen und treiben Kampagnen voran, die einen echten Unterschied machen. Schlie\u00dfe dich uns beim Schutz des Waldes an.    <\/p>\n\n\n\n<div style=\"height:50px\" aria-hidden=\"true\" class=\"wp-block-spacer\"><\/div>\n<\/div>\n\n\n\n<div class=\"wp-block-column is-layout-flow wp-block-column-is-layout-flow\">\n<figure class=\"wp-block-image size-large has-custom-border\"><img fetchpriority=\"high\" decoding=\"async\" width=\"1024\" height=\"576\" src=\"https:\/\/skyddaskogen.se\/wp-content\/uploads\/2025\/03\/foto-arsmotet-2025-1024x576.jpg\" alt=\"\" class=\"wp-image-65652\" style=\"border-top-left-radius:20px;border-top-right-radius:20px;border-bottom-left-radius:20px;border-bottom-right-radius:20px\" srcset=\"https:\/\/skyddaskogen.se\/wp-content\/uploads\/2025\/03\/foto-arsmotet-2025-1024x576.jpg 1024w, https:\/\/skyddaskogen.se\/wp-content\/uploads\/2025\/03\/foto-arsmotet-2025-300x169.jpg 300w, https:\/\/skyddaskogen.se\/wp-content\/uploads\/2025\/03\/foto-arsmotet-2025-768x432.jpg 768w, https:\/\/skyddaskogen.se\/wp-content\/uploads\/2025\/03\/foto-arsmotet-2025-1536x864.jpg 1536w, https:\/\/skyddaskogen.se\/wp-content\/uploads\/2025\/03\/foto-arsmotet-2025-2048x1152.jpg 2048w, https:\/\/skyddaskogen.se\/wp-content\/uploads\/2025\/03\/foto-arsmotet-2025-370x208.jpg 370w, https:\/\/skyddaskogen.se\/wp-content\/uploads\/2025\/03\/foto-arsmotet-2025-1290x725.jpg 1290w, https:\/\/skyddaskogen.se\/wp-content\/uploads\/2025\/03\/foto-arsmotet-2025-840x473.jpg 840w, https:\/\/skyddaskogen.se\/wp-content\/uploads\/2025\/03\/foto-arsmotet-2025-410x231.jpg 410w, https:\/\/skyddaskogen.se\/wp-content\/uploads\/2025\/03\/foto-arsmotet-2025-270x152.jpg 270w\" sizes=\"(max-width: 1024px) 100vw, 1024px\" \/><\/figure>\n<\/div>\n<\/div>\n\n<div class=\"wp-block-buttons is-layout-flex wp-block-buttons-is-layout-flex\">\n<div class=\"wp-block-button\"><a class=\"wp-block-button__link wp-element-button\" href=\"mailto:info@skyddaskogen.se\">Spontane Anwendung<\/a><\/div>\n<\/div>\n","protected":false},"excerpt":{"rendered":"<p>Arbeiten Sie mit uns zusammen Mit uns wachsen Kreativit\u00e4t und Engagement Hand an Seite mit der Leidenschaft f\u00fcr den Wald und die Zukunft. Sie werden Ihre Expertise nutzen, um W\u00e4lder&hellip;<\/p>\n","protected":false},"author":18,"featured_media":0,"parent":0,"menu_order":0,"comment_status":"closed","ping_status":"closed","template":"","meta":{"give_campaign_id":0,"_price":"","_stock":"","_tribe_ticket_header":"","_tribe_default_ticket_provider":"","_tribe_ticket_capacity":"0","_ticket_start_date":"","_ticket_end_date":"","_tribe_ticket_show_description":"","_tribe_ticket_show_not_going":false,"_tribe_ticket_use_global_stock":"","_tribe_ticket_global_stock_level":"","_global_stock_mode":"","_global_stock_cap":"","_tribe_rsvp_for_event":"","_tribe_ticket_going_count":"","_tribe_ticket_not_going_count":"","_tribe_tickets_list":"[]","_tribe_ticket_has_attendee_info_fields":false,"footnotes":"","_tec_slr_enabled":"","_tec_slr_layout":""},"class_list":["post-70477","page","type-page","status-publish","hentry"],"yoast_head":"<!-- This site is optimized with the Yoast SEO plugin v27.4 - https:\/\/yoast.com\/product\/yoast-seo-wordpress\/ -->\n<title>Arbeiten Sie mit uns zusammen - Sch\u00fczt den wald<\/title>\n<meta name=\"robots\" content=\"index, follow, max-snippet:-1, max-image-preview:large, max-video-preview:-1\" \/>\n<link rel=\"canonical\" href=\"https:\/\/skyddaskogen.se\/de\/arbeiten-sie-mit-uns-zusammen\/\" \/>\n<meta property=\"og:locale\" content=\"de_DE\" \/>\n<meta property=\"og:type\" content=\"article\" \/>\n<meta property=\"og:title\" content=\"Arbeiten Sie mit uns zusammen - Sch\u00fczt den wald\" \/>\n<meta property=\"og:description\" content=\"Arbeiten Sie mit uns zusammen Mit uns wachsen Kreativit\u00e4t und Engagement Hand an Seite mit der Leidenschaft f\u00fcr den Wald und die Zukunft. Sie werden Ihre Expertise nutzen, um W\u00e4lder&hellip;\" \/>\n<meta property=\"og:url\" content=\"https:\/\/skyddaskogen.se\/de\/arbeiten-sie-mit-uns-zusammen\/\" \/>\n<meta property=\"og:site_name\" content=\"Sch\u00fczt den wald\" \/>\n<meta property=\"article:publisher\" content=\"https:\/\/www.facebook.com\/groups\/54996954022\/\" \/>\n<meta property=\"article:modified_time\" content=\"2026-04-15T08:07:15+00:00\" \/>\n<meta property=\"og:image\" content=\"https:\/\/skyddaskogen.se\/wp-content\/uploads\/2025\/03\/foto-arsmotet-2025-scaled.jpg\" \/>\n\t<meta property=\"og:image:width\" content=\"2560\" \/>\n\t<meta property=\"og:image:height\" content=\"1440\" \/>\n\t<meta property=\"og:image:type\" content=\"image\/jpeg\" \/>\n<meta name=\"twitter:card\" content=\"summary_large_image\" \/>\n<meta name=\"twitter:site\" content=\"@skyddaskogen\" \/>\n<script type=\"application\/ld+json\" class=\"yoast-schema-graph\">{\"@context\":\"https:\\\/\\\/schema.org\",\"@graph\":[{\"@type\":\"WebPage\",\"@id\":\"https:\\\/\\\/skyddaskogen.se\\\/de\\\/arbeiten-sie-mit-uns-zusammen\\\/\",\"url\":\"https:\\\/\\\/skyddaskogen.se\\\/de\\\/arbeiten-sie-mit-uns-zusammen\\\/\",\"name\":\"Arbeiten Sie mit uns zusammen - Sch\u00fczt den wald\",\"isPartOf\":{\"@id\":\"https:\\\/\\\/skyddaskogen.se\\\/#website\"},\"primaryImageOfPage\":{\"@id\":\"https:\\\/\\\/skyddaskogen.se\\\/de\\\/arbeiten-sie-mit-uns-zusammen\\\/#primaryimage\"},\"image\":{\"@id\":\"https:\\\/\\\/skyddaskogen.se\\\/de\\\/arbeiten-sie-mit-uns-zusammen\\\/#primaryimage\"},\"thumbnailUrl\":\"https:\\\/\\\/skyddaskogen.se\\\/wp-content\\\/uploads\\\/2025\\\/03\\\/foto-arsmotet-2025-1024x576.jpg\",\"datePublished\":\"2026-03-26T23:35:50+00:00\",\"dateModified\":\"2026-04-15T08:07:15+00:00\",\"breadcrumb\":{\"@id\":\"https:\\\/\\\/skyddaskogen.se\\\/de\\\/arbeiten-sie-mit-uns-zusammen\\\/#breadcrumb\"},\"inLanguage\":\"de\",\"potentialAction\":[{\"@type\":\"ReadAction\",\"target\":[\"https:\\\/\\\/skyddaskogen.se\\\/de\\\/arbeiten-sie-mit-uns-zusammen\\\/\"]}]},{\"@type\":\"ImageObject\",\"inLanguage\":\"de\",\"@id\":\"https:\\\/\\\/skyddaskogen.se\\\/de\\\/arbeiten-sie-mit-uns-zusammen\\\/#primaryimage\",\"url\":\"https:\\\/\\\/skyddaskogen.se\\\/wp-content\\\/uploads\\\/2025\\\/03\\\/foto-arsmotet-2025-1024x576.jpg\",\"contentUrl\":\"https:\\\/\\\/skyddaskogen.se\\\/wp-content\\\/uploads\\\/2025\\\/03\\\/foto-arsmotet-2025-1024x576.jpg\"},{\"@type\":\"BreadcrumbList\",\"@id\":\"https:\\\/\\\/skyddaskogen.se\\\/de\\\/arbeiten-sie-mit-uns-zusammen\\\/#breadcrumb\",\"itemListElement\":[{\"@type\":\"ListItem\",\"position\":1,\"name\":\"Home\",\"item\":\"https:\\\/\\\/skyddaskogen.se\\\/de\\\/schutzen-sie-den-wald\\\/\"},{\"@type\":\"ListItem\",\"position\":2,\"name\":\"Arbeiten Sie mit uns zusammen\"}]},{\"@type\":\"WebSite\",\"@id\":\"https:\\\/\\\/skyddaskogen.se\\\/#website\",\"url\":\"https:\\\/\\\/skyddaskogen.se\\\/\",\"name\":\"Skydda Skogen\",\"description\":\"Zum Schutz alter W\u00e4lder und nat\u00fcrlicher Bauernh\u00f6fe\",\"publisher\":{\"@id\":\"https:\\\/\\\/skyddaskogen.se\\\/#organization\"},\"potentialAction\":[{\"@type\":\"SearchAction\",\"target\":{\"@type\":\"EntryPoint\",\"urlTemplate\":\"https:\\\/\\\/skyddaskogen.se\\\/?s={search_term_string}\"},\"query-input\":{\"@type\":\"PropertyValueSpecification\",\"valueRequired\":true,\"valueName\":\"search_term_string\"}}],\"inLanguage\":\"de\"},{\"@type\":\"Organization\",\"@id\":\"https:\\\/\\\/skyddaskogen.se\\\/#organization\",\"name\":\"Skydda Skogen\",\"url\":\"https:\\\/\\\/skyddaskogen.se\\\/\",\"logo\":{\"@type\":\"ImageObject\",\"inLanguage\":\"de\",\"@id\":\"https:\\\/\\\/skyddaskogen.se\\\/#\\\/schema\\\/logo\\\/image\\\/\",\"url\":\"https:\\\/\\\/skyddaskogen.se\\\/wp-content\\\/uploads\\\/2020\\\/09\\\/skyddaskogen.se_favicon-1.png\",\"contentUrl\":\"https:\\\/\\\/skyddaskogen.se\\\/wp-content\\\/uploads\\\/2020\\\/09\\\/skyddaskogen.se_favicon-1.png\",\"width\":256,\"height\":256,\"caption\":\"Skydda Skogen\"},\"image\":{\"@id\":\"https:\\\/\\\/skyddaskogen.se\\\/#\\\/schema\\\/logo\\\/image\\\/\"},\"sameAs\":[\"https:\\\/\\\/www.facebook.com\\\/groups\\\/54996954022\\\/\",\"https:\\\/\\\/x.com\\\/skyddaskogen\",\"https:\\\/\\\/www.instagram.com\\\/skyddaskogen\\\/\",\"https:\\\/\\\/www.youtube.com\\\/channel\\\/UCHJVIc9sptUj-qPek3Imitw\"]}]}<\/script>\n<!-- \/ Yoast SEO plugin. -->","yoast_head_json":{"title":"Arbeiten Sie mit uns zusammen - Sch\u00fczt den wald","robots":{"index":"index","follow":"follow","max-snippet":"max-snippet:-1","max-image-preview":"max-image-preview:large","max-video-preview":"max-video-preview:-1"},"canonical":"https:\/\/skyddaskogen.se\/de\/arbeiten-sie-mit-uns-zusammen\/","og_locale":"de_DE","og_type":"article","og_title":"Arbeiten Sie mit uns zusammen - Sch\u00fczt den wald","og_description":"Arbeiten Sie mit uns zusammen Mit uns wachsen Kreativit\u00e4t und Engagement Hand an Seite mit der Leidenschaft f\u00fcr den Wald und die Zukunft. Sie werden Ihre Expertise nutzen, um W\u00e4lder&hellip;","og_url":"https:\/\/skyddaskogen.se\/de\/arbeiten-sie-mit-uns-zusammen\/","og_site_name":"Sch\u00fczt den wald","article_publisher":"https:\/\/www.facebook.com\/groups\/54996954022\/","article_modified_time":"2026-04-15T08:07:15+00:00","og_image":[{"width":2560,"height":1440,"url":"https:\/\/skyddaskogen.se\/wp-content\/uploads\/2025\/03\/foto-arsmotet-2025-scaled.jpg","type":"image\/jpeg"}],"twitter_card":"summary_large_image","twitter_site":"@skyddaskogen","schema":{"@context":"https:\/\/schema.org","@graph":[{"@type":"WebPage","@id":"https:\/\/skyddaskogen.se\/de\/arbeiten-sie-mit-uns-zusammen\/","url":"https:\/\/skyddaskogen.se\/de\/arbeiten-sie-mit-uns-zusammen\/","name":"Arbeiten Sie mit uns zusammen - Sch\u00fczt den wald","isPartOf":{"@id":"https:\/\/skyddaskogen.se\/#website"},"primaryImageOfPage":{"@id":"https:\/\/skyddaskogen.se\/de\/arbeiten-sie-mit-uns-zusammen\/#primaryimage"},"image":{"@id":"https:\/\/skyddaskogen.se\/de\/arbeiten-sie-mit-uns-zusammen\/#primaryimage"},"thumbnailUrl":"https:\/\/skyddaskogen.se\/wp-content\/uploads\/2025\/03\/foto-arsmotet-2025-1024x576.jpg","datePublished":"2026-03-26T23:35:50+00:00","dateModified":"2026-04-15T08:07:15+00:00","breadcrumb":{"@id":"https:\/\/skyddaskogen.se\/de\/arbeiten-sie-mit-uns-zusammen\/#breadcrumb"},"inLanguage":"de","potentialAction":[{"@type":"ReadAction","target":["https:\/\/skyddaskogen.se\/de\/arbeiten-sie-mit-uns-zusammen\/"]}]},{"@type":"ImageObject","inLanguage":"de","@id":"https:\/\/skyddaskogen.se\/de\/arbeiten-sie-mit-uns-zusammen\/#primaryimage","url":"https:\/\/skyddaskogen.se\/wp-content\/uploads\/2025\/03\/foto-arsmotet-2025-1024x576.jpg","contentUrl":"https:\/\/skyddaskogen.se\/wp-content\/uploads\/2025\/03\/foto-arsmotet-2025-1024x576.jpg"},{"@type":"BreadcrumbList","@id":"https:\/\/skyddaskogen.se\/de\/arbeiten-sie-mit-uns-zusammen\/#breadcrumb","itemListElement":[{"@type":"ListItem","position":1,"name":"Home","item":"https:\/\/skyddaskogen.se\/de\/schutzen-sie-den-wald\/"},{"@type":"ListItem","position":2,"name":"Arbeiten Sie mit uns zusammen"}]},{"@type":"WebSite","@id":"https:\/\/skyddaskogen.se\/#website","url":"https:\/\/skyddaskogen.se\/","name":"Skydda Skogen","description":"Zum Schutz alter W\u00e4lder und nat\u00fcrlicher Bauernh\u00f6fe","publisher":{"@id":"https:\/\/skyddaskogen.se\/#organization"},"potentialAction":[{"@type":"SearchAction","target":{"@type":"EntryPoint","urlTemplate":"https:\/\/skyddaskogen.se\/?s={search_term_string}"},"query-input":{"@type":"PropertyValueSpecification","valueRequired":true,"valueName":"search_term_string"}}],"inLanguage":"de"},{"@type":"Organization","@id":"https:\/\/skyddaskogen.se\/#organization","name":"Skydda Skogen","url":"https:\/\/skyddaskogen.se\/","logo":{"@type":"ImageObject","inLanguage":"de","@id":"https:\/\/skyddaskogen.se\/#\/schema\/logo\/image\/","url":"https:\/\/skyddaskogen.se\/wp-content\/uploads\/2020\/09\/skyddaskogen.se_favicon-1.png","contentUrl":"https:\/\/skyddaskogen.se\/wp-content\/uploads\/2020\/09\/skyddaskogen.se_favicon-1.png","width":256,"height":256,"caption":"Skydda Skogen"},"image":{"@id":"https:\/\/skyddaskogen.se\/#\/schema\/logo\/image\/"},"sameAs":["https:\/\/www.facebook.com\/groups\/54996954022\/","https:\/\/x.com\/skyddaskogen","https:\/\/www.instagram.com\/skyddaskogen\/","https:\/\/www.youtube.com\/channel\/UCHJVIc9sptUj-qPek3Imitw"]}]}},"campaignId":"","ticketed":false,"_links":{"self":[{"href":"https:\/\/skyddaskogen.se\/de\/wp-json\/wp\/v2\/pages\/70477","targetHints":{"allow":["GET"]}}],"collection":[{"href":"https:\/\/skyddaskogen.se\/de\/wp-json\/wp\/v2\/pages"}],"about":[{"href":"https:\/\/skyddaskogen.se\/de\/wp-json\/wp\/v2\/types\/page"}],"author":[{"embeddable":true,"href":"https:\/\/skyddaskogen.se\/de\/wp-json\/wp\/v2\/users\/18"}],"replies":[{"embeddable":true,"href":"https:\/\/skyddaskogen.se\/de\/wp-json\/wp\/v2\/comments?post=70477"}],"version-history":[{"count":5,"href":"https:\/\/skyddaskogen.se\/de\/wp-json\/wp\/v2\/pages\/70477\/revisions"}],"predecessor-version":[{"id":71099,"href":"https:\/\/skyddaskogen.se\/de\/wp-json\/wp\/v2\/pages\/70477\/revisions\/71099"}],"wp:attachment":[{"href":"https:\/\/skyddaskogen.se\/de\/wp-json\/wp\/v2\/media?parent=70477"}],"curies":[{"name":"wp","href":"https:\/\/api.w.org\/{rel}","templated":true}]}}