{"id":70729,"date":"2026-04-02T12:52:56","date_gmt":"2026-04-02T10:52:56","guid":{"rendered":"https:\/\/skyddaskogen.se\/uber-uns\/giva-schwedens-qualitaetscode\/"},"modified":"2026-04-21T14:12:22","modified_gmt":"2026-04-21T12:12:22","slug":"giva-schwedens-qualitaetscode","status":"publish","type":"page","link":"https:\/\/skyddaskogen.se\/de\/uber-uns\/giva-schwedens-qualitaetscode\/","title":{"rendered":"Giva Schwedens Qualit\u00e4tscode"},"content":{"rendered":"\n<h2 class=\"wp-block-heading\">Giva Schwedens Qualit\u00e4tscode<\/h2>\n\n<p>Protect the Forest ist Mitglied von <a href=\"https:\/\/www.givasverige.se\/medlemmar\/skydda-skogen\/\" type=\"link\" id=\"https:\/\/www.givasverige.se\/kvalitet-styrning\/\" target=\"_blank\" rel=\"noreferrer noopener\">Giva Sweden<\/a>, der Branchenorganisation, die sich f\u00fcr eine verantwortungsvolle, transparente und professionelle Sammlung in Schweden einsetzt. Ethisches Fundraising basiert auf Prinzipien wie Respekt, Transparenz, Glaubw\u00fcrdigkeit und Qualit\u00e4t. Weitere Informationen zu Richtlinien f\u00fcr ethische und professionelle Fundraising finden Sie auf der Website von Giva Sweden, wo Sie auch mehr \u00fcber den Qualit\u00e4tskodex lesen k\u00f6nnen.  <\/p>\n\n<p>Der Qualit\u00e4tskodex wurde entwickelt, um das Vertrauen in Fundraising-Organisationen zu st\u00e4rken und die Transparenz bei der Durchf\u00fchrung der Aktivit\u00e4ten zu erh\u00f6hen. Sie enth\u00e4lt Richtlinien in Bereichen wie Governance, interne Kontrolle und Fundraising und zielt darauf ab, sicherzustellen, dass Organisationen strukturiert arbeiten und ihre Ergebnisse verfolgen. Der Kodex basiert auf Prinzipien, was bedeutet, dass Mitgliedsorganisationen die Richtlinien befolgen oder Abweichungen klar melden und begr\u00fcnden m\u00fcssen. Jedes Jahr wird ein Codebericht eingereicht, der zusammenfasst, wie die Organisation mit diesen Richtlinien umgeht.   <\/p>\n\n<p>Protect the Forest wendet den Qualit\u00e4tskodex von Giva Sweden in seiner Arbeit an.<\/p>\n\n<ul class=\"wp-block-list\">\n<li>Hier k\u00f6nnen Sie unseren neuesten Einflussbericht herunterladen<\/li>\n\n\n\n<li>Hier k\u00f6nnen Sie unsere Richtlinien f\u00fcr das Unternehmen lesen<\/li>\n\n\n\n<li><a href=\"https:\/\/skyddaskogen.se\/wp-content\/uploads\/2026\/02\/policy-for-att-motverka-oegentligheter.pdf\" type=\"link\" id=\"https:\/\/skyddaskogen.se\/wp-content\/uploads\/2026\/02\/policy-for-att-motverka-oegentligheter.pdf\" target=\"_blank\" rel=\"noreferrer noopener\">Politik zur Verhinderung von Unregelm\u00e4\u00dfigkeiten<\/a><\/li>\n\n\n\n<li>Unser <a href=\"https:\/\/skyddaskogen.se\/wp-content\/uploads\/2026\/04\/skydda-skogens-uppforandekod.pdf\" type=\"link\" id=\"https:\/\/skyddaskogen.se\/wp-content\/uploads\/2026\/02\/skydda-skogens-uppforandekod.pdf\" target=\"_blank\" rel=\"noreferrer noopener\">Verhaltenskodex<\/a><\/li>\n<\/ul>\n","protected":false},"excerpt":{"rendered":"<p>Giva Schwedens Qualit\u00e4tscode Protect the Forest ist Mitglied von Giva Sweden, der Branchenorganisation, die sich f\u00fcr eine verantwortungsvolle, transparente und professionelle Sammlung in Schweden einsetzt. Ethisches Fundraising basiert auf Prinzipien&hellip;<\/p>\n","protected":false},"author":32,"featured_media":0,"parent":65707,"menu_order":0,"comment_status":"closed","ping_status":"closed","template":"","meta":{"give_campaign_id":0,"_price":"","_stock":"","_tribe_ticket_header":"","_tribe_default_ticket_provider":"","_tribe_ticket_capacity":"0","_ticket_start_date":"","_ticket_end_date":"","_tribe_ticket_show_description":"","_tribe_ticket_show_not_going":false,"_tribe_ticket_use_global_stock":"","_tribe_ticket_global_stock_level":"","_global_stock_mode":"","_global_stock_cap":"","_tribe_rsvp_for_event":"","_tribe_ticket_going_count":"","_tribe_ticket_not_going_count":"","_tribe_tickets_list":"[]","_tribe_ticket_has_attendee_info_fields":false,"footnotes":"","_tec_slr_enabled":"","_tec_slr_layout":""},"class_list":["post-70729","page","type-page","status-publish","hentry"],"yoast_head":"<!-- This site is optimized with the Yoast SEO plugin v27.4 - https:\/\/yoast.com\/product\/yoast-seo-wordpress\/ -->\n<title>Giva Schwedens Qualit\u00e4tscode - Sch\u00fczt den wald<\/title>\n<meta name=\"robots\" content=\"noindex, nofollow\" \/>\n<meta property=\"og:locale\" content=\"de_DE\" \/>\n<meta property=\"og:type\" content=\"article\" \/>\n<meta property=\"og:title\" content=\"Giva Schwedens Qualit\u00e4tscode - Sch\u00fczt den wald\" \/>\n<meta property=\"og:description\" content=\"Giva Schwedens Qualit\u00e4tscode Protect the Forest ist Mitglied von Giva Sweden, der Branchenorganisation, die sich f\u00fcr eine verantwortungsvolle, transparente und professionelle Sammlung in Schweden einsetzt. Ethisches Fundraising basiert auf Prinzipien&hellip;\" \/>\n<meta property=\"og:url\" content=\"https:\/\/skyddaskogen.se\/de\/uber-uns\/giva-schwedens-qualitaetscode\/\" \/>\n<meta property=\"og:site_name\" content=\"Sch\u00fczt den wald\" \/>\n<meta property=\"article:publisher\" content=\"https:\/\/www.facebook.com\/groups\/54996954022\/\" \/>\n<meta property=\"article:modified_time\" content=\"2026-04-21T12:12:22+00:00\" \/>\n<meta name=\"twitter:card\" content=\"summary_large_image\" \/>\n<meta name=\"twitter:site\" content=\"@skyddaskogen\" \/>\n<meta name=\"twitter:label1\" content=\"Gesch\u00e4tzte Lesezeit\" \/>\n\t<meta name=\"twitter:data1\" content=\"1\u00a0Minute\" \/>\n<script type=\"application\/ld+json\" class=\"yoast-schema-graph\">{\"@context\":\"https:\\\/\\\/schema.org\",\"@graph\":[{\"@type\":\"WebPage\",\"@id\":\"https:\\\/\\\/skyddaskogen.se\\\/de\\\/uber-uns\\\/giva-schwedens-qualitaetscode\\\/\",\"url\":\"https:\\\/\\\/skyddaskogen.se\\\/de\\\/uber-uns\\\/giva-schwedens-qualitaetscode\\\/\",\"name\":\"Giva Schwedens Qualit\u00e4tscode - Sch\u00fczt den wald\",\"isPartOf\":{\"@id\":\"https:\\\/\\\/skyddaskogen.se\\\/#website\"},\"datePublished\":\"2026-04-02T10:52:56+00:00\",\"dateModified\":\"2026-04-21T12:12:22+00:00\",\"breadcrumb\":{\"@id\":\"https:\\\/\\\/skyddaskogen.se\\\/de\\\/uber-uns\\\/giva-schwedens-qualitaetscode\\\/#breadcrumb\"},\"inLanguage\":\"de\",\"potentialAction\":[{\"@type\":\"ReadAction\",\"target\":[\"https:\\\/\\\/skyddaskogen.se\\\/de\\\/uber-uns\\\/giva-schwedens-qualitaetscode\\\/\"]}]},{\"@type\":\"BreadcrumbList\",\"@id\":\"https:\\\/\\\/skyddaskogen.se\\\/de\\\/uber-uns\\\/giva-schwedens-qualitaetscode\\\/#breadcrumb\",\"itemListElement\":[{\"@type\":\"ListItem\",\"position\":1,\"name\":\"Home\",\"item\":\"https:\\\/\\\/skyddaskogen.se\\\/de\\\/schutzen-sie-den-wald\\\/\"},{\"@type\":\"ListItem\",\"position\":2,\"name\":\"\u00dcber uns\",\"item\":\"https:\\\/\\\/skyddaskogen.se\\\/de\\\/uber-uns\\\/\"},{\"@type\":\"ListItem\",\"position\":3,\"name\":\"Giva Schwedens Qualit\u00e4tscode\"}]},{\"@type\":\"WebSite\",\"@id\":\"https:\\\/\\\/skyddaskogen.se\\\/#website\",\"url\":\"https:\\\/\\\/skyddaskogen.se\\\/\",\"name\":\"Skydda Skogen\",\"description\":\"Zum Schutz alter W\u00e4lder und nat\u00fcrlicher Bauernh\u00f6fe\",\"publisher\":{\"@id\":\"https:\\\/\\\/skyddaskogen.se\\\/#organization\"},\"potentialAction\":[{\"@type\":\"SearchAction\",\"target\":{\"@type\":\"EntryPoint\",\"urlTemplate\":\"https:\\\/\\\/skyddaskogen.se\\\/?s={search_term_string}\"},\"query-input\":{\"@type\":\"PropertyValueSpecification\",\"valueRequired\":true,\"valueName\":\"search_term_string\"}}],\"inLanguage\":\"de\"},{\"@type\":\"Organization\",\"@id\":\"https:\\\/\\\/skyddaskogen.se\\\/#organization\",\"name\":\"Skydda Skogen\",\"url\":\"https:\\\/\\\/skyddaskogen.se\\\/\",\"logo\":{\"@type\":\"ImageObject\",\"inLanguage\":\"de\",\"@id\":\"https:\\\/\\\/skyddaskogen.se\\\/#\\\/schema\\\/logo\\\/image\\\/\",\"url\":\"https:\\\/\\\/skyddaskogen.se\\\/wp-content\\\/uploads\\\/2020\\\/09\\\/skyddaskogen.se_favicon-1.png\",\"contentUrl\":\"https:\\\/\\\/skyddaskogen.se\\\/wp-content\\\/uploads\\\/2020\\\/09\\\/skyddaskogen.se_favicon-1.png\",\"width\":256,\"height\":256,\"caption\":\"Skydda Skogen\"},\"image\":{\"@id\":\"https:\\\/\\\/skyddaskogen.se\\\/#\\\/schema\\\/logo\\\/image\\\/\"},\"sameAs\":[\"https:\\\/\\\/www.facebook.com\\\/groups\\\/54996954022\\\/\",\"https:\\\/\\\/x.com\\\/skyddaskogen\",\"https:\\\/\\\/www.instagram.com\\\/skyddaskogen\\\/\",\"https:\\\/\\\/www.youtube.com\\\/channel\\\/UCHJVIc9sptUj-qPek3Imitw\"]}]}<\/script>\n<!-- \/ Yoast SEO plugin. -->","yoast_head_json":{"title":"Giva Schwedens Qualit\u00e4tscode - Sch\u00fczt den wald","robots":{"index":"noindex","follow":"nofollow"},"og_locale":"de_DE","og_type":"article","og_title":"Giva Schwedens Qualit\u00e4tscode - Sch\u00fczt den wald","og_description":"Giva Schwedens Qualit\u00e4tscode Protect the Forest ist Mitglied von Giva Sweden, der Branchenorganisation, die sich f\u00fcr eine verantwortungsvolle, transparente und professionelle Sammlung in Schweden einsetzt. Ethisches Fundraising basiert auf Prinzipien&hellip;","og_url":"https:\/\/skyddaskogen.se\/de\/uber-uns\/giva-schwedens-qualitaetscode\/","og_site_name":"Sch\u00fczt den wald","article_publisher":"https:\/\/www.facebook.com\/groups\/54996954022\/","article_modified_time":"2026-04-21T12:12:22+00:00","twitter_card":"summary_large_image","twitter_site":"@skyddaskogen","twitter_misc":{"Gesch\u00e4tzte Lesezeit":"1\u00a0Minute"},"schema":{"@context":"https:\/\/schema.org","@graph":[{"@type":"WebPage","@id":"https:\/\/skyddaskogen.se\/de\/uber-uns\/giva-schwedens-qualitaetscode\/","url":"https:\/\/skyddaskogen.se\/de\/uber-uns\/giva-schwedens-qualitaetscode\/","name":"Giva Schwedens Qualit\u00e4tscode - Sch\u00fczt den wald","isPartOf":{"@id":"https:\/\/skyddaskogen.se\/#website"},"datePublished":"2026-04-02T10:52:56+00:00","dateModified":"2026-04-21T12:12:22+00:00","breadcrumb":{"@id":"https:\/\/skyddaskogen.se\/de\/uber-uns\/giva-schwedens-qualitaetscode\/#breadcrumb"},"inLanguage":"de","potentialAction":[{"@type":"ReadAction","target":["https:\/\/skyddaskogen.se\/de\/uber-uns\/giva-schwedens-qualitaetscode\/"]}]},{"@type":"BreadcrumbList","@id":"https:\/\/skyddaskogen.se\/de\/uber-uns\/giva-schwedens-qualitaetscode\/#breadcrumb","itemListElement":[{"@type":"ListItem","position":1,"name":"Home","item":"https:\/\/skyddaskogen.se\/de\/schutzen-sie-den-wald\/"},{"@type":"ListItem","position":2,"name":"\u00dcber uns","item":"https:\/\/skyddaskogen.se\/de\/uber-uns\/"},{"@type":"ListItem","position":3,"name":"Giva Schwedens Qualit\u00e4tscode"}]},{"@type":"WebSite","@id":"https:\/\/skyddaskogen.se\/#website","url":"https:\/\/skyddaskogen.se\/","name":"Skydda Skogen","description":"Zum Schutz alter W\u00e4lder und nat\u00fcrlicher Bauernh\u00f6fe","publisher":{"@id":"https:\/\/skyddaskogen.se\/#organization"},"potentialAction":[{"@type":"SearchAction","target":{"@type":"EntryPoint","urlTemplate":"https:\/\/skyddaskogen.se\/?s={search_term_string}"},"query-input":{"@type":"PropertyValueSpecification","valueRequired":true,"valueName":"search_term_string"}}],"inLanguage":"de"},{"@type":"Organization","@id":"https:\/\/skyddaskogen.se\/#organization","name":"Skydda Skogen","url":"https:\/\/skyddaskogen.se\/","logo":{"@type":"ImageObject","inLanguage":"de","@id":"https:\/\/skyddaskogen.se\/#\/schema\/logo\/image\/","url":"https:\/\/skyddaskogen.se\/wp-content\/uploads\/2020\/09\/skyddaskogen.se_favicon-1.png","contentUrl":"https:\/\/skyddaskogen.se\/wp-content\/uploads\/2020\/09\/skyddaskogen.se_favicon-1.png","width":256,"height":256,"caption":"Skydda Skogen"},"image":{"@id":"https:\/\/skyddaskogen.se\/#\/schema\/logo\/image\/"},"sameAs":["https:\/\/www.facebook.com\/groups\/54996954022\/","https:\/\/x.com\/skyddaskogen","https:\/\/www.instagram.com\/skyddaskogen\/","https:\/\/www.youtube.com\/channel\/UCHJVIc9sptUj-qPek3Imitw"]}]}},"campaignId":"","ticketed":false,"_links":{"self":[{"href":"https:\/\/skyddaskogen.se\/de\/wp-json\/wp\/v2\/pages\/70729","targetHints":{"allow":["GET"]}}],"collection":[{"href":"https:\/\/skyddaskogen.se\/de\/wp-json\/wp\/v2\/pages"}],"about":[{"href":"https:\/\/skyddaskogen.se\/de\/wp-json\/wp\/v2\/types\/page"}],"author":[{"embeddable":true,"href":"https:\/\/skyddaskogen.se\/de\/wp-json\/wp\/v2\/users\/32"}],"replies":[{"embeddable":true,"href":"https:\/\/skyddaskogen.se\/de\/wp-json\/wp\/v2\/comments?post=70729"}],"version-history":[{"count":6,"href":"https:\/\/skyddaskogen.se\/de\/wp-json\/wp\/v2\/pages\/70729\/revisions"}],"predecessor-version":[{"id":71224,"href":"https:\/\/skyddaskogen.se\/de\/wp-json\/wp\/v2\/pages\/70729\/revisions\/71224"}],"up":[{"embeddable":true,"href":"https:\/\/skyddaskogen.se\/de\/wp-json\/wp\/v2\/pages\/65707"}],"wp:attachment":[{"href":"https:\/\/skyddaskogen.se\/de\/wp-json\/wp\/v2\/media?parent=70729"}],"curies":[{"name":"wp","href":"https:\/\/api.w.org\/{rel}","templated":true}]}}