{"id":38766,"date":"2025-01-10T17:07:49","date_gmt":"2025-01-10T16:07:49","guid":{"rendered":"https:\/\/skyddaskogen.se\/?page_id=38766"},"modified":"2025-11-07T16:09:10","modified_gmt":"2025-11-07T15:09:10","slug":"get-involved","status":"publish","type":"page","link":"https:\/\/skyddaskogen.se\/en\/get-involved\/","title":{"rendered":"Get involved"},"content":{"rendered":"\t\t<div data-elementor-type=\"wp-page\" data-elementor-id=\"38766\" class=\"elementor elementor-38766\">\n\t\t\t\t\t\t<section class=\"elementor-section elementor-top-section elementor-element elementor-element-51b0cbfc scheme_default elementor-section-boxed elementor-section-height-default elementor-section-height-default sc_fly_static\" data-id=\"51b0cbfc\" data-element_type=\"section\" data-e-type=\"section\" data-settings=\"{&quot;background_background&quot;:&quot;classic&quot;}\">\n\t\t\t\t\t\t<div class=\"elementor-container elementor-column-gap-extended\">\n\t\t\t\t\t<div class=\"elementor-column elementor-col-100 elementor-top-column elementor-element elementor-element-5003b42d sc_content_align_inherit sc_layouts_column_icons_position_left sc_fly_static\" data-id=\"5003b42d\" data-element_type=\"column\" data-e-type=\"column\">\n\t\t\t<div class=\"elementor-widget-wrap elementor-element-populated\">\n\t\t\t\t\t\t<div class=\"elementor-element elementor-element-91036f5 sc_height_small sc_fly_static elementor-widget elementor-widget-spacer\" data-id=\"91036f5\" data-element_type=\"widget\" data-e-type=\"widget\" data-widget_type=\"spacer.default\">\n\t\t\t\t<div class=\"elementor-widget-container\">\n\t\t\t\t\t\t\t<div class=\"elementor-spacer\">\n\t\t\t<div class=\"elementor-spacer-inner\"><\/div>\n\t\t<\/div>\n\t\t\t\t\t\t<\/div>\n\t\t\t\t<\/div>\n\t\t\t\t<div class=\"elementor-element elementor-element-d0f7eb4 sc_height_small sc_fly_static elementor-widget elementor-widget-spacer\" data-id=\"d0f7eb4\" data-element_type=\"widget\" data-e-type=\"widget\" data-widget_type=\"spacer.default\">\n\t\t\t\t<div class=\"elementor-widget-container\">\n\t\t\t\t\t\t\t<div class=\"elementor-spacer\">\n\t\t\t<div class=\"elementor-spacer-inner\"><\/div>\n\t\t<\/div>\n\t\t\t\t\t\t<\/div>\n\t\t\t\t<\/div>\n\t\t\t\t<div data-animation-type=\"block\" class=\"elementor-element elementor-element-2b09f4d8 animation_type_block sc_fly_static elementor-invisible elementor-widget elementor-widget-trx_sc_title\" data-id=\"2b09f4d8\" data-element_type=\"widget\" data-e-type=\"widget\" data-settings=\"{&quot;_animation&quot;:&quot;heart-fadeinup&quot;,&quot;_animation_delay&quot;:100}\" data-widget_type=\"trx_sc_title.default\">\n\t\t\t\t<div class=\"elementor-widget-container\">\n\t\t\t\t\t<div\t\tclass=\"sc_title sc_title_default\" ><h1 class=\"sc_item_title sc_title_title sc_align_center sc_item_title_style_default sc_item_title_tag\"\n\t\t\t><span class=\"sc_item_title_text\">Get involved<\/span><\/h1><\/div>\t\t\t\t<\/div>\n\t\t\t\t<\/div>\n\t\t\t\t<div class=\"elementor-element elementor-element-ea3c2ec sc_height_small sc_fly_static elementor-widget elementor-widget-spacer\" data-id=\"ea3c2ec\" data-element_type=\"widget\" data-e-type=\"widget\" data-widget_type=\"spacer.default\">\n\t\t\t\t<div class=\"elementor-widget-container\">\n\t\t\t\t\t\t\t<div class=\"elementor-spacer\">\n\t\t\t<div class=\"elementor-spacer-inner\"><\/div>\n\t\t<\/div>\n\t\t\t\t\t\t<\/div>\n\t\t\t\t<\/div>\n\t\t\t\t\t<\/div>\n\t\t<\/div>\n\t\t\t\t\t<\/div>\n\t\t<\/section>\n\t\t\t\t<section class=\"elementor-section elementor-top-section elementor-element elementor-element-1ad60141 elementor-section-boxed elementor-section-height-default elementor-section-height-default sc_fly_static\" data-id=\"1ad60141\" data-element_type=\"section\" data-e-type=\"section\">\n\t\t\t\t\t\t<div class=\"elementor-container elementor-column-gap-extended\">\n\t\t\t\t\t<div class=\"elementor-column elementor-col-100 elementor-top-column elementor-element elementor-element-2f0e686d sc_content_align_inherit sc_layouts_column_icons_position_left sc_fly_static\" data-id=\"2f0e686d\" data-element_type=\"column\" data-e-type=\"column\">\n\t\t\t<div class=\"elementor-widget-wrap elementor-element-populated\">\n\t\t\t\t\t\t<div class=\"elementor-element elementor-element-14ed8688 sc_fly_static elementor-widget elementor-widget-heading\" data-id=\"14ed8688\" data-element_type=\"widget\" data-e-type=\"widget\" data-widget_type=\"heading.default\">\n\t\t\t\t<div class=\"elementor-widget-container\">\n\t\t\t\t\t<h5 class=\"elementor-heading-title elementor-size-default\">There are many ways you can get involved and support our work to protect Sweden\u2019s forests. Together, we can make a real difference. How would you like to contribute?<\/h5>\t\t\t\t<\/div>\n\t\t\t\t<\/div>\n\t\t\t\t<div class=\"elementor-element elementor-element-870c2ff sc_fly_static elementor-widget elementor-widget-spacer\" data-id=\"870c2ff\" data-element_type=\"widget\" data-e-type=\"widget\" data-widget_type=\"spacer.default\">\n\t\t\t\t<div class=\"elementor-widget-container\">\n\t\t\t\t\t\t\t<div class=\"elementor-spacer\">\n\t\t\t<div class=\"elementor-spacer-inner\"><\/div>\n\t\t<\/div>\n\t\t\t\t\t\t<\/div>\n\t\t\t\t<\/div>\n\t\t\t\t\t<\/div>\n\t\t<\/div>\n\t\t\t\t\t<\/div>\n\t\t<\/section>\n\t\t<div class=\"elementor-element elementor-element-c7fd4e3 e-flex e-con-boxed sc_layouts_column_icons_position_left e-con e-parent\" data-id=\"c7fd4e3\" data-element_type=\"container\" data-e-type=\"container\">\n\t\t\t\t\t<div class=\"e-con-inner\">\n\t\t<div class=\"elementor-element elementor-element-225dc2a e-con-full e-flex sc_layouts_column_icons_position_left e-con e-child\" data-id=\"225dc2a\" data-element_type=\"container\" data-e-type=\"container\">\n\t\t\t\t<div class=\"elementor-element elementor-element-ce0ef6d sc_fly_static elementor-widget elementor-widget-image\" data-id=\"ce0ef6d\" data-element_type=\"widget\" data-e-type=\"widget\" data-widget_type=\"image.default\">\n\t\t\t\t<div class=\"elementor-widget-container\">\n\t\t\t\t\t\t\t\t\t\t\t\t\t\t\t\t<a href=\"https:\/\/skyddaskogen.se\/en\/become-a-member\">\n\t\t\t\t\t\t\t<img decoding=\"async\" src=\"https:\/\/skyddaskogen.se\/wp-content\/uploads\/elementor\/thumbs\/bild-forsta-uppropet-helena-bjornstrom-pp0ipiijbko3b6pg47zs2hl2rymznrnzyknela0imc.jpg\" title=\"Picture-first-call-Helena-Bj\u00f6rnstr\u00f6m\" alt=\"The 2019 research trip to Ljungdalen.\" loading=\"lazy\" \/>\t\t\t\t\t\t\t\t<\/a>\n\t\t\t\t\t\t\t\t\t\t\t\t\t\t\t<\/div>\n\t\t\t\t<\/div>\n\t\t\t\t<div class=\"elementor-element elementor-element-99e7c4c sc_fly_static elementor-widget elementor-widget-heading\" data-id=\"99e7c4c\" data-element_type=\"widget\" data-e-type=\"widget\" data-widget_type=\"heading.default\">\n\t\t\t\t<div class=\"elementor-widget-container\">\n\t\t\t\t\t<h4 class=\"elementor-heading-title elementor-size-default\"><a href=\"https:\/\/skyddaskogen.se\/en\/become-a-member\">Become a member<\/a><\/h4>\t\t\t\t<\/div>\n\t\t\t\t<\/div>\n\t\t\t\t<div class=\"elementor-element elementor-element-dbb5f2c sc_fly_static elementor-widget elementor-widget-text-editor\" data-id=\"dbb5f2c\" data-element_type=\"widget\" data-e-type=\"widget\" data-widget_type=\"text-editor.default\">\n\t\t\t\t<div class=\"elementor-widget-container\">\n\t\t\t\t\t\t\t\t\t<p><b>By supporting us, you are giving a voice to the forest.<\/b><\/p>\t\t\t\t\t\t\t\t<\/div>\n\t\t\t\t<\/div>\n\t\t\t\t<\/div>\n\t\t<div class=\"elementor-element elementor-element-d081bbf e-con-full e-flex sc_layouts_column_icons_position_left e-con e-child\" data-id=\"d081bbf\" data-element_type=\"container\" data-e-type=\"container\">\n\t\t\t\t<div class=\"elementor-element elementor-element-f6d4a4c sc_fly_static elementor-widget elementor-widget-image\" data-id=\"f6d4a4c\" data-element_type=\"widget\" data-e-type=\"widget\" data-widget_type=\"image.default\">\n\t\t\t\t<div class=\"elementor-widget-container\">\n\t\t\t\t\t\t\t\t\t\t\t\t\t\t\t\t<a href=\"https:\/\/skyddaskogen.se\/en\/donate\">\n\t\t\t\t\t\t\t<img decoding=\"async\" src=\"https:\/\/skyddaskogen.se\/wp-content\/uploads\/elementor\/thumbs\/hugelstaskogen-m-lander-pjuxd3ef2be8dvnn5hm3hzwnjslrdgigdffljfweh0.jpg\" title=\"Hugelstaskogen-M-Lander\" alt=\"Hugelstaskogen consists largely of rocky ground with old pines. Photo: Michael Lander\" loading=\"lazy\" \/>\t\t\t\t\t\t\t\t<\/a>\n\t\t\t\t\t\t\t\t\t\t\t\t\t\t\t<\/div>\n\t\t\t\t<\/div>\n\t\t\t\t<div class=\"elementor-element elementor-element-15f64a6 sc_fly_static elementor-widget elementor-widget-heading\" data-id=\"15f64a6\" data-element_type=\"widget\" data-e-type=\"widget\" data-widget_type=\"heading.default\">\n\t\t\t\t<div class=\"elementor-widget-container\">\n\t\t\t\t\t<h4 class=\"elementor-heading-title elementor-size-default\"><a href=\"https:\/\/skyddaskogen.se\/en\/donate\">Donate<\/a><\/h4>\t\t\t\t<\/div>\n\t\t\t\t<\/div>\n\t\t\t\t<div class=\"elementor-element elementor-element-f57a322 sc_fly_static elementor-widget elementor-widget-text-editor\" data-id=\"f57a322\" data-element_type=\"widget\" data-e-type=\"widget\" data-widget_type=\"text-editor.default\">\n\t\t\t\t<div class=\"elementor-widget-container\">\n\t\t\t\t\t\t\t\t\t<p><b>Support the work to protect forests. Give a gift for nature.<\/b><\/p>\t\t\t\t\t\t\t\t<\/div>\n\t\t\t\t<\/div>\n\t\t\t\t<\/div>\n\t\t<div class=\"elementor-element elementor-element-f57152f e-con-full e-flex sc_layouts_column_icons_position_left e-con e-child\" data-id=\"f57152f\" data-element_type=\"container\" data-e-type=\"container\">\n\t\t\t\t<div class=\"elementor-element elementor-element-87a650f sc_fly_static elementor-widget elementor-widget-image\" data-id=\"87a650f\" data-element_type=\"widget\" data-e-type=\"widget\" data-widget_type=\"image.default\">\n\t\t\t\t<div class=\"elementor-widget-container\">\n\t\t\t\t\t\t\t\t\t\t\t\t\t\t\t\t<a href=\"https:\/\/skyddaskogen.se\/en\/tips-on-what-you-can-do\/\">\n\t\t\t\t\t\t\t<img decoding=\"async\" src=\"https:\/\/skyddaskogen.se\/wp-content\/uploads\/elementor\/thumbs\/bild-forsta-uppropet-hb-2024-qkvmddgnee1dmzjz4pjcll73vua4o5qm6i1fs6cev8.jpg\" title=\"Image-first-call-hb-2024\" alt=\"Last year&#039;s Research Trip took place in the forests around Lake Horten, J\u00e4mtland County. Here, an inventory is made of a pine natural forest with very high conservation values. Photo: Helena Bj\u00f6rnstr\u00f6m\" loading=\"lazy\" \/>\t\t\t\t\t\t\t\t<\/a>\n\t\t\t\t\t\t\t\t\t\t\t\t\t\t\t<\/div>\n\t\t\t\t<\/div>\n\t\t\t\t<div class=\"elementor-element elementor-element-a57d07a sc_fly_static elementor-widget elementor-widget-heading\" data-id=\"a57d07a\" data-element_type=\"widget\" data-e-type=\"widget\" data-widget_type=\"heading.default\">\n\t\t\t\t<div class=\"elementor-widget-container\">\n\t\t\t\t\t<h4 class=\"elementor-heading-title elementor-size-default\"><a href=\"https:\/\/skyddaskogen.se\/en\/tips-on-what-you-can-do\/\">How you can help<\/a><\/h4>\t\t\t\t<\/div>\n\t\t\t\t<\/div>\n\t\t\t\t<div class=\"elementor-element elementor-element-e390418 sc_fly_static elementor-widget elementor-widget-text-editor\" data-id=\"e390418\" data-element_type=\"widget\" data-e-type=\"widget\" data-widget_type=\"text-editor.default\">\n\t\t\t\t<div class=\"elementor-widget-container\">\n\t\t\t\t\t\t\t\t\t<p><b>Simple ways to help preserve forests and wildlife.<\/b><\/p>\t\t\t\t\t\t\t\t<\/div>\n\t\t\t\t<\/div>\n\t\t\t\t<\/div>\n\t\t\t\t\t<\/div>\n\t\t\t\t<\/div>\n\t\t<div class=\"elementor-element elementor-element-fd13a03 e-flex e-con-boxed sc_layouts_column_icons_position_left e-con e-parent\" data-id=\"fd13a03\" data-element_type=\"container\" data-e-type=\"container\">\n\t\t\t\t\t<div class=\"e-con-inner\">\n\t\t\t\t<div class=\"elementor-element elementor-element-478a9ec sc_fly_static elementor-widget elementor-widget-spacer\" data-id=\"478a9ec\" data-element_type=\"widget\" data-e-type=\"widget\" data-widget_type=\"spacer.default\">\n\t\t\t\t<div class=\"elementor-widget-container\">\n\t\t\t\t\t\t\t<div class=\"elementor-spacer\">\n\t\t\t<div class=\"elementor-spacer-inner\"><\/div>\n\t\t<\/div>\n\t\t\t\t\t\t<\/div>\n\t\t\t\t<\/div>\n\t\t\t\t\t<\/div>\n\t\t\t\t<\/div>\n\t\t\t\t<\/div>\n\t\t","protected":false},"excerpt":{"rendered":"<p>Get involved There are many ways you can get involved and support our work to protect Sweden\u2019s forests. Together, we can make a real difference. How would you like to&hellip;<\/p>\n","protected":false},"author":32,"featured_media":0,"parent":0,"menu_order":0,"comment_status":"closed","ping_status":"closed","template":"","meta":{"give_campaign_id":0,"_price":"","_stock":"","_tribe_ticket_header":"","_tribe_default_ticket_provider":"","_tribe_ticket_capacity":"0","_ticket_start_date":"","_ticket_end_date":"","_tribe_ticket_show_description":"","_tribe_ticket_show_not_going":false,"_tribe_ticket_use_global_stock":"","_tribe_ticket_global_stock_level":"","_global_stock_mode":"","_global_stock_cap":"","_tribe_rsvp_for_event":"","_tribe_ticket_going_count":"","_tribe_ticket_not_going_count":"","_tribe_tickets_list":"[]","_tribe_ticket_has_attendee_info_fields":false,"footnotes":"","_tec_slr_enabled":"","_tec_slr_layout":""},"class_list":["post-38766","page","type-page","status-publish","hentry"],"yoast_head":"<!-- This site is optimized with the Yoast SEO plugin v27.4 - https:\/\/yoast.com\/product\/yoast-seo-wordpress\/ -->\n<title>Get involved - Skydda Skogen<\/title>\n<meta name=\"robots\" content=\"index, follow, max-snippet:-1, max-image-preview:large, max-video-preview:-1\" \/>\n<link rel=\"canonical\" href=\"https:\/\/skyddaskogen.se\/en\/get-involved\/\" \/>\n<meta property=\"og:locale\" content=\"en_US\" \/>\n<meta property=\"og:type\" content=\"article\" \/>\n<meta property=\"og:title\" content=\"Get involved - Skydda Skogen\" \/>\n<meta property=\"og:description\" content=\"Get involved There are many ways you can get involved and support our work to protect Sweden\u2019s forests. Together, we can make a real difference. How would you like to&hellip;\" \/>\n<meta property=\"og:url\" content=\"https:\/\/skyddaskogen.se\/en\/get-involved\/\" \/>\n<meta property=\"og:site_name\" content=\"Skydda Skogen\" \/>\n<meta property=\"article:publisher\" content=\"https:\/\/www.facebook.com\/groups\/54996954022\/\" \/>\n<meta property=\"article:modified_time\" content=\"2025-11-07T15:09:10+00:00\" \/>\n<meta property=\"og:image\" content=\"https:\/\/skyddaskogen.se\/wp-content\/uploads\/elementor\/thumbs\/bild-forsta-uppropet-helena-bjornstrom-pp0ipiijbko3b6pg47zs2hl2rymznrnzyknela0imc.jpg\" \/>\n<meta name=\"twitter:card\" content=\"summary_large_image\" \/>\n<meta name=\"twitter:site\" content=\"@skyddaskogen\" \/>\n<meta name=\"twitter:label1\" content=\"Est. reading time\" \/>\n\t<meta name=\"twitter:data1\" content=\"1 minute\" \/>\n<script type=\"application\/ld+json\" class=\"yoast-schema-graph\">{\"@context\":\"https:\\\/\\\/schema.org\",\"@graph\":[{\"@type\":\"WebPage\",\"@id\":\"https:\\\/\\\/skyddaskogen.se\\\/en\\\/get-involved\\\/\",\"url\":\"https:\\\/\\\/skyddaskogen.se\\\/en\\\/get-involved\\\/\",\"name\":\"Get involved - Skydda Skogen\",\"isPartOf\":{\"@id\":\"https:\\\/\\\/skyddaskogen.se\\\/#website\"},\"primaryImageOfPage\":{\"@id\":\"https:\\\/\\\/skyddaskogen.se\\\/en\\\/get-involved\\\/#primaryimage\"},\"image\":{\"@id\":\"https:\\\/\\\/skyddaskogen.se\\\/en\\\/get-involved\\\/#primaryimage\"},\"thumbnailUrl\":\"https:\\\/\\\/skyddaskogen.se\\\/wp-content\\\/uploads\\\/elementor\\\/thumbs\\\/bild-forsta-uppropet-helena-bjornstrom-pp0ipiijbko3b6pg47zs2hl2rymznrnzyknela0imc.jpg\",\"datePublished\":\"2025-01-10T16:07:49+00:00\",\"dateModified\":\"2025-11-07T15:09:10+00:00\",\"breadcrumb\":{\"@id\":\"https:\\\/\\\/skyddaskogen.se\\\/en\\\/get-involved\\\/#breadcrumb\"},\"inLanguage\":\"en-US\",\"potentialAction\":[{\"@type\":\"ReadAction\",\"target\":[\"https:\\\/\\\/skyddaskogen.se\\\/en\\\/get-involved\\\/\"]}]},{\"@type\":\"ImageObject\",\"inLanguage\":\"en-US\",\"@id\":\"https:\\\/\\\/skyddaskogen.se\\\/en\\\/get-involved\\\/#primaryimage\",\"url\":\"https:\\\/\\\/skyddaskogen.se\\\/wp-content\\\/uploads\\\/elementor\\\/thumbs\\\/bild-forsta-uppropet-helena-bjornstrom-pp0ipiijbko3b6pg47zs2hl2rymznrnzyknela0imc.jpg\",\"contentUrl\":\"https:\\\/\\\/skyddaskogen.se\\\/wp-content\\\/uploads\\\/elementor\\\/thumbs\\\/bild-forsta-uppropet-helena-bjornstrom-pp0ipiijbko3b6pg47zs2hl2rymznrnzyknela0imc.jpg\"},{\"@type\":\"BreadcrumbList\",\"@id\":\"https:\\\/\\\/skyddaskogen.se\\\/en\\\/get-involved\\\/#breadcrumb\",\"itemListElement\":[{\"@type\":\"ListItem\",\"position\":1,\"name\":\"Home\",\"item\":\"https:\\\/\\\/skyddaskogen.se\\\/en\\\/protect-the-forest\\\/\"},{\"@type\":\"ListItem\",\"position\":2,\"name\":\"Get involved\"}]},{\"@type\":\"WebSite\",\"@id\":\"https:\\\/\\\/skyddaskogen.se\\\/#website\",\"url\":\"https:\\\/\\\/skyddaskogen.se\\\/\",\"name\":\"Skydda Skogen\",\"description\":\"For the protection of old forests and natural near-farms\",\"publisher\":{\"@id\":\"https:\\\/\\\/skyddaskogen.se\\\/#organization\"},\"potentialAction\":[{\"@type\":\"SearchAction\",\"target\":{\"@type\":\"EntryPoint\",\"urlTemplate\":\"https:\\\/\\\/skyddaskogen.se\\\/?s={search_term_string}\"},\"query-input\":{\"@type\":\"PropertyValueSpecification\",\"valueRequired\":true,\"valueName\":\"search_term_string\"}}],\"inLanguage\":\"en-US\"},{\"@type\":\"Organization\",\"@id\":\"https:\\\/\\\/skyddaskogen.se\\\/#organization\",\"name\":\"Skydda Skogen\",\"url\":\"https:\\\/\\\/skyddaskogen.se\\\/\",\"logo\":{\"@type\":\"ImageObject\",\"inLanguage\":\"en-US\",\"@id\":\"https:\\\/\\\/skyddaskogen.se\\\/#\\\/schema\\\/logo\\\/image\\\/\",\"url\":\"https:\\\/\\\/skyddaskogen.se\\\/wp-content\\\/uploads\\\/2020\\\/09\\\/skyddaskogen.se_favicon-1.png\",\"contentUrl\":\"https:\\\/\\\/skyddaskogen.se\\\/wp-content\\\/uploads\\\/2020\\\/09\\\/skyddaskogen.se_favicon-1.png\",\"width\":256,\"height\":256,\"caption\":\"Skydda Skogen\"},\"image\":{\"@id\":\"https:\\\/\\\/skyddaskogen.se\\\/#\\\/schema\\\/logo\\\/image\\\/\"},\"sameAs\":[\"https:\\\/\\\/www.facebook.com\\\/groups\\\/54996954022\\\/\",\"https:\\\/\\\/x.com\\\/skyddaskogen\",\"https:\\\/\\\/www.instagram.com\\\/skyddaskogen\\\/\",\"https:\\\/\\\/www.youtube.com\\\/channel\\\/UCHJVIc9sptUj-qPek3Imitw\"]}]}<\/script>\n<!-- \/ Yoast SEO plugin. -->","yoast_head_json":{"title":"Get involved - Skydda Skogen","robots":{"index":"index","follow":"follow","max-snippet":"max-snippet:-1","max-image-preview":"max-image-preview:large","max-video-preview":"max-video-preview:-1"},"canonical":"https:\/\/skyddaskogen.se\/en\/get-involved\/","og_locale":"en_US","og_type":"article","og_title":"Get involved - Skydda Skogen","og_description":"Get involved There are many ways you can get involved and support our work to protect Sweden\u2019s forests. Together, we can make a real difference. How would you like to&hellip;","og_url":"https:\/\/skyddaskogen.se\/en\/get-involved\/","og_site_name":"Skydda Skogen","article_publisher":"https:\/\/www.facebook.com\/groups\/54996954022\/","article_modified_time":"2025-11-07T15:09:10+00:00","og_image":[{"url":"https:\/\/skyddaskogen.se\/wp-content\/uploads\/elementor\/thumbs\/bild-forsta-uppropet-helena-bjornstrom-pp0ipiijbko3b6pg47zs2hl2rymznrnzyknela0imc.jpg","type":"","width":"","height":""}],"twitter_card":"summary_large_image","twitter_site":"@skyddaskogen","twitter_misc":{"Est. reading time":"1 minute"},"schema":{"@context":"https:\/\/schema.org","@graph":[{"@type":"WebPage","@id":"https:\/\/skyddaskogen.se\/en\/get-involved\/","url":"https:\/\/skyddaskogen.se\/en\/get-involved\/","name":"Get involved - Skydda Skogen","isPartOf":{"@id":"https:\/\/skyddaskogen.se\/#website"},"primaryImageOfPage":{"@id":"https:\/\/skyddaskogen.se\/en\/get-involved\/#primaryimage"},"image":{"@id":"https:\/\/skyddaskogen.se\/en\/get-involved\/#primaryimage"},"thumbnailUrl":"https:\/\/skyddaskogen.se\/wp-content\/uploads\/elementor\/thumbs\/bild-forsta-uppropet-helena-bjornstrom-pp0ipiijbko3b6pg47zs2hl2rymznrnzyknela0imc.jpg","datePublished":"2025-01-10T16:07:49+00:00","dateModified":"2025-11-07T15:09:10+00:00","breadcrumb":{"@id":"https:\/\/skyddaskogen.se\/en\/get-involved\/#breadcrumb"},"inLanguage":"en-US","potentialAction":[{"@type":"ReadAction","target":["https:\/\/skyddaskogen.se\/en\/get-involved\/"]}]},{"@type":"ImageObject","inLanguage":"en-US","@id":"https:\/\/skyddaskogen.se\/en\/get-involved\/#primaryimage","url":"https:\/\/skyddaskogen.se\/wp-content\/uploads\/elementor\/thumbs\/bild-forsta-uppropet-helena-bjornstrom-pp0ipiijbko3b6pg47zs2hl2rymznrnzyknela0imc.jpg","contentUrl":"https:\/\/skyddaskogen.se\/wp-content\/uploads\/elementor\/thumbs\/bild-forsta-uppropet-helena-bjornstrom-pp0ipiijbko3b6pg47zs2hl2rymznrnzyknela0imc.jpg"},{"@type":"BreadcrumbList","@id":"https:\/\/skyddaskogen.se\/en\/get-involved\/#breadcrumb","itemListElement":[{"@type":"ListItem","position":1,"name":"Home","item":"https:\/\/skyddaskogen.se\/en\/protect-the-forest\/"},{"@type":"ListItem","position":2,"name":"Get involved"}]},{"@type":"WebSite","@id":"https:\/\/skyddaskogen.se\/#website","url":"https:\/\/skyddaskogen.se\/","name":"Skydda Skogen","description":"For the protection of old forests and natural near-farms","publisher":{"@id":"https:\/\/skyddaskogen.se\/#organization"},"potentialAction":[{"@type":"SearchAction","target":{"@type":"EntryPoint","urlTemplate":"https:\/\/skyddaskogen.se\/?s={search_term_string}"},"query-input":{"@type":"PropertyValueSpecification","valueRequired":true,"valueName":"search_term_string"}}],"inLanguage":"en-US"},{"@type":"Organization","@id":"https:\/\/skyddaskogen.se\/#organization","name":"Skydda Skogen","url":"https:\/\/skyddaskogen.se\/","logo":{"@type":"ImageObject","inLanguage":"en-US","@id":"https:\/\/skyddaskogen.se\/#\/schema\/logo\/image\/","url":"https:\/\/skyddaskogen.se\/wp-content\/uploads\/2020\/09\/skyddaskogen.se_favicon-1.png","contentUrl":"https:\/\/skyddaskogen.se\/wp-content\/uploads\/2020\/09\/skyddaskogen.se_favicon-1.png","width":256,"height":256,"caption":"Skydda Skogen"},"image":{"@id":"https:\/\/skyddaskogen.se\/#\/schema\/logo\/image\/"},"sameAs":["https:\/\/www.facebook.com\/groups\/54996954022\/","https:\/\/x.com\/skyddaskogen","https:\/\/www.instagram.com\/skyddaskogen\/","https:\/\/www.youtube.com\/channel\/UCHJVIc9sptUj-qPek3Imitw"]}]}},"campaignId":"","ticketed":false,"_links":{"self":[{"href":"https:\/\/skyddaskogen.se\/en\/wp-json\/wp\/v2\/pages\/38766","targetHints":{"allow":["GET"]}}],"collection":[{"href":"https:\/\/skyddaskogen.se\/en\/wp-json\/wp\/v2\/pages"}],"about":[{"href":"https:\/\/skyddaskogen.se\/en\/wp-json\/wp\/v2\/types\/page"}],"author":[{"embeddable":true,"href":"https:\/\/skyddaskogen.se\/en\/wp-json\/wp\/v2\/users\/32"}],"replies":[{"embeddable":true,"href":"https:\/\/skyddaskogen.se\/en\/wp-json\/wp\/v2\/comments?post=38766"}],"version-history":[{"count":93,"href":"https:\/\/skyddaskogen.se\/en\/wp-json\/wp\/v2\/pages\/38766\/revisions"}],"predecessor-version":[{"id":67759,"href":"https:\/\/skyddaskogen.se\/en\/wp-json\/wp\/v2\/pages\/38766\/revisions\/67759"}],"wp:attachment":[{"href":"https:\/\/skyddaskogen.se\/en\/wp-json\/wp\/v2\/media?parent=38766"}],"curies":[{"name":"wp","href":"https:\/\/api.w.org\/{rel}","templated":true}]}}