{"id":70089,"date":"2026-03-16T22:04:24","date_gmt":"2026-03-16T21:04:24","guid":{"rendered":"https:\/\/skyddaskogen.se\/activities\/the-research-trip\/"},"modified":"2026-03-26T16:38:19","modified_gmt":"2026-03-26T15:38:19","slug":"the-research-trip","status":"publish","type":"page","link":"https:\/\/skyddaskogen.se\/en\/activities\/the-research-trip\/","title":{"rendered":"The research trip"},"content":{"rendered":"\n<h2 class=\"wp-block-heading\">The research trip<\/h2>\n\n<div class=\"wp-block-columns is-layout-flex wp-container-core-columns-is-layout-9d6595d7 wp-block-columns-is-layout-flex\">\n<div class=\"wp-block-column is-layout-flow wp-block-column-is-layout-flow\">\n<p>For over 30 years, <a href=\"https:\/\/www.naturskyddsforeningen.se\/\" type=\"link\" id=\"https:\/\/www.naturskyddsforeningen.se\/\" target=\"_blank\" rel=\"noreferrer noopener\">the Swedish Society for Nature Conservation<\/a> and Protect the Forest have been organising the &#8220;Research Trip in the Wilderness of Nature Conservation&#8221; every summer, a non-profit inventory week of unprotected forest that often takes place in northern Sweden. During the trip, endangered species and important natural forest areas are documented, which contributes to the work for long-term protection of Sweden&#8217;s forests. <\/p>\n\n\n\n<p>The forests that are inventoried during the Research Trip have high conservation values and many are natural forests that Sweden has committed to provide long-term protection by 2030 at the latest. The research trip is also an opportunity for participants to learn how to inventory forests, recognize conservation species and share knowledge with other nature and forest enthusiasts. <\/p>\n<\/div>\n\n\n\n<div class=\"wp-block-column is-layout-flow wp-block-column-is-layout-flow\">\n<figure class=\"wp-block-image size-full has-custom-border\"><img fetchpriority=\"high\" decoding=\"async\" width=\"1000\" height=\"666\" src=\"https:\/\/skyddaskogen.se\/wp-content\/uploads\/2022\/05\/bild-forsta-uppropet-helena-bjornstrom.jpg\" alt=\"The 2019 research trip to Ljungdalen.\" class=\"wp-image-28884\" style=\"border-top-left-radius:20px;border-top-right-radius:20px;border-bottom-left-radius:20px;border-bottom-right-radius:20px\" srcset=\"https:\/\/skyddaskogen.se\/wp-content\/uploads\/2022\/05\/bild-forsta-uppropet-helena-bjornstrom.jpg 1000w, https:\/\/skyddaskogen.se\/wp-content\/uploads\/2022\/05\/bild-forsta-uppropet-helena-bjornstrom-300x200.jpg 300w, https:\/\/skyddaskogen.se\/wp-content\/uploads\/2022\/05\/bild-forsta-uppropet-helena-bjornstrom-768x511.jpg 768w, https:\/\/skyddaskogen.se\/wp-content\/uploads\/2022\/05\/bild-forsta-uppropet-helena-bjornstrom-570x380.jpg 570w, https:\/\/skyddaskogen.se\/wp-content\/uploads\/2022\/05\/bild-forsta-uppropet-helena-bjornstrom-380x254.jpg 380w, https:\/\/skyddaskogen.se\/wp-content\/uploads\/2022\/05\/bild-forsta-uppropet-helena-bjornstrom-285x190.jpg 285w\" sizes=\"(max-width: 1000px) 100vw, 1000px\" \/><\/figure>\n<\/div>\n<\/div>\n\n<p><\/p>\n\n<h2 class=\"wp-block-heading\">News<\/h2>\n<ul class=\"wp-block-latest-posts__list is-grid columns-3 has-dates wp-block-latest-posts\"><li><div class=\"wp-block-latest-posts__featured-image\"><a href=\"https:\/\/skyddaskogen.se\/en\/reports-from-the-research-trip-in-the-outlying-areas-of-nature-conservation-2025\/\" aria-label=\"Reports from the Research Trip in the Outlying Areas of Nature Conservation 2025\"><img decoding=\"async\" width=\"370\" height=\"247\" src=\"https:\/\/skyddaskogen.se\/wp-content\/uploads\/2024\/01\/tokberget-forskningsresan-klas-magnusson-scaled.jpeg\" class=\"attachment-trx_addons-thumb-avatar size-trx_addons-thumb-avatar wp-post-image\" alt=\"\" style=\"\" srcset=\"https:\/\/skyddaskogen.se\/wp-content\/uploads\/2024\/01\/tokberget-forskningsresan-klas-magnusson-scaled.jpeg 2560w, https:\/\/skyddaskogen.se\/wp-content\/uploads\/2024\/01\/tokberget-forskningsresan-klas-magnusson-300x200.jpeg 300w, https:\/\/skyddaskogen.se\/wp-content\/uploads\/2024\/01\/tokberget-forskningsresan-klas-magnusson-1024x683.jpeg 1024w, https:\/\/skyddaskogen.se\/wp-content\/uploads\/2024\/01\/tokberget-forskningsresan-klas-magnusson-768x512.jpeg 768w, https:\/\/skyddaskogen.se\/wp-content\/uploads\/2024\/01\/tokberget-forskningsresan-klas-magnusson-1536x1024.jpeg 1536w, https:\/\/skyddaskogen.se\/wp-content\/uploads\/2024\/01\/tokberget-forskningsresan-klas-magnusson-2048x1365.jpeg 2048w, https:\/\/skyddaskogen.se\/wp-content\/uploads\/2024\/01\/tokberget-forskningsresan-klas-magnusson-1140x760.jpeg 1140w, https:\/\/skyddaskogen.se\/wp-content\/uploads\/2024\/01\/tokberget-forskningsresan-klas-magnusson-570x380.jpeg 570w, https:\/\/skyddaskogen.se\/wp-content\/uploads\/2024\/01\/tokberget-forskningsresan-klas-magnusson-380x254.jpeg 380w, https:\/\/skyddaskogen.se\/wp-content\/uploads\/2024\/01\/tokberget-forskningsresan-klas-magnusson-285x190.jpeg 285w\" sizes=\"(max-width: 600px) 100vw, 370px\" \/><\/a><\/div><a class=\"wp-block-latest-posts__post-title\" href=\"https:\/\/skyddaskogen.se\/en\/reports-from-the-research-trip-in-the-outlying-areas-of-nature-conservation-2025\/\">Reports from the Research Trip in the Outlying Areas of Nature Conservation 2025<\/a><time datetime=\"2026-04-09T20:28:03+02:00\" class=\"wp-block-latest-posts__post-date\">2026-04-09<\/time><\/li>\n<li><div class=\"wp-block-latest-posts__featured-image\"><a href=\"https:\/\/skyddaskogen.se\/en\/forskningsresan-i-naturvardens-utmarker-v-30-juli-2025-bjurholm-vasterbottens-lan-och-korpilombolo-norrbottens-lan\/\" aria-label=\"Forskningsresan i Naturv\u00e5rdens Utmarker v. 30, juli 2025 Bjurholm, V\u00e4sterbottens l\u00e4n och Korpilombolo, Norrbottens l\u00e4n\"><img decoding=\"async\" width=\"269\" height=\"272\" src=\"https:\/\/skyddaskogen.se\/wp-content\/uploads\/2025\/03\/image-5.png\" class=\"attachment-trx_addons-thumb-avatar size-trx_addons-thumb-avatar wp-post-image\" alt=\"\" style=\"\" srcset=\"https:\/\/skyddaskogen.se\/wp-content\/uploads\/2025\/03\/image-5.png 269w, https:\/\/skyddaskogen.se\/wp-content\/uploads\/2025\/03\/image-5-120x120.png 120w\" sizes=\"(max-width: 269px) 100vw, 269px\" \/><\/a><\/div><a class=\"wp-block-latest-posts__post-title\" href=\"https:\/\/skyddaskogen.se\/en\/forskningsresan-i-naturvardens-utmarker-v-30-juli-2025-bjurholm-vasterbottens-lan-och-korpilombolo-norrbottens-lan\/\">Forskningsresan i Naturv\u00e5rdens Utmarker v. 30, juli 2025 Bjurholm, V\u00e4sterbottens l\u00e4n och Korpilombolo, Norrbottens l\u00e4n<\/a><time datetime=\"2025-04-10T17:20:00+02:00\" class=\"wp-block-latest-posts__post-date\">2025-04-10<\/time><\/li>\n<li><div class=\"wp-block-latest-posts__featured-image\"><a href=\"https:\/\/skyddaskogen.se\/en\/protect-the-forest-reports-from-the-research-excursion-in-the-swedish-nature-2024\/\" aria-label=\"Protect the Forest : Reports from the Research Excursion in the Swedish Nature 2024.\"><img loading=\"lazy\" decoding=\"async\" width=\"269\" height=\"272\" src=\"https:\/\/skyddaskogen.se\/wp-content\/uploads\/2025\/03\/image-6.png\" class=\"attachment-trx_addons-thumb-avatar size-trx_addons-thumb-avatar wp-post-image\" alt=\"\" style=\"\" srcset=\"https:\/\/skyddaskogen.se\/wp-content\/uploads\/2025\/03\/image-6.png 269w, https:\/\/skyddaskogen.se\/wp-content\/uploads\/2025\/03\/image-6-120x120.png 120w\" sizes=\"(max-width: 269px) 100vw, 269px\" \/><\/a><\/div><a class=\"wp-block-latest-posts__post-title\" href=\"https:\/\/skyddaskogen.se\/en\/protect-the-forest-reports-from-the-research-excursion-in-the-swedish-nature-2024\/\">Protect the Forest : Reports from the Research Excursion in the Swedish Nature 2024.<\/a><time datetime=\"2025-03-21T10:55:14+01:00\" class=\"wp-block-latest-posts__post-date\">2025-03-21<\/time><\/li>\n<li><div class=\"wp-block-latest-posts__featured-image\"><a href=\"https:\/\/skyddaskogen.se\/en\/two-research-trips-in-the-wilderness-of-nature-conservation-week-30-july-2025\/\" aria-label=\"Two Research Trips in the Wilderness of Nature Conservation week 30, July 2025\"><img loading=\"lazy\" decoding=\"async\" width=\"370\" height=\"370\" src=\"https:\/\/skyddaskogen.se\/wp-content\/uploads\/2025\/03\/image-370x370.png\" class=\"attachment-trx_addons-thumb-avatar size-trx_addons-thumb-avatar wp-post-image\" alt=\"\" style=\"\" srcset=\"https:\/\/skyddaskogen.se\/wp-content\/uploads\/2025\/03\/image-370x370.png 370w, https:\/\/skyddaskogen.se\/wp-content\/uploads\/2025\/03\/image-150x150.png 150w, https:\/\/skyddaskogen.se\/wp-content\/uploads\/2025\/03\/image-120x120.png 120w\" sizes=\"(max-width: 600px) 100vw, 370px\" \/><\/a><\/div><a class=\"wp-block-latest-posts__post-title\" href=\"https:\/\/skyddaskogen.se\/en\/two-research-trips-in-the-wilderness-of-nature-conservation-week-30-july-2025\/\">Two Research Trips in the Wilderness of Nature Conservation week 30, July 2025<\/a><time datetime=\"2025-03-06T14:27:00+01:00\" class=\"wp-block-latest-posts__post-date\">2025-03-06<\/time><\/li>\n<li><div class=\"wp-block-latest-posts__featured-image\"><a href=\"https:\/\/skyddaskogen.se\/en\/finally-mjalladalen-becomes-a-nature-reserve\/\" aria-label=\"Finally: Mj\u00e4ll\u00e5dalen becomes a nature reserve\"><img loading=\"lazy\" decoding=\"async\" width=\"370\" height=\"370\" src=\"https:\/\/skyddaskogen.se\/wp-content\/uploads\/2024\/11\/mjalladalen-foto-hans-sundstrom-370x370.jpg\" class=\"attachment-trx_addons-thumb-avatar size-trx_addons-thumb-avatar wp-post-image\" alt=\"Mj\u00e4ll\u00e5dalen. Photo: Hans Sundstr\u00f6m.\" style=\"\" srcset=\"https:\/\/skyddaskogen.se\/wp-content\/uploads\/2024\/11\/mjalladalen-foto-hans-sundstrom-370x370.jpg 370w, https:\/\/skyddaskogen.se\/wp-content\/uploads\/2024\/11\/mjalladalen-foto-hans-sundstrom-150x150.jpg 150w, https:\/\/skyddaskogen.se\/wp-content\/uploads\/2024\/11\/mjalladalen-foto-hans-sundstrom-120x120.jpg 120w\" sizes=\"(max-width: 600px) 100vw, 370px\" \/><\/a><\/div><a class=\"wp-block-latest-posts__post-title\" href=\"https:\/\/skyddaskogen.se\/en\/finally-mjalladalen-becomes-a-nature-reserve\/\">Finally: Mj\u00e4ll\u00e5dalen becomes a nature reserve<\/a><time datetime=\"2024-12-01T17:08:00+01:00\" class=\"wp-block-latest-posts__post-date\">2024-12-01<\/time><\/li>\n<\/ul>","protected":false},"excerpt":{"rendered":"<p>The research trip For over 30 years, the Swedish Society for Nature Conservation and Protect the Forest have been organising the &#8220;Research Trip in the Wilderness of Nature Conservation&#8221; every&hellip;<\/p>\n","protected":false},"author":32,"featured_media":0,"parent":67967,"menu_order":0,"comment_status":"closed","ping_status":"closed","template":"","meta":{"give_campaign_id":0,"_price":"","_stock":"","_tribe_ticket_header":"","_tribe_default_ticket_provider":"","_tribe_ticket_capacity":"0","_ticket_start_date":"","_ticket_end_date":"","_tribe_ticket_show_description":"","_tribe_ticket_show_not_going":false,"_tribe_ticket_use_global_stock":"","_tribe_ticket_global_stock_level":"","_global_stock_mode":"","_global_stock_cap":"","_tribe_rsvp_for_event":"","_tribe_ticket_going_count":"","_tribe_ticket_not_going_count":"","_tribe_tickets_list":"[]","_tribe_ticket_has_attendee_info_fields":false,"footnotes":"","_tec_slr_enabled":"","_tec_slr_layout":""},"class_list":["post-70089","page","type-page","status-publish","hentry"],"yoast_head":"<!-- This site is optimized with the Yoast SEO plugin v27.4 - https:\/\/yoast.com\/product\/yoast-seo-wordpress\/ -->\n<title>The research trip - Skydda Skogen<\/title>\n<meta name=\"robots\" content=\"index, follow, max-snippet:-1, max-image-preview:large, max-video-preview:-1\" \/>\n<link rel=\"canonical\" href=\"https:\/\/skyddaskogen.se\/en\/activities\/the-research-trip\/\" \/>\n<meta property=\"og:locale\" content=\"en_US\" \/>\n<meta property=\"og:type\" content=\"article\" \/>\n<meta property=\"og:title\" content=\"The research trip - Skydda Skogen\" \/>\n<meta property=\"og:description\" content=\"The research trip For over 30 years, the Swedish Society for Nature Conservation and Protect the Forest have been organising the &#8220;Research Trip in the Wilderness of Nature Conservation&#8221; every&hellip;\" \/>\n<meta property=\"og:url\" content=\"https:\/\/skyddaskogen.se\/en\/activities\/the-research-trip\/\" \/>\n<meta property=\"og:site_name\" content=\"Skydda Skogen\" \/>\n<meta property=\"article:publisher\" content=\"https:\/\/www.facebook.com\/groups\/54996954022\/\" \/>\n<meta property=\"article:modified_time\" content=\"2026-03-26T15:38:19+00:00\" \/>\n<meta property=\"og:image\" content=\"https:\/\/skyddaskogen.se\/wp-content\/uploads\/2022\/05\/bild-forsta-uppropet-helena-bjornstrom.jpg\" \/>\n\t<meta property=\"og:image:width\" content=\"1000\" \/>\n\t<meta property=\"og:image:height\" content=\"666\" \/>\n\t<meta property=\"og:image:type\" content=\"image\/jpeg\" \/>\n<meta name=\"twitter:card\" content=\"summary_large_image\" \/>\n<meta name=\"twitter:site\" content=\"@skyddaskogen\" \/>\n<meta name=\"twitter:label1\" content=\"Est. reading time\" \/>\n\t<meta name=\"twitter:data1\" content=\"1 minute\" \/>\n<script type=\"application\/ld+json\" class=\"yoast-schema-graph\">{\"@context\":\"https:\\\/\\\/schema.org\",\"@graph\":[{\"@type\":\"WebPage\",\"@id\":\"https:\\\/\\\/skyddaskogen.se\\\/en\\\/activities\\\/the-research-trip\\\/\",\"url\":\"https:\\\/\\\/skyddaskogen.se\\\/en\\\/activities\\\/the-research-trip\\\/\",\"name\":\"The research trip - Skydda Skogen\",\"isPartOf\":{\"@id\":\"https:\\\/\\\/skyddaskogen.se\\\/#website\"},\"primaryImageOfPage\":{\"@id\":\"https:\\\/\\\/skyddaskogen.se\\\/en\\\/activities\\\/the-research-trip\\\/#primaryimage\"},\"image\":{\"@id\":\"https:\\\/\\\/skyddaskogen.se\\\/en\\\/activities\\\/the-research-trip\\\/#primaryimage\"},\"thumbnailUrl\":\"https:\\\/\\\/skyddaskogen.se\\\/wp-content\\\/uploads\\\/2022\\\/05\\\/bild-forsta-uppropet-helena-bjornstrom.jpg\",\"datePublished\":\"2026-03-16T21:04:24+00:00\",\"dateModified\":\"2026-03-26T15:38:19+00:00\",\"breadcrumb\":{\"@id\":\"https:\\\/\\\/skyddaskogen.se\\\/en\\\/activities\\\/the-research-trip\\\/#breadcrumb\"},\"inLanguage\":\"en-US\",\"potentialAction\":[{\"@type\":\"ReadAction\",\"target\":[\"https:\\\/\\\/skyddaskogen.se\\\/en\\\/activities\\\/the-research-trip\\\/\"]}]},{\"@type\":\"ImageObject\",\"inLanguage\":\"en-US\",\"@id\":\"https:\\\/\\\/skyddaskogen.se\\\/en\\\/activities\\\/the-research-trip\\\/#primaryimage\",\"url\":\"https:\\\/\\\/skyddaskogen.se\\\/wp-content\\\/uploads\\\/2022\\\/05\\\/bild-forsta-uppropet-helena-bjornstrom.jpg\",\"contentUrl\":\"https:\\\/\\\/skyddaskogen.se\\\/wp-content\\\/uploads\\\/2022\\\/05\\\/bild-forsta-uppropet-helena-bjornstrom.jpg\"},{\"@type\":\"BreadcrumbList\",\"@id\":\"https:\\\/\\\/skyddaskogen.se\\\/en\\\/activities\\\/the-research-trip\\\/#breadcrumb\",\"itemListElement\":[{\"@type\":\"ListItem\",\"position\":1,\"name\":\"Home\",\"item\":\"https:\\\/\\\/skyddaskogen.se\\\/en\\\/protect-the-forest\\\/\"},{\"@type\":\"ListItem\",\"position\":2,\"name\":\"Activities\",\"item\":\"https:\\\/\\\/skyddaskogen.se\\\/en\\\/activities\\\/\"},{\"@type\":\"ListItem\",\"position\":3,\"name\":\"The research trip\"}]},{\"@type\":\"WebSite\",\"@id\":\"https:\\\/\\\/skyddaskogen.se\\\/#website\",\"url\":\"https:\\\/\\\/skyddaskogen.se\\\/\",\"name\":\"Skydda Skogen\",\"description\":\"For the protection of old forests and natural near-farms\",\"publisher\":{\"@id\":\"https:\\\/\\\/skyddaskogen.se\\\/#organization\"},\"potentialAction\":[{\"@type\":\"SearchAction\",\"target\":{\"@type\":\"EntryPoint\",\"urlTemplate\":\"https:\\\/\\\/skyddaskogen.se\\\/?s={search_term_string}\"},\"query-input\":{\"@type\":\"PropertyValueSpecification\",\"valueRequired\":true,\"valueName\":\"search_term_string\"}}],\"inLanguage\":\"en-US\"},{\"@type\":\"Organization\",\"@id\":\"https:\\\/\\\/skyddaskogen.se\\\/#organization\",\"name\":\"Skydda Skogen\",\"url\":\"https:\\\/\\\/skyddaskogen.se\\\/\",\"logo\":{\"@type\":\"ImageObject\",\"inLanguage\":\"en-US\",\"@id\":\"https:\\\/\\\/skyddaskogen.se\\\/#\\\/schema\\\/logo\\\/image\\\/\",\"url\":\"https:\\\/\\\/skyddaskogen.se\\\/wp-content\\\/uploads\\\/2020\\\/09\\\/skyddaskogen.se_favicon-1.png\",\"contentUrl\":\"https:\\\/\\\/skyddaskogen.se\\\/wp-content\\\/uploads\\\/2020\\\/09\\\/skyddaskogen.se_favicon-1.png\",\"width\":256,\"height\":256,\"caption\":\"Skydda Skogen\"},\"image\":{\"@id\":\"https:\\\/\\\/skyddaskogen.se\\\/#\\\/schema\\\/logo\\\/image\\\/\"},\"sameAs\":[\"https:\\\/\\\/www.facebook.com\\\/groups\\\/54996954022\\\/\",\"https:\\\/\\\/x.com\\\/skyddaskogen\",\"https:\\\/\\\/www.instagram.com\\\/skyddaskogen\\\/\",\"https:\\\/\\\/www.youtube.com\\\/channel\\\/UCHJVIc9sptUj-qPek3Imitw\"]}]}<\/script>\n<!-- \/ Yoast SEO plugin. -->","yoast_head_json":{"title":"The research trip - Skydda Skogen","robots":{"index":"index","follow":"follow","max-snippet":"max-snippet:-1","max-image-preview":"max-image-preview:large","max-video-preview":"max-video-preview:-1"},"canonical":"https:\/\/skyddaskogen.se\/en\/activities\/the-research-trip\/","og_locale":"en_US","og_type":"article","og_title":"The research trip - Skydda Skogen","og_description":"The research trip For over 30 years, the Swedish Society for Nature Conservation and Protect the Forest have been organising the &#8220;Research Trip in the Wilderness of Nature Conservation&#8221; every&hellip;","og_url":"https:\/\/skyddaskogen.se\/en\/activities\/the-research-trip\/","og_site_name":"Skydda Skogen","article_publisher":"https:\/\/www.facebook.com\/groups\/54996954022\/","article_modified_time":"2026-03-26T15:38:19+00:00","og_image":[{"width":1000,"height":666,"url":"https:\/\/skyddaskogen.se\/wp-content\/uploads\/2022\/05\/bild-forsta-uppropet-helena-bjornstrom.jpg","type":"image\/jpeg"}],"twitter_card":"summary_large_image","twitter_site":"@skyddaskogen","twitter_misc":{"Est. reading time":"1 minute"},"schema":{"@context":"https:\/\/schema.org","@graph":[{"@type":"WebPage","@id":"https:\/\/skyddaskogen.se\/en\/activities\/the-research-trip\/","url":"https:\/\/skyddaskogen.se\/en\/activities\/the-research-trip\/","name":"The research trip - Skydda Skogen","isPartOf":{"@id":"https:\/\/skyddaskogen.se\/#website"},"primaryImageOfPage":{"@id":"https:\/\/skyddaskogen.se\/en\/activities\/the-research-trip\/#primaryimage"},"image":{"@id":"https:\/\/skyddaskogen.se\/en\/activities\/the-research-trip\/#primaryimage"},"thumbnailUrl":"https:\/\/skyddaskogen.se\/wp-content\/uploads\/2022\/05\/bild-forsta-uppropet-helena-bjornstrom.jpg","datePublished":"2026-03-16T21:04:24+00:00","dateModified":"2026-03-26T15:38:19+00:00","breadcrumb":{"@id":"https:\/\/skyddaskogen.se\/en\/activities\/the-research-trip\/#breadcrumb"},"inLanguage":"en-US","potentialAction":[{"@type":"ReadAction","target":["https:\/\/skyddaskogen.se\/en\/activities\/the-research-trip\/"]}]},{"@type":"ImageObject","inLanguage":"en-US","@id":"https:\/\/skyddaskogen.se\/en\/activities\/the-research-trip\/#primaryimage","url":"https:\/\/skyddaskogen.se\/wp-content\/uploads\/2022\/05\/bild-forsta-uppropet-helena-bjornstrom.jpg","contentUrl":"https:\/\/skyddaskogen.se\/wp-content\/uploads\/2022\/05\/bild-forsta-uppropet-helena-bjornstrom.jpg"},{"@type":"BreadcrumbList","@id":"https:\/\/skyddaskogen.se\/en\/activities\/the-research-trip\/#breadcrumb","itemListElement":[{"@type":"ListItem","position":1,"name":"Home","item":"https:\/\/skyddaskogen.se\/en\/protect-the-forest\/"},{"@type":"ListItem","position":2,"name":"Activities","item":"https:\/\/skyddaskogen.se\/en\/activities\/"},{"@type":"ListItem","position":3,"name":"The research trip"}]},{"@type":"WebSite","@id":"https:\/\/skyddaskogen.se\/#website","url":"https:\/\/skyddaskogen.se\/","name":"Skydda Skogen","description":"For the protection of old forests and natural near-farms","publisher":{"@id":"https:\/\/skyddaskogen.se\/#organization"},"potentialAction":[{"@type":"SearchAction","target":{"@type":"EntryPoint","urlTemplate":"https:\/\/skyddaskogen.se\/?s={search_term_string}"},"query-input":{"@type":"PropertyValueSpecification","valueRequired":true,"valueName":"search_term_string"}}],"inLanguage":"en-US"},{"@type":"Organization","@id":"https:\/\/skyddaskogen.se\/#organization","name":"Skydda Skogen","url":"https:\/\/skyddaskogen.se\/","logo":{"@type":"ImageObject","inLanguage":"en-US","@id":"https:\/\/skyddaskogen.se\/#\/schema\/logo\/image\/","url":"https:\/\/skyddaskogen.se\/wp-content\/uploads\/2020\/09\/skyddaskogen.se_favicon-1.png","contentUrl":"https:\/\/skyddaskogen.se\/wp-content\/uploads\/2020\/09\/skyddaskogen.se_favicon-1.png","width":256,"height":256,"caption":"Skydda Skogen"},"image":{"@id":"https:\/\/skyddaskogen.se\/#\/schema\/logo\/image\/"},"sameAs":["https:\/\/www.facebook.com\/groups\/54996954022\/","https:\/\/x.com\/skyddaskogen","https:\/\/www.instagram.com\/skyddaskogen\/","https:\/\/www.youtube.com\/channel\/UCHJVIc9sptUj-qPek3Imitw"]}]}},"campaignId":"","ticketed":false,"_links":{"self":[{"href":"https:\/\/skyddaskogen.se\/en\/wp-json\/wp\/v2\/pages\/70089","targetHints":{"allow":["GET"]}}],"collection":[{"href":"https:\/\/skyddaskogen.se\/en\/wp-json\/wp\/v2\/pages"}],"about":[{"href":"https:\/\/skyddaskogen.se\/en\/wp-json\/wp\/v2\/types\/page"}],"author":[{"embeddable":true,"href":"https:\/\/skyddaskogen.se\/en\/wp-json\/wp\/v2\/users\/32"}],"replies":[{"embeddable":true,"href":"https:\/\/skyddaskogen.se\/en\/wp-json\/wp\/v2\/comments?post=70089"}],"version-history":[{"count":2,"href":"https:\/\/skyddaskogen.se\/en\/wp-json\/wp\/v2\/pages\/70089\/revisions"}],"predecessor-version":[{"id":70339,"href":"https:\/\/skyddaskogen.se\/en\/wp-json\/wp\/v2\/pages\/70089\/revisions\/70339"}],"up":[{"embeddable":true,"href":"https:\/\/skyddaskogen.se\/en\/wp-json\/wp\/v2\/pages\/67967"}],"wp:attachment":[{"href":"https:\/\/skyddaskogen.se\/en\/wp-json\/wp\/v2\/media?parent=70089"}],"curies":[{"name":"wp","href":"https:\/\/api.w.org\/{rel}","templated":true}]}}